{"id":2,"date":"2010-06-29T19:17:56","date_gmt":"2010-06-29T19:17:56","guid":{"rendered":""},"modified":"2010-12-21T21:27:09","modified_gmt":"2010-12-21T21:27:09","slug":"examenesed","status":"publish","type":"page","link":"https:\/\/blog.espol.edu.ec\/ecuacionesdiferenciales\/examenesed\/","title":{"rendered":"Ex\u00e1menes Ecuaciones Diferenciales"},"content":{"rendered":"<p>En la siguiente direcci\u00f3n electr\u00f3nica, se encuentran ex\u00e1menes de t\u00e9rminos anteriores que los puede descargar. Buena suerte!<\/p>\n<p><a href=\"http:\/\/www.dspace.espol.edu.ec\/handle\/123456789\/7294\" target=\"_blank\">Ecuaciones Diferenciales - Examen Parcial I - T\u00e9rmino I - 2009<\/a><\/p>\n<p><a href=\"http:\/\/www.dspace.espol.edu.ec\/handle\/123456789\/7171\" target=\"_blank\">Ecuaciones Diferenciales - Examen Mejoramiento - T\u00e9rmino I - 2008<\/a><\/p>\n<p><a href=\"http:\/\/www.dspace.espol.edu.ec\/handle\/123456789\/7040\" target=\"_blank\">Ecuaciones Diferenciales - Examen Mejoramiento - T\u00e9rmino II - 2008<\/a><\/p>\n<p><a href=\"http:\/\/www.dspace.espol.edu.ec\/handle\/123456789\/7169\" target=\"_blank\">Ecuaciones Diferenciales - Examen Mejoramiento - T\u00e9rmino III - 2007<\/a><\/p>\n<p><a href=\"http:\/\/www.dspace.espol.edu.ec\/handle\/123456789\/7173\" target=\"_blank\">Ecuaciones Diferenciales - Examen Parcial I - T\u00e9rmino I - 2007<\/a><\/p>\n<p><a href=\"http:\/\/www.dspace.espol.edu.ec\/handle\/123456789\/7170\" target=\"_blank\">Ecuaciones Diferenciales - Examen Parcial I - T\u00e9rmino I - 2008<\/a><\/p>\n<p><a title=\"Repositorio Institucional\" href=\"http:\/\/dspace.espol.edu.ec\" target=\"_blank\"><img loading=\"lazy\" decoding=\"async\" class=\"aligncenter size-full wp-image-87\" title=\"dspace\" src=\"http:\/\/blog.espol.edu.ec\/ecuacionesdiferenciales\/files\/2010\/06\/dspace2.jpg\" alt=\"\" width=\"299\" height=\"230\" \/><\/a><\/p>\n<p><a href=\"http:\/\/blog.espol.edu.ec\/ecuacionesdiferenciales\/files\/2010\/06\/dspace.jpg\"><br \/>\n<\/a><\/p>\n","protected":false},"excerpt":{"rendered":"<p>En la siguiente direcci\u00f3n electr\u00f3nica, se encuentran ex\u00e1menes de t\u00e9rminos anteriores que los puede descargar. Buena suerte! Ecuaciones Diferenciales - Examen Parcial I - T\u00e9rmino I - 2009 Ecuaciones Diferenciales - Examen Mejoramiento - T\u00e9rmino I - 2008 Ecuaciones Diferenciales - Examen Mejoramiento - T\u00e9rmino II - 2008 Ecuaciones Diferenciales - Examen Mejoramiento - T\u00e9rmino [&hellip;]<\/p>\n","protected":false},"author":92,"featured_media":0,"parent":0,"menu_order":0,"comment_status":"open","ping_status":"open","template":"","meta":{"_monsterinsights_skip_tracking":false,"_monsterinsights_sitenote_active":false,"_monsterinsights_sitenote_note":"","_monsterinsights_sitenote_category":0,"footnotes":""},"class_list":["post-2","page","type-page","status-publish","hentry"],"_links":{"self":[{"href":"https:\/\/blog.espol.edu.ec\/ecuacionesdiferenciales\/wp-json\/wp\/v2\/pages\/2","targetHints":{"allow":["GET"]}}],"collection":[{"href":"https:\/\/blog.espol.edu.ec\/ecuacionesdiferenciales\/wp-json\/wp\/v2\/pages"}],"about":[{"href":"https:\/\/blog.espol.edu.ec\/ecuacionesdiferenciales\/wp-json\/wp\/v2\/types\/page"}],"author":[{"embeddable":true,"href":"https:\/\/blog.espol.edu.ec\/ecuacionesdiferenciales\/wp-json\/wp\/v2\/users\/92"}],"replies":[{"embeddable":true,"href":"https:\/\/blog.espol.edu.ec\/ecuacionesdiferenciales\/wp-json\/wp\/v2\/comments?post=2"}],"version-history":[{"count":4,"href":"https:\/\/blog.espol.edu.ec\/ecuacionesdiferenciales\/wp-json\/wp\/v2\/pages\/2\/revisions"}],"predecessor-version":[{"id":82,"href":"https:\/\/blog.espol.edu.ec\/ecuacionesdiferenciales\/wp-json\/wp\/v2\/pages\/2\/revisions\/82"}],"wp:attachment":[{"href":"https:\/\/blog.espol.edu.ec\/ecuacionesdiferenciales\/wp-json\/wp\/v2\/media?parent=2"}],"curies":[{"name":"wp","href":"https:\/\/api.w.org\/{rel}","templated":true}]}}