{"id":6,"date":"2013-05-21T15:50:40","date_gmt":"2013-05-21T15:50:40","guid":{"rendered":"http:\/\/blog.espol.edu.ec\/edberron\/?page_id=6"},"modified":"2013-05-31T02:17:23","modified_gmt":"2013-05-31T02:17:23","slug":"mi-primera-pagina","status":"publish","type":"page","link":"https:\/\/blog.espol.edu.ec\/edberron\/mi-primera-pagina\/","title":{"rendered":"Introducci\u00f3n"},"content":{"rendered":"<p>Bienvenidos todos a mi Blog! \ud83d\ude00<\/p>\n<p>El planeta como todos conocemos, tiene diversidad de caracter\u00edsticas que son f\u00e1ciles de apreciar gracias al aporte de la <a title=\"Naturaleza\" href=\"http:\/\/es.wikipedia.org\/wiki\/Naturaleza\" target=\"_blank\">naturaleza,<\/a> esta a su vez, creo a los diferentes tipos de <a title=\"Paisajes\" href=\"http:\/\/es.wikipedia.org\/wiki\/Paisaje\" target=\"_blank\">paisajes<\/a> y <a title=\"Seres vivos\" href=\"http:\/\/es.wikipedia.org\/wiki\/Ser_vivo\" target=\"_blank\">seres vivos<\/a>, dentro de la gran diversidad de seres vivos a lo largo de la historia, apareci\u00f3 el <a title=\"Humano\" href=\"http:\/\/es.wikipedia.org\/wiki\/Homo_sapiens\" target=\"_blank\">humano<\/a>, este a dejado tambi\u00e9n huellas importantes a los largo de los a\u00f1os desde los inicios de su existencia, entre las m\u00e1s destacadas est\u00e1 el <a title=\"Folklore\" href=\"http:\/\/es.wikipedia.org\/wiki\/Folclore\" target=\"_blank\">folklore<\/a>, y en este entra el <a title=\"Lenguaje Musical\" href=\"http:\/\/es.wikipedia.org\/wiki\/Lenguaje_Musical\" target=\"_blank\">lenguaje musical<\/a>. \ud83d\ude42<\/p>\n<p>Mi blog tratar\u00e1 sobre la riqueza musical que hemos heredado de nuestros ancestros en diferentes partes del mundo, \u00a0cada pa\u00eds es \u00fanico, tiene su propia <a title=\"Identidad\" href=\"https:\/\/es.wikipedia.org\/wiki\/Identidad_cultural\" target=\"_blank\">identidad<\/a>, <a title=\"Historia\" href=\"http:\/\/es.wikipedia.org\/wiki\/Historia\" target=\"_blank\">historia<\/a>, <a title=\"Cultura\" href=\"https:\/\/es.wikipedia.org\/wiki\/Cultura\" target=\"_blank\">cultura<\/a>, pero uno de sus mas sobresalientes es\u2026 <a title=\"M\u00fasica\" href=\"http:\/\/es.wikipedia.org\/wiki\/M%C3%BAsica\" target=\"_blank\">LA M\u00daSICA<\/a>!, es el lenguaje del alma, un arte \u00fanico e irreemplazable\u00a0<img decoding=\"async\" src=\"http:\/\/blog.espol.edu.ec\/edberron\/wp-includes\/images\/smilies\/icon_wink.gif\" alt=\";)\" \/>\u00a0 pero sobre todo, la <a title=\"M\u00fasica Folcl\u00f3rica\" href=\"http:\/\/es.wikipedia.org\/wiki\/M%C3%BAsica_tradicional\" target=\"_blank\">m\u00fasica folcl\u00f3rica<\/a> es una parte MUY importante de la identidad de cada pa\u00eds, espero les guste!!\u00a0<img decoding=\"async\" src=\"http:\/\/blog.espol.edu.ec\/edberron\/wp-includes\/images\/smilies\/icon_biggrin.gif\" alt=\":D\" \/><\/p>\n<p style=\"text-align: center\"><img loading=\"lazy\" decoding=\"async\" class=\"aligncenter size-medium wp-image-20\" src=\"http:\/\/blog.espol.edu.ec\/edberron\/files\/2013\/05\/intrumentos-indigenas-300x300.jpg\" alt=\"Instrumentos de Latinoam\u00e9rica\" width=\"300\" height=\"300\" srcset=\"https:\/\/blog.espol.edu.ec\/edberron\/files\/2013\/05\/intrumentos-indigenas-300x300.jpg 300w, https:\/\/blog.espol.edu.ec\/edberron\/files\/2013\/05\/intrumentos-indigenas-150x150.jpg 150w, https:\/\/blog.espol.edu.ec\/edberron\/files\/2013\/05\/intrumentos-indigenas.jpg 550w\" sizes=\"auto, (max-width: 300px) 100vw, 300px\" \/>\n\t\t<style type=\"text\/css\">\n\t\t\t#gallery-1 {\n\t\t\t\tmargin: auto;\n\t\t\t}\n\t\t\t#gallery-1 .gallery-item {\n\t\t\t\tfloat: left;\n\t\t\t\tmargin-top: 10px;\n\t\t\t\ttext-align: center;\n\t\t\t\twidth: 33%;\n\t\t\t}\n\t\t\t#gallery-1 img {\n\t\t\t\tborder: 2px solid #cfcfcf;\n\t\t\t}\n\t\t\t#gallery-1 .gallery-caption {\n\t\t\t\tmargin-left: 0;\n\t\t\t}\n\t\t\t\/* see gallery_shortcode() in wp-includes\/media.php *\/\n\t\t<\/style>\n\t\t<div id='gallery-1' class='gallery galleryid-6 gallery-columns-3 gallery-size-thumbnail'><dl class='gallery-item'>\n\t\t\t<dt class='gallery-icon landscape'>\n\t\t\t\t<a href='https:\/\/blog.espol.edu.ec\/edberron\/mi-primera-pagina\/1796573796_959a332bc1\/'><img loading=\"lazy\" decoding=\"async\" width=\"150\" height=\"150\" src=\"https:\/\/blog.espol.edu.ec\/edberron\/files\/2013\/05\/1796573796_959a332bc1-150x150.jpg\" class=\"attachment-thumbnail size-thumbnail\" alt=\"\" \/><\/a>\n\t\t\t<\/dt><\/dl><dl class='gallery-item'>\n\t\t\t<dt class='gallery-icon landscape'>\n\t\t\t\t<a href='https:\/\/blog.espol.edu.ec\/edberron\/mi-primera-pagina\/intrumentos-india\/'><img loading=\"lazy\" decoding=\"async\" width=\"150\" height=\"150\" src=\"https:\/\/blog.espol.edu.ec\/edberron\/files\/2013\/05\/intrumentos-india-150x150.jpg\" class=\"attachment-thumbnail size-thumbnail\" alt=\"Instrumentos musicales Hind\u00faes\" \/><\/a>\n\t\t\t<\/dt><\/dl><dl class='gallery-item'>\n\t\t\t<dt class='gallery-icon landscape'>\n\t\t\t\t<a href='https:\/\/blog.espol.edu.ec\/edberron\/mi-primera-pagina\/intrumentos-europa\/'><img loading=\"lazy\" decoding=\"async\" width=\"150\" height=\"150\" src=\"https:\/\/blog.espol.edu.ec\/edberron\/files\/2013\/05\/intrumentos-europa-150x150.jpg\" class=\"attachment-thumbnail size-thumbnail\" alt=\"\" \/><\/a>\n\t\t\t<\/dt><\/dl><br style=\"clear: both\" \/><dl class='gallery-item'>\n\t\t\t<dt class='gallery-icon landscape'>\n\t\t\t\t<a href='https:\/\/blog.espol.edu.ec\/edberron\/mi-primera-pagina\/coomonte-abril\/'><img loading=\"lazy\" decoding=\"async\" width=\"150\" height=\"150\" src=\"https:\/\/blog.espol.edu.ec\/edberron\/files\/2013\/05\/Coomonte-Abril-150x150.jpg\" class=\"attachment-thumbnail size-thumbnail\" alt=\"\" \/><\/a>\n\t\t\t<\/dt><\/dl><dl class='gallery-item'>\n\t\t\t<dt class='gallery-icon landscape'>\n\t\t\t\t<a href='https:\/\/blog.espol.edu.ec\/edberron\/mi-primera-pagina\/intrumentos-indigenas\/'><img loading=\"lazy\" decoding=\"async\" width=\"150\" height=\"150\" src=\"https:\/\/blog.espol.edu.ec\/edberron\/files\/2013\/05\/intrumentos-indigenas-150x150.jpg\" class=\"attachment-thumbnail size-thumbnail\" alt=\"Instrumentos de Latinoam\u00e9rica\" srcset=\"https:\/\/blog.espol.edu.ec\/edberron\/files\/2013\/05\/intrumentos-indigenas-150x150.jpg 150w, https:\/\/blog.espol.edu.ec\/edberron\/files\/2013\/05\/intrumentos-indigenas-300x300.jpg 300w, https:\/\/blog.espol.edu.ec\/edberron\/files\/2013\/05\/intrumentos-indigenas.jpg 550w\" sizes=\"auto, (max-width: 150px) 100vw, 150px\" \/><\/a>\n\t\t\t<\/dt><\/dl><dl class='gallery-item'>\n\t\t\t<dt class='gallery-icon landscape'>\n\t\t\t\t<a href='https:\/\/blog.espol.edu.ec\/edberron\/mi-primera-pagina\/otros-intrumentos\/'><img loading=\"lazy\" decoding=\"async\" width=\"150\" height=\"150\" src=\"https:\/\/blog.espol.edu.ec\/edberron\/files\/2013\/05\/otros-intrumentos-150x150.jpg\" class=\"attachment-thumbnail size-thumbnail\" alt=\"\" \/><\/a>\n\t\t\t<\/dt><\/dl><br style=\"clear: both\" \/>\n\t\t<\/div>\n<\/p>\n","protected":false},"excerpt":{"rendered":"<p>Bienvenidos todos a mi Blog! \ud83d\ude00 El planeta como todos conocemos, tiene diversidad de caracter\u00edsticas que son f\u00e1ciles de apreciar gracias al aporte de la naturaleza, esta a su vez, creo a los diferentes tipos de paisajes y seres vivos, dentro de la gran diversidad de seres vivos a lo largo de la historia, apareci\u00f3 [&hellip;]<\/p>\n","protected":false},"author":8564,"featured_media":0,"parent":0,"menu_order":0,"comment_status":"open","ping_status":"open","template":"","meta":{"footnotes":""},"class_list":["post-6","page","type-page","status-publish","hentry"],"_links":{"self":[{"href":"https:\/\/blog.espol.edu.ec\/edberron\/wp-json\/wp\/v2\/pages\/6","targetHints":{"allow":["GET"]}}],"collection":[{"href":"https:\/\/blog.espol.edu.ec\/edberron\/wp-json\/wp\/v2\/pages"}],"about":[{"href":"https:\/\/blog.espol.edu.ec\/edberron\/wp-json\/wp\/v2\/types\/page"}],"author":[{"embeddable":true,"href":"https:\/\/blog.espol.edu.ec\/edberron\/wp-json\/wp\/v2\/users\/8564"}],"replies":[{"embeddable":true,"href":"https:\/\/blog.espol.edu.ec\/edberron\/wp-json\/wp\/v2\/comments?post=6"}],"version-history":[{"count":8,"href":"https:\/\/blog.espol.edu.ec\/edberron\/wp-json\/wp\/v2\/pages\/6\/revisions"}],"predecessor-version":[{"id":115,"href":"https:\/\/blog.espol.edu.ec\/edberron\/wp-json\/wp\/v2\/pages\/6\/revisions\/115"}],"wp:attachment":[{"href":"https:\/\/blog.espol.edu.ec\/edberron\/wp-json\/wp\/v2\/media?parent=6"}],"curies":[{"name":"wp","href":"https:\/\/api.w.org\/{rel}","templated":true}]}}