{"id":9,"date":"2014-02-15T16:04:20","date_gmt":"2014-02-15T16:04:20","guid":{"rendered":"http:\/\/blog.espol.edu.ec\/edbry\/?page_id=9"},"modified":"2014-02-15T16:04:20","modified_gmt":"2014-02-15T16:04:20","slug":"noticias-tecnologicas","status":"publish","type":"page","link":"https:\/\/blog.espol.edu.ec\/edbry\/noticias-tecnologicas\/","title":{"rendered":"noticias tecnologicas"},"content":{"rendered":"<h1>Geek de AMD arma PC \u201cespecial\u201d para pedir en matrimonio a su novia<\/h1>\n<h3><small>15 Febrero 2014<\/small><\/h3>\n<figure><img decoding=\"async\" alt=\"\" src=\"http:\/\/static.betazeta.com\/www.chw.net\/up\/2014\/02\/121-960x623.jpg\" \/><figcaption><\/figcaption>Empleado de AMD decide darler una sorpresa original a su novia el d\u00eda de San Valent\u00edn, arm\u00e1ndole una PC \u201cmatrimonial\u201d.<\/p>\n<\/figure>\n<p>Algunos geeks tienen el coraz\u00f3n sensible, y pueden ser originales en la expresi\u00f3n de su amor.<\/p>\n<p>Y para ellos qu\u00e9 mejor que utilizar lo que le gusta para pedir la mano de su novia.<\/p>\n<p>Este empleado de AMD arm\u00f3 una PC personalizada con piezas obsequiadas por AMD y Newegg .<\/p>\n<p>No dir\u00edamos que es una PC para como gamers, sino para \"geeks rom\u00e1nticos\".\u00a0 Si esto les resulta rid\u00edculo, sepan que la novia tambi\u00e9n es geek.<\/p>\n","protected":false},"excerpt":{"rendered":"<p>Geek de AMD arma PC \u201cespecial\u201d para pedir en matrimonio a su novia 15 Febrero 2014 Empleado de AMD decide darler una sorpresa original a su novia el d\u00eda de San Valent\u00edn, arm\u00e1ndole una PC \u201cmatrimonial\u201d. Algunos geeks tienen el coraz\u00f3n sensible, y pueden ser originales en la expresi\u00f3n de su amor. Y para ellos [&hellip;]<\/p>\n","protected":false},"author":8981,"featured_media":0,"parent":0,"menu_order":0,"comment_status":"open","ping_status":"open","template":"","meta":{"footnotes":""},"class_list":["post-9","page","type-page","status-publish","hentry"],"_links":{"self":[{"href":"https:\/\/blog.espol.edu.ec\/edbry\/wp-json\/wp\/v2\/pages\/9","targetHints":{"allow":["GET"]}}],"collection":[{"href":"https:\/\/blog.espol.edu.ec\/edbry\/wp-json\/wp\/v2\/pages"}],"about":[{"href":"https:\/\/blog.espol.edu.ec\/edbry\/wp-json\/wp\/v2\/types\/page"}],"author":[{"embeddable":true,"href":"https:\/\/blog.espol.edu.ec\/edbry\/wp-json\/wp\/v2\/users\/8981"}],"replies":[{"embeddable":true,"href":"https:\/\/blog.espol.edu.ec\/edbry\/wp-json\/wp\/v2\/comments?post=9"}],"version-history":[{"count":4,"href":"https:\/\/blog.espol.edu.ec\/edbry\/wp-json\/wp\/v2\/pages\/9\/revisions"}],"predecessor-version":[{"id":61,"href":"https:\/\/blog.espol.edu.ec\/edbry\/wp-json\/wp\/v2\/pages\/9\/revisions\/61"}],"wp:attachment":[{"href":"https:\/\/blog.espol.edu.ec\/edbry\/wp-json\/wp\/v2\/media?parent=9"}],"curies":[{"name":"wp","href":"https:\/\/api.w.org\/{rel}","templated":true}]}}