{"id":32,"date":"2009-06-15T00:07:51","date_gmt":"2009-06-15T04:07:51","guid":{"rendered":"http:\/\/blog.espol.edu.ec\/edel\/?page_id=32"},"modified":"2009-08-30T19:09:21","modified_gmt":"2009-08-30T23:09:21","slug":"yo-xd","status":"publish","type":"page","link":"https:\/\/blog.espol.edu.ec\/edel\/yo-xd\/","title":{"rendered":"Yo!! xD"},"content":{"rendered":"<p>Hola!!! Qu\u00e9 tal? Mi Nombre es Edwin Eduardo Del Pezo Espinoza....Soy estudiante de Ingiener\u00eda en Auditor\u00eda y Contadur\u00eda P\u00fablica Autorizada.... Tengo 16 a\u00f1os de edad... Me inici\u00e9 como estudiante en la preparatoria Reto\u00f1itos, tuve muchos logros en esa etapa, particip\u00e9 en obras teatro present\u00e1ndome en distintos lugares, llev\u00e1ndome gratos recuerdos de la instituci\u00f3n que me ayudo en mis primeros pasos como estudiante. Mis estudios primarios fueron en la Escuela Mixta Particular \"Nuevos Senderos\", fue una de las experiencias m\u00e1s grandes de mi vida, porque es una de la etapas donde los estudios y el juego eran lo m\u00e1s importante, jejeje..... obtuve muchos reconocimientos, tambi\u00e9n tuve la oportunidad de ser abanderado de la bandera de guayaquil de mi escuela, fue uno de los orgullos que le puede dar a mis queridos padres!! \ud83d\ude42<\/p>\n<p>Bueno la etapa de secundaria es una de la m\u00e1s inolvidables, pues ah\u00ed de una manera u otra aprend\u00ed muchas cosas de la vida, las relaciones son mas abiertas con los profesores, que en momentos se convierten como en nuestros segundos padres, se tiene verdaderos amigos, amigos que nunca se olvidar\u00e1n... ellos hacen que tu vida se m\u00e1s emocionante, y m\u00e1s colorida; en el colegio como ya dije aprend\u00ed mucho, me desarrolle m\u00e1s como persona, aprend\u00ed muchos valores, respondabilidad que es uno de los primeros, que servir\u00e1n para toda mi vida, tambi\u00e9n, como en la escuela, particip\u00e9 en actividades, represente al colegio con la selecci\u00f3n de f\u00fatbol, el f\u00fatbol es uno de los hobbies que m\u00e1s me gusta...!!! la m\u00fasica ocupa el segundo lugar de los hobbies jejeje, estuve a un paso de representar al cole con el grupo folkl\u00f3rico, pero en el momento decisivo no fui \ud83d\ude41 pero de igual espero en esta oportunidad , en la universidad hacerlo, Gracias al apoyo de todos los que est\u00e1n a mi lado culmin\u00e9 con \u00e9xito la secundaria.<\/p>\n<p>Ahora viene el reto mayor, la universidad, bueno espero dar todo de mi y con el apoyo de Dios y de todos mis seres queridos no dejar que nada se interponga en el objetivo que tengo apuntado!!<\/p>\n<p>Bueno en este blog les presento algunos superh\u00e9roes que han trascendido en la historia... La pasi\u00f3n por lo c\u00f3mics es uno de los sentimiento m\u00e1s profundos... Digo m\u00e1s profundos porque te hace recordar que tienes un ni\u00f1o por dentro... Esto es lo que hace esos momentos especiales al momento de leer o ver una de las historietas de los superh\u00e9roes...<br \/>\nA m\u00ed en lo personal... Me gustan muchos las historietas por lo que es una mezcla de imaginaci\u00f3n y emoci\u00f3n que le pones al momento de tener una historietas en tus manos... En mi familia no les gustan muchos la historietas pero si las pel\u00edculas... Eso no es impedimento para q los superh\u00e9roes no est\u00e9n presente... Hay muchas pel\u00edculas referentes a las historietas... Pues yo me encargar\u00e9 de informarles de todo eso que se viene... Los mantendr\u00e9 actualizado... Bueno me despido!! Espero que les guste o les haya gustasdo mi blog... Gracias por visitarme...!!!<\/p>\n","protected":false},"excerpt":{"rendered":"<p>Hola!!! Qu\u00e9 tal? Mi Nombre es Edwin Eduardo Del Pezo Espinoza....Soy estudiante de Ingiener\u00eda en Auditor\u00eda y Contadur\u00eda P\u00fablica Autorizada.... Tengo 16 a\u00f1os de edad... Me inici\u00e9 como estudiante en la preparatoria Reto\u00f1itos, tuve muchos logros en esa etapa, particip\u00e9 en obras teatro present\u00e1ndome en distintos lugares, llev\u00e1ndome gratos recuerdos de la instituci\u00f3n que me [&hellip;]<\/p>\n","protected":false},"author":1824,"featured_media":0,"parent":0,"menu_order":0,"comment_status":"open","ping_status":"open","template":"","meta":{"footnotes":""},"class_list":["post-32","page","type-page","status-publish","hentry"],"_links":{"self":[{"href":"https:\/\/blog.espol.edu.ec\/edel\/wp-json\/wp\/v2\/pages\/32","targetHints":{"allow":["GET"]}}],"collection":[{"href":"https:\/\/blog.espol.edu.ec\/edel\/wp-json\/wp\/v2\/pages"}],"about":[{"href":"https:\/\/blog.espol.edu.ec\/edel\/wp-json\/wp\/v2\/types\/page"}],"author":[{"embeddable":true,"href":"https:\/\/blog.espol.edu.ec\/edel\/wp-json\/wp\/v2\/users\/1824"}],"replies":[{"embeddable":true,"href":"https:\/\/blog.espol.edu.ec\/edel\/wp-json\/wp\/v2\/comments?post=32"}],"version-history":[{"count":10,"href":"https:\/\/blog.espol.edu.ec\/edel\/wp-json\/wp\/v2\/pages\/32\/revisions"}],"predecessor-version":[{"id":35,"href":"https:\/\/blog.espol.edu.ec\/edel\/wp-json\/wp\/v2\/pages\/32\/revisions\/35"}],"wp:attachment":[{"href":"https:\/\/blog.espol.edu.ec\/edel\/wp-json\/wp\/v2\/media?parent=32"}],"curies":[{"name":"wp","href":"https:\/\/api.w.org\/{rel}","templated":true}]}}