{"id":4,"date":"2015-03-27T12:37:14","date_gmt":"2015-03-27T12:37:14","guid":{"rendered":"http:\/\/blog.espol.edu.ec\/edelros\/?page_id=4"},"modified":"2025-04-23T13:30:16","modified_gmt":"2025-04-23T18:30:16","slug":"inicio","status":"publish","type":"page","link":"https:\/\/blog.espol.edu.ec\/edelros\/","title":{"rendered":"Bienvenidos"},"content":{"rendered":"<p>Blog personal para temas en desarrollo, ideas que se van ordenando en el tiempo. Contiene algunos experimentos complementarios de algunos temas te\u00f3ricos.<br \/>\nAgradezco sus comentarios y aportes al respecto.<\/p>\n<p><strong>Edison Del Rosario<\/strong><br \/>\nedelros@espol.edu.ec<br \/>\nIngeniero El\u00e9ctrico y Electr\u00f3nico - ESPOL<br \/>\nMaster en Telecomunicaciones ITS - Michigan State University<br \/>\nProfesor: Facultad de Ingenier\u00eda en Electricidad y Computaci\u00f3n,<br \/>\nFacultad de Ciencias Naturales y Matem\u00e1ticas,<br \/>\nEscuela Superior Polit\u00e9cnica del Litoral<\/p>\n<table>\n<tbody>\n<tr>\n<td>\n<p><figure id=\"attachment_2247\" aria-describedby=\"caption-attachment-2247\" style=\"width: 313px\" class=\"wp-caption alignnone\"><a href=\"http:\/\/blog.espol.edu.ec\/girni\/\"><img loading=\"lazy\" decoding=\"async\" class=\"wp-image-2247 \" src=\"http:\/\/blog.espol.edu.ec\/edelros\/files\/2020\/05\/GIRNI01-300x137.png\" alt=\"GIRNI\" width=\"313\" height=\"143\" srcset=\"https:\/\/blog.espol.edu.ec\/edelros\/files\/2020\/05\/GIRNI01-300x137.png 300w, https:\/\/blog.espol.edu.ec\/edelros\/files\/2020\/05\/GIRNI01-768x349.png 768w, https:\/\/blog.espol.edu.ec\/edelros\/files\/2020\/05\/GIRNI01-1024x466.png 1024w, https:\/\/blog.espol.edu.ec\/edelros\/files\/2020\/05\/GIRNI01.png 1200w\" sizes=\"auto, (max-width: 313px) 100vw, 313px\" \/><\/a><figcaption id=\"caption-attachment-2247\" class=\"wp-caption-text\"><strong>G<\/strong>rupo de <strong>I<\/strong>nvestigaci\u00f3n de <strong>R<\/strong>edes de i<strong>N<\/strong>formaci\u00f3n <strong>I<\/strong>nal\u00e1mbricas<\/figcaption><\/figure><\/td>\n<td><a href=\"http:\/\/blog.espol.edu.ec\/analisisnumerico\/\"><img loading=\"lazy\" decoding=\"async\" class=\"alignnone size-full wp-image-2281\" src=\"http:\/\/blog.espol.edu.ec\/edelros\/files\/2021\/02\/matg1052.png\" alt=\"\" width=\"322\" height=\"147\" srcset=\"https:\/\/blog.espol.edu.ec\/edelros\/files\/2021\/02\/matg1052.png 322w, https:\/\/blog.espol.edu.ec\/edelros\/files\/2021\/02\/matg1052-300x137.png 300w\" sizes=\"auto, (max-width: 322px) 100vw, 322px\" \/><\/a><em>MATG1052<\/em><br \/>\n<em>M\u00e9todos Num\u00e9ricos<\/em><\/td>\n<\/tr>\n<tr>\n<td><a href=\"http:\/\/blog.espol.edu.ec\/ccpg1001\" target=\"_blank\" rel=\"http:\/\/blog.espol.edu.ec\/ccpg1001\/ noopener\"><img loading=\"lazy\" decoding=\"async\" class=\"alignnone wp-image-2300 size-medium\" src=\"http:\/\/blog.espol.edu.ec\/edelros\/files\/2021\/09\/BlogBanner01pequenio-300x134.png\" alt=\"\" width=\"300\" height=\"134\" srcset=\"https:\/\/blog.espol.edu.ec\/edelros\/files\/2021\/09\/BlogBanner01pequenio-300x134.png 300w, https:\/\/blog.espol.edu.ec\/edelros\/files\/2021\/09\/BlogBanner01pequenio.png 386w\" sizes=\"auto, (max-width: 300px) 100vw, 300px\" \/><\/a><\/p>\n<p><a href=\"http:\/\/blog.espol.edu.ec\/ccpg1001\/\">CCPG1001 Fundamentos de Programaci\u00f3n<\/a><\/td>\n<td><a href=\"http:\/\/blog.espol.edu.ec\/telg1001\"><img loading=\"lazy\" decoding=\"async\" class=\"alignnone wp-image-2305 size-medium\" src=\"http:\/\/blog.espol.edu.ec\/edelros\/files\/2021\/09\/TELG1001Se\u00f1alesSistemasBanner01peque\u00f1o-300x160.png\" alt=\"\" width=\"300\" height=\"160\" srcset=\"https:\/\/blog.espol.edu.ec\/edelros\/files\/2021\/09\/TELG1001Se\u00f1alesSistemasBanner01peque\u00f1o-300x160.png 300w, https:\/\/blog.espol.edu.ec\/edelros\/files\/2021\/09\/TELG1001Se\u00f1alesSistemasBanner01peque\u00f1o.png 400w\" sizes=\"auto, (max-width: 300px) 100vw, 300px\" \/><\/a><\/p>\n<p><a href=\"http:\/\/blog.espol.edu.ec\/telg1001\/\">TELG1001 Se\u00f1ales y Sistemas<\/a><\/td>\n<\/tr>\n<\/tbody>\n<\/table>\n<hr \/>\n<p><a href=\"http:\/\/blog.espol.edu.ec\/edelros\/files\/2021\/07\/YoutubeLogo01.png\"><img loading=\"lazy\" decoding=\"async\" class=\"alignnone size-full wp-image-2296\" src=\"http:\/\/blog.espol.edu.ec\/edelros\/files\/2021\/07\/YoutubeLogo01.png\" alt=\"\" width=\"20\" height=\"13\" \/><\/a> <a href=\"https:\/\/www.youtube.com\/c\/edisondelrosario\">edisondelrosario<\/a><\/p>\n<p><a href=\"http:\/\/blog.espol.edu.ec\/ccpg1001\/files\/2021\/07\/facebookLogo02.png\"><img loading=\"lazy\" decoding=\"async\" class=\"alignnone wp-image-2297 size-full\" src=\"http:\/\/blog.espol.edu.ec\/ccpg1001\/files\/2021\/07\/facebookLogo02.png\" alt=\"\" width=\"20\" height=\"19\" \/><\/a> <a href=\"https:\/\/www.facebook.com\/edelrosespol\/\">edelrosespol<\/a><\/p>\n<p><a href=\"http:\/\/blog.espol.edu.ec\/edelros\/files\/2021\/07\/InstagramLogo01.png\"><img loading=\"lazy\" decoding=\"async\" class=\"alignnone wp-image-2297 size-full\" src=\"http:\/\/blog.espol.edu.ec\/edelros\/files\/2021\/07\/InstagramLogo01.png\" alt=\"\" width=\"20\" height=\"19\" \/><\/a> <a href=\"https:\/\/www.instagram.com\/edelrosespol\/\">edelrosespol<\/a><\/p>\n<p>&nbsp;<\/p>\n","protected":false},"excerpt":{"rendered":"<p>Blog personal para temas en desarrollo, ideas que se van ordenando en el tiempo. Contiene algunos experimentos complementarios de algunos temas te\u00f3ricos. Agradezco sus comentarios y aportes al respecto. Edison Del Rosario edelros@espol.edu.ec Ingeniero El\u00e9ctrico y Electr\u00f3nico - ESPOL Master en Telecomunicaciones ITS - Michigan State University Profesor: Facultad de Ingenier\u00eda en Electricidad y Computaci\u00f3n, &hellip; <a href=\"https:\/\/blog.espol.edu.ec\/edelros\/\" class=\"more-link\">Sigue leyendo <span class=\"screen-reader-text\">Bienvenidos<\/span><\/a><\/p>\n","protected":false},"author":8043,"featured_media":0,"parent":0,"menu_order":0,"comment_status":"closed","ping_status":"closed","template":"","meta":{"footnotes":""},"class_list":["post-4","page","type-page","status-publish","hentry"],"_links":{"self":[{"href":"https:\/\/blog.espol.edu.ec\/edelros\/wp-json\/wp\/v2\/pages\/4","targetHints":{"allow":["GET"]}}],"collection":[{"href":"https:\/\/blog.espol.edu.ec\/edelros\/wp-json\/wp\/v2\/pages"}],"about":[{"href":"https:\/\/blog.espol.edu.ec\/edelros\/wp-json\/wp\/v2\/types\/page"}],"author":[{"embeddable":true,"href":"https:\/\/blog.espol.edu.ec\/edelros\/wp-json\/wp\/v2\/users\/8043"}],"replies":[{"embeddable":true,"href":"https:\/\/blog.espol.edu.ec\/edelros\/wp-json\/wp\/v2\/comments?post=4"}],"version-history":[{"count":58,"href":"https:\/\/blog.espol.edu.ec\/edelros\/wp-json\/wp\/v2\/pages\/4\/revisions"}],"predecessor-version":[{"id":2243,"href":"https:\/\/blog.espol.edu.ec\/edelros\/wp-json\/wp\/v2\/pages\/4\/revisions\/2243"}],"wp:attachment":[{"href":"https:\/\/blog.espol.edu.ec\/edelros\/wp-json\/wp\/v2\/media?parent=4"}],"curies":[{"name":"wp","href":"https:\/\/api.w.org\/{rel}","templated":true}]}}