{"id":51,"date":"2016-05-21T21:13:59","date_gmt":"2016-05-21T21:13:59","guid":{"rendered":"http:\/\/blog.espol.edu.ec\/edujasua\/?page_id=51"},"modified":"2016-05-21T21:13:59","modified_gmt":"2016-05-21T21:13:59","slug":"jergas-que-usan-los-guayaquilenos","status":"publish","type":"page","link":"https:\/\/blog.espol.edu.ec\/edujasua\/jergas-que-usan-los-guayaquilenos\/","title":{"rendered":"Jergas que usan los Guayaquile\u00f1os."},"content":{"rendered":"<p><strong>0. El guayaquile\u00f1o no es guayaquile\u00f1o.<\/strong><br \/>\nEs guayaco.<\/p>\n<p><strong>1. El guayaco no trabaja <em>freelance<\/em>.<\/strong><br \/>\nCachuelea.<\/p>\n<p><strong>2. El guayaco no encuentra algo muy c\u00f3mico.<\/strong><br \/>\nLe parece un cague de risa.<\/p>\n<p><strong>3. El guayaco no est\u00e1 enamorado.<\/strong><br \/>\nEst\u00e1 metido, engrupido o calzoneado.<\/p>\n<p><strong>4. El guayaco no es valiente.<\/strong><br \/>\nEs chepo, un arrecho o <em>hasta las huevas<\/em>.<\/p>\n<p><strong>5. El guayaco no tiene resaca.<\/strong><br \/>\nTiene chuchaqui.<\/p>\n<p><strong>6. El guayaco no tiene amigos.<\/strong><br \/>\nTiene panas, \u201cbodis\u201d, \u00f1a\u00f1os, o llaves.<\/p>\n<p><strong>7. El guayaco no sobrepiensa.<\/strong><br \/>\nTripea.<\/p>\n<p><strong>8. El guayaco no tiene enamorada o enamorado.<\/strong><br \/>\nTiene pelada o pelado.<\/p>\n<p><strong>9. El guayaco no teme.<\/strong><br \/>\nSe aculilla, arruga, o achica.<\/p>\n<p><strong>10. El guayaco no es divertido.<\/strong><br \/>\nEs la joda.<\/p>\n<p><strong>11. El guayaco no \u201cte entiende\u201d.<\/strong><br \/>\n\u201cSi te cacha\u201d o \u201csi muerde\u201d.<\/p>\n<p><strong>12. El guayaco no llama la atenci\u00f3n.<\/strong><br \/>\nEs l\u00e1mpara.<\/p>\n<p><strong>13. El guayaco no est\u00e1 atento.<\/strong><br \/>\nPara bola, est\u00e1 mosca o est\u00e1 once.<\/p>\n<p><strong>14. Al guayaco no le da diarrea.<\/strong><br \/>\nLe da churrete, cagadera o la voladora.<\/p>\n<p><strong>15. El guayaco no dice tonter\u00edas.<\/strong><br \/>\nHabla huevadas.<\/p>\n<p><strong>16. El guayaco no es una persona.<\/strong><br \/>\nEs \u201cun man\u201d o \u201cuna man\u201d.<\/p>\n<p><strong>17. El guayaco no se burla.<\/strong><br \/>\nTe encama huevadas, achaca, raya, corre l\u00e1mpara o te batracea.<\/p>\n<p><strong>18. El guayaco no seduce.<\/strong><br \/>\nLanza los perros, revuela, levanta, hace el encame o mete carpeta.<\/p>\n<p><strong>19. Y no conquista con su manera de hablar<\/strong>.<br \/>\nMete labia o calienta oreja.<\/p>\n<p><strong>20. El guayaco no se esfuerza demasiado.<\/strong><br \/>\nSe saca la recontra p*ta.<\/p>\n<p><strong>21. El guayaco no se enoja.<\/strong><br \/>\nSe emputa, arrecha, frijolea, cabrea o pica.<\/p>\n<p><strong>22. El guayaco no llama por el nombre a sus amigos.<\/strong><br \/>\nSon sus \u201cmijitas\u201d o \u201cmamitas\u201d\u2026 entre otros.<\/p>\n<p><strong>23. El guayaco no orina.<\/strong><br \/>\nMea.<\/p>\n<p><strong>24. El guayaco no tiene una edad menor.<\/strong><br \/>\nEs pelado <em>culocagado<\/em>.<\/p>\n<p><strong>25. El guayaco no tiene mala suerte.<\/strong><br \/>\nEs salado.<\/p>\n<p><strong>26. Al guayaco no le enga\u00f1an.<\/strong><br \/>\nLe ven las huevas.<\/p>\n<p><strong>27. El guayaco no molesta.<\/strong><br \/>\nEs ladilla.<\/p>\n<p><strong>28. El guayaco no te confunde.<\/strong><br \/>\nTe amaga o te hace bolas.<\/p>\n<p><strong>29. El guayaco no est\u00e1 en una mala situaci\u00f3n. <\/strong><br \/>\nPag\u00f3 piso, se cag\u00f3, est\u00e1 jodido.<\/p>\n<p><strong>30. El guayaco no se va de fiesta.<\/strong><br \/>\nFarrea.<\/p>\n<p><strong>31. El guayaco no se esconde.<\/strong><br \/>\nSe tapi\u00f1a.<\/p>\n<p><strong>32. El guayaco no es molestoso.<\/strong><br \/>\nEs pelante.<\/p>\n<p><strong>33. El guayaco no se pone triste.<\/strong><br \/>\nSe bajonea o maltripea.<\/p>\n<p><strong>34. El guayaco no se emborracha.<\/strong><br \/>\nEst\u00e1 <em>happy<\/em> o se empluta.<\/p>\n<p><strong>35. Y no se emborracha demasiado.<\/strong><br \/>\nEst\u00e1 paquete o se hace bolsa.<\/p>\n<p><strong>36. El guayaco no se cansa.<\/strong><br \/>\n\u201cYa no jala\u201d.<\/p>\n<p><strong>37. Para un guayaco, algo no es interesante.<\/strong><br \/>\nEs ch\u00e9vere, dato o bac\u00e1n.<\/p>\n<p><strong>38. El guayaco no va de visita.<\/strong><br \/>\nCae.<\/p>\n<p><strong>39. El guayaco no espera.<\/strong><br \/>\nAguanta.<\/p>\n<p><strong>40. Al guayaco no lo timan.<\/strong><br \/>\nLe meten el dedo.<\/p>\n<p><strong>41. El guayaco no es infiel.<\/strong><br \/>\nMete cachos.<\/p>\n<p><strong>42. El guayaco no es adinerado.<\/strong><br \/>\nEs billeteado, ani\u00f1ado o peluc\u00f3n.<\/p>\n<p><strong>43. El ecuatoriano no es descarado.<\/strong><br \/>\nEs caretuco.<\/p>\n<p><strong>44. El guayaco no camina.<\/strong><br \/>\nVa a pata.<\/p>\n<p><strong>45. El guayaco no se apresura.<\/strong><br \/>\nVa hecho un pedo o soplado.<\/p>\n<p><strong>46. El guayaco no duerme.<\/strong><br \/>\nRuquea.<\/p>\n<p><strong>47. El guayaco no pide un avent\u00f3n.<\/strong><br \/>\nHace dedo o rema.<\/p>\n<p><strong>48. El guayaco no come.<\/strong><br \/>\nJamea.<\/p>\n<p><strong>49. Ni come en exceso.<\/strong><br \/>\nTraga.<\/p>\n<p><strong>50. El guayaco no se averguenza.<\/strong><br \/>\nSe foquea.<\/p>\n<p><strong>51. El guayaco no te ayuda.<\/strong><br \/>\nTe acolita.<\/p>\n<p><strong>52. El guayaco no est\u00e1 indispuesto.<\/strong><br \/>\nEst\u00e1 trompudo.<\/p>\n<p><strong>53. El guayaco no es una mala persona.<\/strong><br \/>\nEs como la v*rga o la gabardina.<\/p>\n<p><strong>54. El guayaco no te es frontal.<\/strong><br \/>\nTe canta la plena ver\u00eddico.<\/p>\n<p><strong>55. El guayaco no dice \u201csi\u201d, o \u201cno\u201d.<\/strong><br \/>\nDice \u201cSim\u00f3n\u201d, o \u201cni gaver\u201d.<\/p>\n<p><strong>56. El guayaco no sale a citas.<\/strong><br \/>\nVacila.<\/p>\n<p><strong>57. El guayaco no tiene casa.<\/strong><br \/>\nTiene caleta.<\/p>\n<p><strong>58. El guayaco no se muere.<\/strong><br \/>\nEstira la pata o le dan vire.<\/p>\n<p><strong>59. El guayaco no tiene suegra.<\/strong><br \/>\nTiene tecla.<\/p>\n<p><strong>60. El guayaco no es problem\u00e1tico.<\/strong><br \/>\nEs piteado.<\/p>\n<p><strong>61. El guayaco no tiene grupos de gente.<\/strong><br \/>\nTiene gajo, gremio, zona o la <em>pipol<\/em>.<\/p>\n<p><strong>62. Para un guayaco, algo no es lo mejor.<\/strong><br \/>\nEst\u00e1 bacans\u00edsimo, belleza, pepa, posi, del hijueputa, del carajo, o hasta las huevas.<\/p>\n<p><strong>63. El guayaco no es virgen. <\/strong><br \/>\nEs coco.<\/p>\n<p><strong>64. El guayaco no conduce mal.<\/strong><br \/>\nCamaronea.<\/p>\n<p><strong>65. El guayaco no vomita.<\/strong><br \/>\nLlama a Juan o a Hugo.<\/p>\n<p><strong>66. El guayaco no se va.<\/strong><br \/>\nSe baraja o se la saca.<\/p>\n<p><strong>67. Al guayaco, algo no le es indiferente.<\/strong><br \/>\nLe vale paloma.<\/p>\n<p><strong>68. El guayaco no te insulta.<\/strong><br \/>\nTe manda de brinco en brinco a la casa de la v*rga.<\/p>\n<p><strong>69. Un guayaco no ha sabido aprovechar bien sus oportunidades. <\/strong><br \/>\nFue sabido, avispado, canchero, o rodado.<\/p>\n<p><strong>70. El guayaco no est\u00e1 confundido.<\/strong><br \/>\nEst\u00e1 hecho bolas, no sabe qu\u00e9 ch*cha pasa o qu\u00e9 tiro con el man.<\/p>\n<p><strong>71. El guayaco no tiene dinero con billetes de 1, 5, 10, 20, 100, o 1000 d\u00f3lares.<\/strong><br \/>\nTiene guiso con billos de bala, quina, sota, ventana, gamba o luca.<\/p>\n<p><strong>72. El guayaco no se cuida de polic\u00edas, vigilantes de tr\u00e1nsito o municipales.<\/strong><br \/>\nSe cuida de pacos, buitres, y robaburros.<\/p>\n<p><strong>73. El guayaco no finge ignorancia.<\/strong><br \/>\nSe hace el loco o es torero.<\/p>\n<p><strong>74. El guayaco no est\u00e1 ocupado con algo.<\/strong><br \/>\nEst\u00e1 camellando una movida, o vacilando su pat\u00edn o en su vaina.<\/p>\n<p><strong>75. El guayaco no quiere hacer algo inmediatamente.<\/strong><br \/>\nLo hace de <em>guan<\/em>, o \u201cde una, Mariluna\u201d.<\/p>\n<p><strong>76. El guayaco no est\u00e1 en el centro de la acci\u00f3n.<\/strong><br \/>\nEst\u00e1 en la mata o donde las papas queman.<\/p>\n<p><strong>77. El guayaco no tiene mal aspecto.<\/strong><br \/>\nEs guacharnaco, trucho, sarrapatrozo, mangajo, batracio, j\u00edbaro o gogotero.<\/p>\n<p><strong>78. El guayaco no tiene problemas de coraz\u00f3n por estar gordo.<\/strong><br \/>\nLe duele el wacho por tener una guatota o estar pip\u00f3n.<\/p>\n<p><strong>79. El guayaco no es de costumbres liberales.<\/strong><br \/>\nEs impersecuto o de la vida alegre.<\/p>\n<p><strong>80. El guayaco no cobra dinero.<\/strong><br \/>\nLleva o timbra.<\/p>\n<p><strong>81. El guayaco no est\u00e1 loco de remate.<\/strong><br \/>\nEst\u00e1 manicho, Lorenzo, tostado, volado o se la fum\u00f3 al rev\u00e9s.<\/p>\n<p><strong>82. El guayaco no interrumpe.<\/strong><br \/>\nCorta nota.<\/p>\n<p><strong>83. El guayaco no tiene padres.<\/strong><br \/>\nTiene viejos.<\/p>\n<p><strong>84. El guayaco no es tranquilo.<\/strong><br \/>\nEs zanahoria.<\/p>\n<p><strong>85. El guayaco no es suertudo.<\/strong><br \/>\nEs lechoso o zorrazo.<\/p>\n<p><strong>86. El guayaco no considera que algo es f\u00e1cil.<\/strong><br \/>\nCree que es avaca, suave, papaya.<\/p>\n<p><strong>87. El guayaco no admira.<\/strong><br \/>\nSe le saca el sombrero.<\/p>\n<p><strong>88. El guayaco no es avaro.<\/strong><br \/>\nEs taca\u00f1o, ro\u00f1oso, cif\u00fa, codo, perru\u00f1o o agarrado.<\/p>\n<p><strong>89. El guayaco no se queda sin dinero.<\/strong><br \/>\nEst\u00e1 chiro, pateado, l\u00e1zaro, limpio.<\/p>\n<p><strong>90. El guayaco no conoce algo de pobre manufactura.<\/strong><br \/>\nConoce algo chino, cohete, balurdo, turro o basur\u00edfico.<\/p>\n<p><strong>91. El guayaco no te roba.<\/strong><br \/>\nTe lo afana, te bolsiquea, te chinea o te baja.<\/p>\n<p><strong>92. El guayaco no tiene zapatos.<\/strong><br \/>\nTiene chuzos.<\/p>\n<p><strong>93. El guayaco no tiene un rostro.<\/strong><br \/>\nTiene careta.<\/p>\n<p><strong>94. El guayaco no pide permiso.<\/strong><br \/>\nTe da chance.<\/p>\n<p><strong>95. El guayaco no es dedicado a su relaci\u00f3n.<\/strong><br \/>\nEs mandarina o superman.<\/p>\n<p><strong>96. El guayaco no conoce gente extra\u00f1a.<\/strong><br \/>\nConoce fulanos de tal y Pepes Piguabe.<\/p>\n<p><strong>97. El guayaco no se viste de gala.<\/strong><br \/>\nSe encachina.<\/p>\n<p><strong>98. El guayaco no est\u00e1 desesperado por una relaci\u00f3n.<\/strong><br \/>\nEst\u00e1 queso.<\/p>\n<p><strong>99. El guayaco no es un <em>nerd<\/em>.<\/strong><br \/>\nEs mate, lamb\u00f3n, perro o pilas.<\/p>\n<p><strong>100. El guayaco no mueve sus influencias.<\/strong><br \/>\nSe palanquea.<\/p>\n<p><strong>101. Iban a ser 100, pero soy guayaco: El guayaco no recibe un a\u00f1adido.<\/strong><br \/>\nQuiere su yapa. De ley.<\/p>\n<h1>Referencia<\/h1>\n<p>Chang, D. (25 de Mayo de 2015). <em>http:\/\/matadornetwork.com\/es\/mini-guia-para-entender-el-raro-espanol-de-los-guayacos\/<\/em>. Recuperado el 21 de 05 de 2016, de http:\/\/matadornetwork.com\/es\/mini-guia-para-entender-el-raro-espanol-de-los-guayacos\/<\/p>\n<p><strong>\u00a0<\/strong><\/p>\n<p>&nbsp;<\/p>\n","protected":false},"excerpt":{"rendered":"<p>0. El guayaquile\u00f1o no es guayaquile\u00f1o. Es guayaco. 1. El guayaco no trabaja freelance. Cachuelea. 2. El guayaco no encuentra algo muy c\u00f3mico. Le parece un cague de risa. 3. El guayaco no est\u00e1 enamorado. Est\u00e1 metido, engrupido o calzoneado. 4. El guayaco no es valiente. Es chepo, un arrecho o hasta las huevas. 5. [&hellip;]<\/p>\n","protected":false},"author":10235,"featured_media":0,"parent":0,"menu_order":0,"comment_status":"closed","ping_status":"closed","template":"","meta":{"footnotes":""},"class_list":["post-51","page","type-page","status-publish","hentry"],"_links":{"self":[{"href":"https:\/\/blog.espol.edu.ec\/edujasua\/wp-json\/wp\/v2\/pages\/51","targetHints":{"allow":["GET"]}}],"collection":[{"href":"https:\/\/blog.espol.edu.ec\/edujasua\/wp-json\/wp\/v2\/pages"}],"about":[{"href":"https:\/\/blog.espol.edu.ec\/edujasua\/wp-json\/wp\/v2\/types\/page"}],"author":[{"embeddable":true,"href":"https:\/\/blog.espol.edu.ec\/edujasua\/wp-json\/wp\/v2\/users\/10235"}],"replies":[{"embeddable":true,"href":"https:\/\/blog.espol.edu.ec\/edujasua\/wp-json\/wp\/v2\/comments?post=51"}],"version-history":[{"count":1,"href":"https:\/\/blog.espol.edu.ec\/edujasua\/wp-json\/wp\/v2\/pages\/51\/revisions"}],"predecessor-version":[{"id":52,"href":"https:\/\/blog.espol.edu.ec\/edujasua\/wp-json\/wp\/v2\/pages\/51\/revisions\/52"}],"wp:attachment":[{"href":"https:\/\/blog.espol.edu.ec\/edujasua\/wp-json\/wp\/v2\/media?parent=51"}],"curies":[{"name":"wp","href":"https:\/\/api.w.org\/{rel}","templated":true}]}}