{"id":19,"date":"2009-08-12T15:48:37","date_gmt":"2009-08-12T19:48:37","guid":{"rendered":"http:\/\/blog.espol.edu.ec\/edujavier\/?page_id=19"},"modified":"2009-08-12T20:17:43","modified_gmt":"2009-08-13T00:17:43","slug":"yop","status":"publish","type":"page","link":"https:\/\/blog.espol.edu.ec\/edujavier\/yop\/","title":{"rendered":"yop"},"content":{"rendered":"<p><!--[if !mso]&gt; &lt;!  v\\:* {behavior:url(#default#VML);} o\\:* {behavior:url(#default#VML);} w\\:* {behavior:url(#default#VML);} .shape {behavior:url(#default#VML);} --><\/p>\n<p class=\"MsoNormal\" style=\"text-align: justify\"><span style=\"color: #99cc00\"><span style=\"font-size: 12pt\">Nac\u00ed el 17 de julio de 1990 en la ciudad de Guayaquil<\/span><span style=\"font-size: 12pt\">, Ecuador<\/span><\/span><\/p>\n<p class=\"MsoNormal\" style=\"text-align: justify\"><span style=\"color: #99cc00\"><span style=\"font-size: 12pt\">Desde la primaria hasta el bachillerato estudie en escuelas particulares gradu\u00e1ndome en F\u00edsico Matem\u00e1tico con un buen promedio, destac\u00e1ndome como uno de los cinco mejores alumnos del colegio particular \u201cFREIRESTABILE\u201d; actualmente (2009) curso el primer semestre en la carrera Ing. en Log\u00edstica y Transporte en el Instituto de Ciencias Matem\u00e1ticas de esta prestigiosa Universidad como es la Escuela Superior Polit\u00e9cnica del Litoral.<\/span><\/span><\/p>\n<p class=\"MsoNormal\" style=\"text-align: justify\"><span style=\"color: #99cc00\"><span style=\"font-size: 12pt\">Me es grato decir que tengo una excelente familia, entre eso destaco que admiro mucho a mis padres que son quienes diariamente se sacrifican por darme lo mejor por lo cual estoy muy agradecido. <\/span><\/span><\/p>\n<p class=\"MsoNormal\" style=\"text-align: justify\"><span style=\"color: #99cc00\"><span style=\"font-size: 12pt\">Mis dos correos son:<\/span><\/span><\/p>\n<p class=\"MsoNormal\" style=\"text-align: justify\"><span style=\"color: #99cc00\"><span style=\"font-size: 12pt\"><a href=\"mailto:javieredu_1790@hotmail.com\">javieredu_1790@hotmail.com<\/a> <\/span><\/span><\/p>\n<p class=\"MsoNormal\" style=\"text-align: justify\"><span style=\"color: #99cc00\"><span style=\"font-size: 12pt\"><a href=\"mailto:edumendo@espol.edu.ec\">edumendo@espol.edu.ec<\/a><\/span><\/span><\/p>\n<p class=\"MsoNormal\" style=\"text-align: center\"><span style=\"font-size: 12pt;color: #0f243e\"><a href=\"mailto:edumendo@espol.edu.ec\"><\/a><\/span><a href=\"http:\/\/blog.espol.edu.ec\/edujavier\/files\/2009\/08\/dsc00319.jpg\"><img loading=\"lazy\" decoding=\"async\" class=\"size-medium wp-image-21 aligncenter\" src=\"http:\/\/blog.espol.edu.ec\/edujavier\/files\/2009\/08\/dsc00319-253x300.jpg\" alt=\"yop\" width=\"253\" height=\"300\" srcset=\"https:\/\/blog.espol.edu.ec\/edujavier\/files\/2009\/08\/dsc00319-253x300.jpg 253w, https:\/\/blog.espol.edu.ec\/edujavier\/files\/2009\/08\/dsc00319-866x1024.jpg 866w, https:\/\/blog.espol.edu.ec\/edujavier\/files\/2009\/08\/dsc00319.jpg 1396w\" sizes=\"auto, (max-width: 253px) 100vw, 253px\" \/><\/a><a href=\"mailto:edumendo@espol.edu.ec\"><\/a><\/p>\n","protected":false},"excerpt":{"rendered":"<p>Nac\u00ed el 17 de julio de 1990 en la ciudad de Guayaquil, Ecuador Desde la primaria hasta el bachillerato estudie en escuelas particulares gradu\u00e1ndome en F\u00edsico Matem\u00e1tico con un buen promedio, destac\u00e1ndome como uno de los cinco mejores alumnos del colegio particular \u201cFREIRESTABILE\u201d; actualmente (2009) curso el primer semestre en la carrera Ing. en Log\u00edstica [&hellip;]<\/p>\n","protected":false},"author":1838,"featured_media":0,"parent":0,"menu_order":0,"comment_status":"open","ping_status":"open","template":"","meta":{"footnotes":""},"class_list":["post-19","page","type-page","status-publish","hentry"],"_links":{"self":[{"href":"https:\/\/blog.espol.edu.ec\/edujavier\/wp-json\/wp\/v2\/pages\/19","targetHints":{"allow":["GET"]}}],"collection":[{"href":"https:\/\/blog.espol.edu.ec\/edujavier\/wp-json\/wp\/v2\/pages"}],"about":[{"href":"https:\/\/blog.espol.edu.ec\/edujavier\/wp-json\/wp\/v2\/types\/page"}],"author":[{"embeddable":true,"href":"https:\/\/blog.espol.edu.ec\/edujavier\/wp-json\/wp\/v2\/users\/1838"}],"replies":[{"embeddable":true,"href":"https:\/\/blog.espol.edu.ec\/edujavier\/wp-json\/wp\/v2\/comments?post=19"}],"version-history":[{"count":5,"href":"https:\/\/blog.espol.edu.ec\/edujavier\/wp-json\/wp\/v2\/pages\/19\/revisions"}],"predecessor-version":[{"id":25,"href":"https:\/\/blog.espol.edu.ec\/edujavier\/wp-json\/wp\/v2\/pages\/19\/revisions\/25"}],"wp:attachment":[{"href":"https:\/\/blog.espol.edu.ec\/edujavier\/wp-json\/wp\/v2\/media?parent=19"}],"curies":[{"name":"wp","href":"https:\/\/api.w.org\/{rel}","templated":true}]}}