{"id":26,"date":"2009-08-12T15:56:29","date_gmt":"2009-08-12T19:56:29","guid":{"rendered":"http:\/\/blog.espol.edu.ec\/edujavier\/?page_id=26"},"modified":"2009-09-01T20:09:50","modified_gmt":"2009-09-02T00:09:50","slug":"animate-a-practicar-un-deporte-extremo-surf","status":"publish","type":"page","link":"https:\/\/blog.espol.edu.ec\/edujavier\/animate-a-practicar-un-deporte-extremo-surf\/","title":{"rendered":"Animate a practicar un deporte extremo \"SURF\""},"content":{"rendered":"<p>\u00a0<\/p>\n<p class=\"MsoNormal\" style=\"text-align: justify\"><span style=\"color: #99cc00\">El surf es un deporte muy completo, te lo puede ofrecer casi todo. El surf te obliga a mejorar, es intrigante, excitante, agotador y rompe con toda actividad. Una vez que embistes una gran ola ya no puedes parar.<\/span><\/p>\n<p class=\"MsoNormal\" style=\"text-align: justify\"><span style=\"color: #99cc00\">Como todos sabemos, el surf es un deporte que consiste en deslizarse sobre las olas del mar de pie sobre una tabla.<\/span><\/p>\n<p class=\"MsoNormal\" style=\"text-align: justify\">\u00a0<\/p>\n<p style=\"text-align: justify\"><span style=\"color: #99cc00\">Como todo deporte, el surf requiere preparaci\u00f3n, entrenamiento y, por sobre todo, muchas ganas. <\/span><\/p>\n<p style=\"text-align: justify\"><span style=\"color: #99cc00\">Otra cosa fundamental es dar los primeros pasos con la tabla adecuada. Muchos empiezan con una tabla prestada de alg\u00fan amigo, pero que no es la indicada para principiantes. Y eso multiplica\u00a0las dificultades para aprender. <\/span><\/p>\n<p style=\"text-align: justify\"><span style=\"color: #99cc00\">Por lo tanto, primero elige una tabla\u00a0para ti. Hay que tener cuidado al compran tablas usadas: f\u00edjate que no est\u00e9n muy amarillas, golpeadas o agujereadas. <\/span><\/p>\n<p style=\"text-align: center\"><span style=\"color: #99cc00\">Observaci\u00f3n: Es fundamental saber nadar, no entrar solo al mar. <a href=\"http:\/\/blog.espol.edu.ec\/edujavier\/files\/2009\/08\/picture.jpg\"><img loading=\"lazy\" decoding=\"async\" class=\"size-full wp-image-20 aligncenter\" src=\"http:\/\/blog.espol.edu.ec\/edujavier\/files\/2009\/08\/picture.jpg\" alt=\"surf\" width=\"509\" height=\"336\" srcset=\"https:\/\/blog.espol.edu.ec\/edujavier\/files\/2009\/08\/picture.jpg 600w, https:\/\/blog.espol.edu.ec\/edujavier\/files\/2009\/08\/picture-300x198.jpg 300w\" sizes=\"auto, (max-width: 509px) 100vw, 509px\" \/><\/a><\/span><\/p>\n<p style=\"text-align: justify\"><span style=\"color: #99cc00\"><br \/>\n<strong>Los primeros pasos<\/strong><\/span><\/p>\n<p style=\"text-align: justify\"><span style=\"color: #99cc00\"><span style=\"color: #ffff00\"><strong>Primero<\/strong><br \/>\n<\/span>Es importante meterse al agua primero en d\u00edas calmos ( averiguar que hay en el fondo del agua, evitar fondos de piedras, ir a fondos de arena que no sean poco-profundos). Buscar lugares en el mar sin gente alrededor para evitar accidentes. Remar, practicar sentarse en la tabla y despu\u00e9s acostarse... Tienes que domar tu tabla. Recuerda atarte el cord\u00f3n al tobillo de la pierna que esta en la zona posterior de la tabla. <\/span><\/p>\n<p style=\"text-align: justify\"><span style=\"color: #99cc00\"><strong><a href=\"http:\/\/blog.espol.edu.ec\/edujavier\/files\/2009\/08\/equi.jpg\"><img loading=\"lazy\" decoding=\"async\" class=\"alignnone size-full wp-image-38\" src=\"http:\/\/blog.espol.edu.ec\/edujavier\/files\/2009\/08\/equi.jpg\" alt=\"equi\" width=\"450\" height=\"300\" srcset=\"https:\/\/blog.espol.edu.ec\/edujavier\/files\/2009\/08\/equi.jpg 450w, https:\/\/blog.espol.edu.ec\/edujavier\/files\/2009\/08\/equi-300x200.jpg 300w\" sizes=\"auto, (max-width: 450px) 100vw, 450px\" \/><\/a><\/strong><\/span><\/p>\n<p style=\"text-align: justify\"><span style=\"color: #99cc00\"><span style=\"color: #ffff00\"><strong>Segundo<\/strong><br \/>\n<\/span>Elige un d\u00eda de olas no muy grandes. Rema en direcci\u00f3n a la costa hasta que una espuma te alcance, sigue remando y no dejes de remar hasta que la ola te lleve, y sientas que ya no es necesario seguir remando para impulsarte, (rema con fuerza y decisi\u00f3n antes de la llegada de la espuma, mirando de reojo hacia atr\u00e1s y empezando a medir las distancias y tiempos). <\/span><\/p>\n<p style=\"text-align: justify\"><span style=\"color: #99cc00\"><span style=\"color: #ffff00\"><strong>Tercero<\/strong><br \/>\n<\/span>En ese momento trata de incorporarte en un solo movimiento, haciendo el intento de caer con tus dos pies juntos (uno adelante y otro atr\u00e1s), sin empujar la tabla hacia delante. Evita incorporarte en dos o m\u00e1s movimientos: no sirve arrodillarse y despu\u00e9s pararse, o apoyar primero un pie y despu\u00e9s el otro. <\/span><\/p>\n<p style=\"text-align: justify\"><span style=\"color: #99cc00\"><strong><span style=\"color: #ffff00\">Cuarto\u2026.<\/span> <\/strong><br \/>\nSigue intentando hasta que domines las espumas y est\u00e9s listo para lanzarte a las olas. <\/span><\/p>\n<p style=\"text-align: justify\"><span style=\"color: #99cc00\"><br \/>\n<strong><span style=\"color: #ffff00\">\u00bfEs \u00fatil tomar clases?<\/span><\/strong><\/span><\/p>\n<p style=\"text-align: justify\"><span style=\"color: #99cc00\">Claro, es muy \u00fatil si no tienes ninguna experiencia en el mar\u00a0 por ejemplo ni con bodyboard, etc....\u00a0Un curso suele costar mucho pero vale la pena tomar unas por un par de semanas, luego eso te servira para practicar por tu propia cuenta... \u00a0Pero tambien\u00a0\u00a0es posible aprender sin tomar clases.\u00a0Recuerda que se aprende mucho mirando a los dem\u00e1s surfistas. <\/span><\/p>\n<p style=\"text-align: justify\"><span style=\"color: #99cc00\"><strong><span style=\"color: #ffff00\">Algunos consejos.<\/span><\/strong><\/span><\/p>\n<p style=\"text-align: justify\"><span style=\"color: #99cc00\"><strong><span style=\"color: #ffff00\">Para pararte sobre la tabla<\/span><\/strong> <\/span><\/p>\n<p style=\"text-align: justify\"><span style=\"color: #99cc00\">- Al incorporarte en la tabla al momento de correr la ola, apoya las manos en forma plana sobre la tabla, no te agarres de los bordes.<br \/>\n- Al acostarte sobre la tabla, la punta debe quedar igual que cuando la dejes flotar sola en el mar. De esta manera, puedes buscar la buena posici\u00f3n sobre la tabla. Si est\u00e1s muy atr\u00e1s la punta se levanta y remar\u00e1s despacio y no podr\u00e1s pararte. Si est\u00e1s muy adelante, la punta se hunde y tampoco sirve.<br \/>\n- Al incorporarte no busques pararte completamente, qu\u00e9date un poco agachado y flexionando las rodillas. Esto te dar\u00e1 mayor equilibrio. <\/span><\/p>\n<p style=\"text-align: justify\"><span style=\"color: #99cc00\"><br \/>\n<strong><span style=\"color: #ffff00\">Para pasar las olas por abajo (filtrar, hacer el patito)<\/span><\/strong><\/span><\/p>\n<p><span style=\"color: #99cc00\">\"Cuando los surfistas entran al mar deben remar hacia el lugar donde rompen las olas. Para poder llegar hasta all\u00ed hay que atravesar la zona de impacto de las olas o rompiente, y la fuerte espuma de agua blanca. La maniobra o t\u00e9cnica que te permite pasar por esta zona sin gastar demasiada energ\u00eda es el \u201cpatito\u201d: esto es hundiendo la tabla ayud\u00e1ndose con sus dos brazos y uno de sus pies o rodilla. En el caso de usar la rodilla se corre el riesgo de marcar la tabla: se va abollando debido a la presi\u00f3n ejercida por la rodilla.<\/span><\/p>\n<p style=\"text-align: justify\"><span style=\"color: #99cc00\">En todos los casos lo que debes hacer es estirar los brazos empujando la tabla hacia abajo del agua, y simult\u00e1neamente ayudarte con la rodilla a la altura de la mitad de la tabla, o ayudarte con el pie en la parte inferior de la tabla. Luego estira los brazos y las piernas y emerge del otro lado de la ola para seguir remando y avanzando hacia adelante.<\/span><\/p>\n<p style=\"text-align: justify\"><span style=\"color: #99cc00\"><br \/>\n<strong><span style=\"color: #ffff00\">Lesiones<\/span><\/strong><\/span><\/p>\n<p style=\"text-align: justify\"><span style=\"color: #99cc00\">El surf es un deporte que tiene sus riesgos. Son frecuentes las lesiones y los golpes producidos por la tabla al momento de caer al agua. Para evitar lesiones musculares (desgarros, tirones, etc.) es recomendable pre-calentar y estirar un poco antes de entrar al agua. <\/span><\/p>\n<p style=\"text-align: justify\"><span style=\"color: #99cc00\">L\u00f3gicamente, si est\u00e1n surfeando en las playas con fondos de rocas o de coral los riesgos y peligros son m\u00e1s altos (si y s\u00f3lo si te caes y golpeas contra el fondo). \"<span style=\"color: #000000\">(1)<\/span><\/span><\/p>\n<p style=\"text-align: justify\">\u00a0<\/p>\n<p><span style=\"color: #99cc00\"><span style=\"font-size: 24pt\"><span style=\"color: #ffff99\">\u00bfTe animas? <\/span><\/span><\/span><\/p>\n<p class=\"MsoNormal\" style=\"text-align: justify\"><span style=\"color: #99cc00\"><span style=\"font-size: 12pt\">Si quieres hacer surf no te gastes mucho dinero en la primera tabla, ya que sufrir\u00e1 alg\u00fan da\u00f1o que otro. Tienes que comprarte una tabla de surf de acuerdo con tus habilidades y que te permita desarrollarlas. Por eso, no tienes que comprar una tabla ni demasiado corta (inestable), ni demasiado larga (dif\u00edcil de manejar). Todo ir\u00e1 en funci\u00f3n de tu estatura y tu peso. <\/span><\/span><\/p>\n<p class=\"MsoNormal\" style=\"text-align: justify\">\u00a0<\/p>\n<p style=\"text-align: center\"><span style=\"color: #99cc00\"><a href=\"http:\/\/blog.espol.edu.ec\/edujavier\/files\/2009\/08\/surf2.jpg\"><img loading=\"lazy\" decoding=\"async\" class=\"size-full wp-image-22 aligncenter\" src=\"http:\/\/blog.espol.edu.ec\/edujavier\/files\/2009\/08\/surf2.jpg\" alt=\"surf2\" width=\"230\" height=\"160\" \/><\/a><\/span><\/p>\n<p>(1) Riie (2009), <span style=\"color: #000000\">\"Surf para principiantes\"<\/span>, obtenido el 1 de septiembre del 2009, desde <a href=\"http:\/\/riie.com.pe\">http:\/\/riie.com.pe<\/a> , Guayaquil - Ecuador<\/p>\n","protected":false},"excerpt":{"rendered":"<p>\u00a0 El surf es un deporte muy completo, te lo puede ofrecer casi todo. El surf te obliga a mejorar, es intrigante, excitante, agotador y rompe con toda actividad. Una vez que embistes una gran ola ya no puedes parar. Como todos sabemos, el surf es un deporte que consiste en deslizarse sobre las olas [&hellip;]<\/p>\n","protected":false},"author":1838,"featured_media":0,"parent":0,"menu_order":0,"comment_status":"open","ping_status":"open","template":"","meta":{"footnotes":""},"class_list":["post-26","page","type-page","status-publish","hentry"],"_links":{"self":[{"href":"https:\/\/blog.espol.edu.ec\/edujavier\/wp-json\/wp\/v2\/pages\/26","targetHints":{"allow":["GET"]}}],"collection":[{"href":"https:\/\/blog.espol.edu.ec\/edujavier\/wp-json\/wp\/v2\/pages"}],"about":[{"href":"https:\/\/blog.espol.edu.ec\/edujavier\/wp-json\/wp\/v2\/types\/page"}],"author":[{"embeddable":true,"href":"https:\/\/blog.espol.edu.ec\/edujavier\/wp-json\/wp\/v2\/users\/1838"}],"replies":[{"embeddable":true,"href":"https:\/\/blog.espol.edu.ec\/edujavier\/wp-json\/wp\/v2\/comments?post=26"}],"version-history":[{"count":12,"href":"https:\/\/blog.espol.edu.ec\/edujavier\/wp-json\/wp\/v2\/pages\/26\/revisions"}],"predecessor-version":[{"id":37,"href":"https:\/\/blog.espol.edu.ec\/edujavier\/wp-json\/wp\/v2\/pages\/26\/revisions\/37"}],"wp:attachment":[{"href":"https:\/\/blog.espol.edu.ec\/edujavier\/wp-json\/wp\/v2\/media?parent=26"}],"curies":[{"name":"wp","href":"https:\/\/api.w.org\/{rel}","templated":true}]}}