{"id":48,"date":"2009-09-01T20:23:31","date_gmt":"2009-09-02T00:23:31","guid":{"rendered":"http:\/\/blog.espol.edu.ec\/edujavier\/?page_id=48"},"modified":"2009-09-07T20:00:09","modified_gmt":"2009-09-08T00:00:09","slug":"%c2%bf%c2%bf%c2%bf%c2%bf-por-que-el-surf%c2%a1%c2%a1%c2%a1","status":"publish","type":"page","link":"https:\/\/blog.espol.edu.ec\/edujavier\/%c2%bf%c2%bf%c2%bf%c2%bf-por-que-el-surf%c2%a1%c2%a1%c2%a1\/","title":{"rendered":"\u00bf\u00bf\u00bf\u00bf por qu\u00e9??? el surf...!!!!\u00a1\u00a1\u00a1"},"content":{"rendered":"<p>\u00a0<\/p>\n<p><a href=\"http:\/\/blog.espol.edu.ec\/edujavier\/files\/2009\/09\/surf-iii.jpg\"><img loading=\"lazy\" decoding=\"async\" class=\"alignnone size-full wp-image-52\" src=\"http:\/\/blog.espol.edu.ec\/edujavier\/files\/2009\/09\/surf-iii.jpg\" alt=\"surf-iii\" width=\"480\" height=\"329\" srcset=\"https:\/\/blog.espol.edu.ec\/edujavier\/files\/2009\/09\/surf-iii.jpg 480w, https:\/\/blog.espol.edu.ec\/edujavier\/files\/2009\/09\/surf-iii-300x205.jpg 300w\" sizes=\"auto, (max-width: 480px) 100vw, 480px\" \/><\/a><\/p>\n<p><span style=\"font-family: &quot;Georgia&quot;,&quot;serif&quot;color: black;font-size: 10pt\">Pues bien eleg\u00ed este tema para mi blog porque es un deporte s\u00faper s\u00faper interesante ya que es un poco riesgoso y a la vez es una manera de compartir el mar que es muy refrescante.... lo digo porque hace unos a\u00f1os lo practique <span>\u00a0<\/span>y tube una buena experiencia, actualmente ya no lo hago por falta de tiempo.<\/span><\/p>\n<p><span style=\"font-family: &quot;Georgia&quot;,&quot;serif&quot;color: black;font-size: 10pt\">Se los recomiendo no se van arrepentir\u2026.<\/span><\/p>\n","protected":false},"excerpt":{"rendered":"<p>\u00a0 Pues bien eleg\u00ed este tema para mi blog porque es un deporte s\u00faper s\u00faper interesante ya que es un poco riesgoso y a la vez es una manera de compartir el mar que es muy refrescante.... lo digo porque hace unos a\u00f1os lo practique \u00a0y tube una buena experiencia, actualmente ya no lo hago [&hellip;]<\/p>\n","protected":false},"author":1838,"featured_media":0,"parent":0,"menu_order":0,"comment_status":"open","ping_status":"open","template":"","meta":{"footnotes":""},"class_list":["post-48","page","type-page","status-publish","hentry"],"_links":{"self":[{"href":"https:\/\/blog.espol.edu.ec\/edujavier\/wp-json\/wp\/v2\/pages\/48","targetHints":{"allow":["GET"]}}],"collection":[{"href":"https:\/\/blog.espol.edu.ec\/edujavier\/wp-json\/wp\/v2\/pages"}],"about":[{"href":"https:\/\/blog.espol.edu.ec\/edujavier\/wp-json\/wp\/v2\/types\/page"}],"author":[{"embeddable":true,"href":"https:\/\/blog.espol.edu.ec\/edujavier\/wp-json\/wp\/v2\/users\/1838"}],"replies":[{"embeddable":true,"href":"https:\/\/blog.espol.edu.ec\/edujavier\/wp-json\/wp\/v2\/comments?post=48"}],"version-history":[{"count":5,"href":"https:\/\/blog.espol.edu.ec\/edujavier\/wp-json\/wp\/v2\/pages\/48\/revisions"}],"predecessor-version":[{"id":50,"href":"https:\/\/blog.espol.edu.ec\/edujavier\/wp-json\/wp\/v2\/pages\/48\/revisions\/50"}],"wp:attachment":[{"href":"https:\/\/blog.espol.edu.ec\/edujavier\/wp-json\/wp\/v2\/media?parent=48"}],"curies":[{"name":"wp","href":"https:\/\/api.w.org\/{rel}","templated":true}]}}