{"id":24,"date":"2015-07-01T03:30:18","date_gmt":"2015-07-01T03:30:18","guid":{"rendered":"http:\/\/blog.espol.edu.ec\/edwin1218\/?page_id=24"},"modified":"2015-07-01T03:30:18","modified_gmt":"2015-07-01T03:30:18","slug":"los-mejores-nadadores","status":"publish","type":"page","link":"https:\/\/blog.espol.edu.ec\/edwin1218\/los-mejores-nadadores\/","title":{"rendered":"Los Mejores Nadadores"},"content":{"rendered":"<h2><span id=\"Los_mejores_de_la_historia\" class=\"mw-headline\">Los mejores de la historia<\/span><\/h2>\n<p><iframe loading=\"lazy\" title=\"LOS 5 MEJORES NADADORES DE LA HISTORIA\" width=\"600\" height=\"338\" src=\"https:\/\/www.youtube.com\/embed\/gH8X-5FlyEE?feature=oembed\" frameborder=\"0\" allow=\"accelerometer; autoplay; clipboard-write; encrypted-media; gyroscope; picture-in-picture; web-share\" referrerpolicy=\"strict-origin-when-cross-origin\" allowfullscreen><\/iframe><\/p>\n<ul>\n<li style=\"text-align: justify\">Michael Phelps: Nadador estadounidense ganador de ocho medallas de oro en los Juegos Ol\u00edmpicos de Beijing (Pek\u00edn) China de 2008.<\/li>\n<\/ul>\n<ul style=\"text-align: justify\">\n<li>Alexander Popov: Nadador ruso que con ocho medallas ol\u00edmpicas posee uno de los mejores palmar\u00e9s de la historia de la nataci\u00f3n.<\/li>\n<\/ul>\n<ul style=\"text-align: justify\">\n<li>Mark Spitz: Nadador estadounidense que gan\u00f3 siete medallas de oro en los Juegos Ol\u00edmpicos de M\u00fanich Alemania de 1972.<\/li>\n<\/ul>\n<ul style=\"text-align: justify\">\n<li>Franziska van Almsick: Nadadora alemana campeona del mundo y ganadora de cuatro medallas de plata en los Juegos Ol\u00edmpicos. Pese a ser la m\u00e1xima figura de la nataci\u00f3n femenina durante la d\u00e9cada de 1990 la alemana Franziska van Almsick no pudo conseguir el oro ol\u00edmpico ni en Barcelona (1992) ni en Atlanta (1996). No obstante las medallas logradas en dichas citas as\u00ed como su espectacular palmar\u00e9s en distintas ediciones de los campeonatos de Europa y del Mundo avalan una de las m\u00e1s brillantes trayectorias de este deporte en las \u00faltimas d\u00e9cadas.<\/li>\n<\/ul>\n<ul style=\"text-align: justify\">\n<li>Michael Gro\u00df: Nadador alem\u00e1n el mejor especialista en pruebas de mariposa de todos los tiempos y uno de los m\u00e1s laureados de la historia. Su elevada estatura y una extraordinaria potencia derivada de su gran envergadura le dotaron de una forma de nado muy caracter\u00edstica por la que recibi\u00f3 el sobrenombre de El Albatros ave marina a cuyos movimientos se asemejaba.<\/li>\n<\/ul>\n<ul style=\"text-align: justify\">\n<li>Alberto Zorrilla: Nadador argentino primer campe\u00f3n ol\u00edmpico de nataci\u00f3n nacido en Sudam\u00e9rica.<\/li>\n<\/ul>\n<ul style=\"text-align: justify\">\n<li>Mart\u00edn L\u00f3pez-Zubero: Nadador espa\u00f1ol considerado el mejor de la historia de su pa\u00eds. Campe\u00f3n europeo mundial y ol\u00edmpico y plusmarquista universal en la prueba de 200\u00a0m espalda. La imagen recoge el momento en que L\u00f3pez-Zubero celebra su triunfo en la prueba de 100\u00a0m espalda durante el Campeonato de Europa celebrado en Atenas en 1991. En esta misma competici\u00f3n logr\u00f3 otra medalla de oro (en 200\u00a0m espalda) y una de plata (en 100\u00a0m mariposa).<\/li>\n<\/ul>\n<ul style=\"text-align: justify\">\n<li>Kristin Otto: Nadadora alemana que gan\u00f3 seis medallas de oro en los Juegos Ol\u00edmpicos de 1988.<\/li>\n<\/ul>\n<ul style=\"text-align: justify\">\n<li>Matt Biondi: Nadador estadounidense cuyas 11 medallas en tres ediciones de los Juegos Ol\u00edmpicos le convirtieron en uno de los mejores nadadores durante la d\u00e9cada de 1980 y los primeros a\u00f1os de la de 1990.<\/li>\n<\/ul>\n<ul>\n<li style=\"text-align: justify\"><a title=\"Vladimir Salnikov\" href=\"https:\/\/es.wikipedia.org\/wiki\/Vladimir_Salnikov\">Vladimir Salnikov<\/a>: Gan\u00f3 cuatro medallas de oro ol\u00edmpicas cuatro oros en campeonatos mundiales y bati\u00f3 doce r\u00e9cords del mundo en las pruebas de 400 800 y 1500 metros libres.<\/li>\n<\/ul>\n<p><iframe loading=\"lazy\" title=\"MICHAEL PHELPS - NATACION\" width=\"600\" height=\"450\" src=\"https:\/\/www.youtube.com\/embed\/xTXZ81uB96M?feature=oembed\" frameborder=\"0\" allow=\"accelerometer; autoplay; clipboard-write; encrypted-media; gyroscope; picture-in-picture; web-share\" referrerpolicy=\"strict-origin-when-cross-origin\" allowfullscreen><\/iframe><\/p>\n","protected":false},"excerpt":{"rendered":"<p>Los mejores de la historia Michael Phelps: Nadador estadounidense ganador de ocho medallas de oro en los Juegos Ol\u00edmpicos de Beijing (Pek\u00edn) China de 2008. Alexander Popov: Nadador ruso que con ocho medallas ol\u00edmpicas posee uno de los mejores palmar\u00e9s de la historia de la nataci\u00f3n. Mark Spitz: Nadador estadounidense que gan\u00f3 siete medallas de oro en los Juegos Ol\u00edmpicos<br \/><span class=\"read_more\"><a href=\"https:\/\/blog.espol.edu.ec\/edwin1218\/los-mejores-nadadores\/\">Read more...<\/a><\/span><\/p>\n","protected":false},"author":9704,"featured_media":0,"parent":0,"menu_order":0,"comment_status":"open","ping_status":"open","template":"","meta":{"footnotes":""},"class_list":["post-24","page","type-page","status-publish","hentry"],"_links":{"self":[{"href":"https:\/\/blog.espol.edu.ec\/edwin1218\/wp-json\/wp\/v2\/pages\/24","targetHints":{"allow":["GET"]}}],"collection":[{"href":"https:\/\/blog.espol.edu.ec\/edwin1218\/wp-json\/wp\/v2\/pages"}],"about":[{"href":"https:\/\/blog.espol.edu.ec\/edwin1218\/wp-json\/wp\/v2\/types\/page"}],"author":[{"embeddable":true,"href":"https:\/\/blog.espol.edu.ec\/edwin1218\/wp-json\/wp\/v2\/users\/9704"}],"replies":[{"embeddable":true,"href":"https:\/\/blog.espol.edu.ec\/edwin1218\/wp-json\/wp\/v2\/comments?post=24"}],"version-history":[{"count":2,"href":"https:\/\/blog.espol.edu.ec\/edwin1218\/wp-json\/wp\/v2\/pages\/24\/revisions"}],"predecessor-version":[{"id":51,"href":"https:\/\/blog.espol.edu.ec\/edwin1218\/wp-json\/wp\/v2\/pages\/24\/revisions\/51"}],"wp:attachment":[{"href":"https:\/\/blog.espol.edu.ec\/edwin1218\/wp-json\/wp\/v2\/media?parent=24"}],"curies":[{"name":"wp","href":"https:\/\/api.w.org\/{rel}","templated":true}]}}