{"id":11,"date":"2015-11-24T10:24:55","date_gmt":"2015-11-24T10:24:55","guid":{"rendered":"http:\/\/blog.espol.edu.ec\/edyto\/?page_id=11"},"modified":"2015-11-24T10:24:55","modified_gmt":"2015-11-24T10:24:55","slug":"ssd-y-hdd","status":"publish","type":"page","link":"https:\/\/blog.espol.edu.ec\/edyto\/ssd-y-hdd\/","title":{"rendered":"SSD Y HDD"},"content":{"rendered":"<p><iframe loading=\"lazy\" title=\"Ventajas y diferencias entre disco duro SSD vs HDD\" width=\"584\" height=\"329\" src=\"https:\/\/www.youtube.com\/embed\/ARb9rZpTzLU?feature=oembed\" frameborder=\"0\" allow=\"accelerometer; autoplay; clipboard-write; encrypted-media; gyroscope; picture-in-picture; web-share\" referrerpolicy=\"strict-origin-when-cross-origin\" allowfullscreen><\/iframe><\/p>\n<p>La diferencia entre ambos,\u00bfPodr\u00edan cambiar el futuro de la computaci\u00f3n?, en mi opini\u00f3n si se mantiene y se desarrolla el SSD, ser\u00eda un perfecto remplazo de HDD<\/p>\n","protected":false},"excerpt":{"rendered":"<p>La diferencia entre ambos,\u00bfPodr\u00edan cambiar el futuro de la computaci\u00f3n?, en mi opini\u00f3n si se mantiene y se desarrolla el SSD, ser\u00eda un perfecto remplazo de HDD<\/p>\n","protected":false},"author":10099,"featured_media":0,"parent":0,"menu_order":0,"comment_status":"closed","ping_status":"closed","template":"","meta":{"footnotes":""},"class_list":["post-11","page","type-page","status-publish","hentry"],"_links":{"self":[{"href":"https:\/\/blog.espol.edu.ec\/edyto\/wp-json\/wp\/v2\/pages\/11","targetHints":{"allow":["GET"]}}],"collection":[{"href":"https:\/\/blog.espol.edu.ec\/edyto\/wp-json\/wp\/v2\/pages"}],"about":[{"href":"https:\/\/blog.espol.edu.ec\/edyto\/wp-json\/wp\/v2\/types\/page"}],"author":[{"embeddable":true,"href":"https:\/\/blog.espol.edu.ec\/edyto\/wp-json\/wp\/v2\/users\/10099"}],"replies":[{"embeddable":true,"href":"https:\/\/blog.espol.edu.ec\/edyto\/wp-json\/wp\/v2\/comments?post=11"}],"version-history":[{"count":3,"href":"https:\/\/blog.espol.edu.ec\/edyto\/wp-json\/wp\/v2\/pages\/11\/revisions"}],"predecessor-version":[{"id":15,"href":"https:\/\/blog.espol.edu.ec\/edyto\/wp-json\/wp\/v2\/pages\/11\/revisions\/15"}],"wp:attachment":[{"href":"https:\/\/blog.espol.edu.ec\/edyto\/wp-json\/wp\/v2\/media?parent=11"}],"curies":[{"name":"wp","href":"https:\/\/api.w.org\/{rel}","templated":true}]}}