{"id":26,"date":"2015-11-24T10:43:43","date_gmt":"2015-11-24T10:43:43","guid":{"rendered":"http:\/\/blog.espol.edu.ec\/edyto\/?page_id=26"},"modified":"2015-11-24T12:48:33","modified_gmt":"2015-11-24T12:48:33","slug":"noticias","status":"publish","type":"page","link":"https:\/\/blog.espol.edu.ec\/edyto\/noticias\/","title":{"rendered":"Infomaci\u00f3n"},"content":{"rendered":"<p>Aqu\u00ed, se presenta las noticias, del mundo de la computaci\u00f3n<\/p>\n","protected":false},"excerpt":{"rendered":"<p>Aqu\u00ed, se presenta las noticias, del mundo de la computaci\u00f3n<\/p>\n","protected":false},"author":10099,"featured_media":0,"parent":0,"menu_order":0,"comment_status":"closed","ping_status":"closed","template":"","meta":{"footnotes":""},"class_list":["post-26","page","type-page","status-publish","hentry"],"_links":{"self":[{"href":"https:\/\/blog.espol.edu.ec\/edyto\/wp-json\/wp\/v2\/pages\/26","targetHints":{"allow":["GET"]}}],"collection":[{"href":"https:\/\/blog.espol.edu.ec\/edyto\/wp-json\/wp\/v2\/pages"}],"about":[{"href":"https:\/\/blog.espol.edu.ec\/edyto\/wp-json\/wp\/v2\/types\/page"}],"author":[{"embeddable":true,"href":"https:\/\/blog.espol.edu.ec\/edyto\/wp-json\/wp\/v2\/users\/10099"}],"replies":[{"embeddable":true,"href":"https:\/\/blog.espol.edu.ec\/edyto\/wp-json\/wp\/v2\/comments?post=26"}],"version-history":[{"count":3,"href":"https:\/\/blog.espol.edu.ec\/edyto\/wp-json\/wp\/v2\/pages\/26\/revisions"}],"predecessor-version":[{"id":65,"href":"https:\/\/blog.espol.edu.ec\/edyto\/wp-json\/wp\/v2\/pages\/26\/revisions\/65"}],"wp:attachment":[{"href":"https:\/\/blog.espol.edu.ec\/edyto\/wp-json\/wp\/v2\/media?parent=26"}],"curies":[{"name":"wp","href":"https:\/\/api.w.org\/{rel}","templated":true}]}}