{"id":48,"date":"2016-11-15T15:52:13","date_gmt":"2016-11-15T15:52:13","guid":{"rendered":"http:\/\/blog.espol.edu.ec\/eegaibor\/?page_id=48"},"modified":"2016-11-15T15:52:13","modified_gmt":"2016-11-15T15:52:13","slug":"como-superar-a-tu-ex","status":"publish","type":"page","link":"https:\/\/blog.espol.edu.ec\/eegaibor\/como-superar-a-tu-ex\/","title":{"rendered":"Como superar a tu ex"},"content":{"rendered":"<p>Dejar de pensar en una persona de quien estabas enamorado y que estaba enamorada de ti es una de las cosas m\u00e1s dif\u00edciles que tendr\u00e1s que experimentar en la vida. Hay muchos consejos que hablan acerca de c\u00f3mo superar a tu expareja, pero a veces es dif\u00edcil saber c\u00f3mo empezar. Sigue leyendo para que paso a paso, semana a semana puedas superar a tu ex y seguir con tu vida.<\/p>\n<p><img loading=\"lazy\" decoding=\"async\" class=\"alignnone size-medium\" src=\"http:\/\/pad3.whstatic.com\/images\/thumb\/b\/b1\/Get-Over-an-Ex-You%27re-in-Love-With-Step-7-Version-2.jpg\/900px-Get-Over-an-Ex-You%27re-in-Love-With-Step-7-Version-2.jpg\" alt=\"\" width=\"900\" height=\"675\" \/><\/p>\n<p>Date<b class=\"whb\"><b> un tiempo a solas.<\/b><\/b> Primero necesitas un periodo en el que cortes toda comunicaci\u00f3n con tu ex.<\/p>\n<p><b class=\"whb\"><b>No busques a tu ex.<\/b><\/b> NUNCA empieces a leer los comentarios o mensajes de texto de tu ex.<\/p>\n<p><b class=\"whb\"><b>Esconde las cosas que te recuerden a esa persona, tales como cartas, tarjetas, obsequios, etc.<\/b><\/b> Puedes tener fotos donde salga esa persona con un grupo de amigos y t\u00fa, pero trata de quitar todas las fotos donde salgan los dos solos.<\/p>\n<p><b class=\"whb\"><b>No consideres salir con esa persona<\/b> si sabes que ninguno de los dos estar\u00e1 sobrio en esa fiesta.<\/b> No lo hagas. No trates de platicar con tu ex durante este tiempo, aun cuando pueda ser muy tentador, especialmente durante esta primera etapa.<\/p>\n<p><b class=\"whb\"><b>Elige a unos cuantos amigos<\/b> con los que puedas hablar sobre lo que sientes con relaci\u00f3n a tu ex y el rompimiento.<\/b> Aseg\u00farate de no hablarlo con amigos mutuos que sean m\u00e1s amigos de tu ex que tuyos.<\/p>\n<p><b class=\"whb\"><b>Durante todo este proceso, llora cuando tengas ganas.<\/b><\/b> Llorar no significa que seas d\u00e9bil, solo es una forma de sacar lo que sientes y a veces es necesario.<\/p>\n<p>&nbsp;<\/p>\n","protected":false},"excerpt":{"rendered":"<p>Dejar de pensar en una persona de quien estabas enamorado y que estaba enamorada de ti es una de las cosas m\u00e1s dif\u00edciles que tendr\u00e1s que experimentar en la vida. Hay muchos consejos que hablan acerca de c\u00f3mo superar a tu expareja, pero a veces es dif\u00edcil saber c\u00f3mo empezar. Sigue leyendo para que paso [&hellip;]<\/p>\n","protected":false},"author":10695,"featured_media":0,"parent":0,"menu_order":0,"comment_status":"closed","ping_status":"closed","template":"","meta":{"footnotes":""},"class_list":["post-48","page","type-page","status-publish","hentry"],"_links":{"self":[{"href":"https:\/\/blog.espol.edu.ec\/eegaibor\/wp-json\/wp\/v2\/pages\/48","targetHints":{"allow":["GET"]}}],"collection":[{"href":"https:\/\/blog.espol.edu.ec\/eegaibor\/wp-json\/wp\/v2\/pages"}],"about":[{"href":"https:\/\/blog.espol.edu.ec\/eegaibor\/wp-json\/wp\/v2\/types\/page"}],"author":[{"embeddable":true,"href":"https:\/\/blog.espol.edu.ec\/eegaibor\/wp-json\/wp\/v2\/users\/10695"}],"replies":[{"embeddable":true,"href":"https:\/\/blog.espol.edu.ec\/eegaibor\/wp-json\/wp\/v2\/comments?post=48"}],"version-history":[{"count":1,"href":"https:\/\/blog.espol.edu.ec\/eegaibor\/wp-json\/wp\/v2\/pages\/48\/revisions"}],"predecessor-version":[{"id":51,"href":"https:\/\/blog.espol.edu.ec\/eegaibor\/wp-json\/wp\/v2\/pages\/48\/revisions\/51"}],"wp:attachment":[{"href":"https:\/\/blog.espol.edu.ec\/eegaibor\/wp-json\/wp\/v2\/media?parent=48"}],"curies":[{"name":"wp","href":"https:\/\/api.w.org\/{rel}","templated":true}]}}