{"id":36,"date":"2013-12-03T06:01:25","date_gmt":"2013-12-03T06:01:25","guid":{"rendered":"http:\/\/blog.espol.edu.ec\/eeyc88\/?page_id=36"},"modified":"2013-12-03T06:01:25","modified_gmt":"2013-12-03T06:01:25","slug":"mi-biografia-3","status":"publish","type":"page","link":"https:\/\/blog.espol.edu.ec\/eeyc88\/mi-biografia-3\/","title":{"rendered":"Mi biograf\u00eda"},"content":{"rendered":"<div id=\"attachment_18\" style=\"width: 222px\" class=\"wp-caption alignnone\"><a href=\"http:\/\/blog.espol.edu.ec\/eeyc88\/files\/2013\/12\/CV.jpg\"><img loading=\"lazy\" decoding=\"async\" aria-describedby=\"caption-attachment-18\" class=\"size-medium wp-image-18  \" title=\"mi biograf\u00eda\" alt=\"Erick Eduardo Y\u00e9pez Cede\u00f1o, nacido el 22 de Febrero de 1988 en la ciudad de Guayaquil, Ecuador.\" src=\"http:\/\/blog.espol.edu.ec\/eeyc88\/files\/2013\/12\/CV-212x300.jpg\" width=\"212\" height=\"300\" srcset=\"https:\/\/blog.espol.edu.ec\/eeyc88\/files\/2013\/12\/CV-212x300.jpg 212w, https:\/\/blog.espol.edu.ec\/eeyc88\/files\/2013\/12\/CV-723x1024.jpg 723w\" sizes=\"auto, (max-width: 212px) 100vw, 212px\" \/><\/a><p id=\"caption-attachment-18\" class=\"wp-caption-text\">Erick Eduardo Y\u00e9pez Cede\u00f1o, nacido en Guayaquil, Ecuador, el 22 de Febrero de 1988,<br \/>Instrucci\u00f3n primaria y secundaria de colegio: Instituto T\u00e9cnico Superior Salesiano Domingo Com\u00edn, graduado de Bachiller T\u00e9cnico en Electr\u00f3nica Computacional,<br \/>Trilingue: Ingles(COPEI y Universal Business Center), Franc\u00e9s (CELEX y Alianza Francesa Guayaquil,Ecuador).<br \/>Estudios Superiores: Ingenier\u00eda en Computaci\u00f3n, ESPOL (2006),<br \/>Licenciatura en Sistemas de Informaci\u00f3n, ESPOL (2011), actualmente cursando.<\/p><\/div>\n","protected":false},"excerpt":{"rendered":"","protected":false},"author":8930,"featured_media":0,"parent":0,"menu_order":0,"comment_status":"open","ping_status":"open","template":"","meta":{"footnotes":""},"class_list":["post-36","page","type-page","status-publish","hentry"],"_links":{"self":[{"href":"https:\/\/blog.espol.edu.ec\/eeyc88\/wp-json\/wp\/v2\/pages\/36","targetHints":{"allow":["GET"]}}],"collection":[{"href":"https:\/\/blog.espol.edu.ec\/eeyc88\/wp-json\/wp\/v2\/pages"}],"about":[{"href":"https:\/\/blog.espol.edu.ec\/eeyc88\/wp-json\/wp\/v2\/types\/page"}],"author":[{"embeddable":true,"href":"https:\/\/blog.espol.edu.ec\/eeyc88\/wp-json\/wp\/v2\/users\/8930"}],"replies":[{"embeddable":true,"href":"https:\/\/blog.espol.edu.ec\/eeyc88\/wp-json\/wp\/v2\/comments?post=36"}],"version-history":[{"count":1,"href":"https:\/\/blog.espol.edu.ec\/eeyc88\/wp-json\/wp\/v2\/pages\/36\/revisions"}],"predecessor-version":[{"id":37,"href":"https:\/\/blog.espol.edu.ec\/eeyc88\/wp-json\/wp\/v2\/pages\/36\/revisions\/37"}],"wp:attachment":[{"href":"https:\/\/blog.espol.edu.ec\/eeyc88\/wp-json\/wp\/v2\/media?parent=36"}],"curies":[{"name":"wp","href":"https:\/\/api.w.org\/{rel}","templated":true}]}}