{"id":206,"date":"2013-05-26T15:53:49","date_gmt":"2013-05-26T20:53:49","guid":{"rendered":"http:\/\/blog.espol.edu.ec\/efquitui\/?page_id=206"},"modified":"2013-05-26T16:02:21","modified_gmt":"2013-05-26T21:02:21","slug":"iphone-bloqueado","status":"publish","type":"page","link":"https:\/\/blog.espol.edu.ec\/efquitui\/tutoriales\/iphone-bloqueado\/","title":{"rendered":"iPhone bloqueado"},"content":{"rendered":"<h1 style=\"text-align: center\"><span style=\"color: #333399\"><em>COMO DESACTIVAR UN IPOD TOUCH \u00a0O IPHONE BLOQUEADO POR CONTRASE\u00d1A<\/em><\/span><\/h1>\n<p>Bueno si tienen iPod que se les ha bloqueado con contrase\u00f1a podr\u00e1n a partir de este tutorial lograr desbloquearlo.<br \/>\nPRIMERA PARTE<br \/>\n<iframe loading=\"lazy\" src=\"http:\/\/www.youtube.com\/embed\/RPnfjGuy17U\" frameborder=\"0\" width=\"420\" height=\"315\"><\/iframe><br \/>\nSEGUNDA PARTE<br \/>\n<iframe loading=\"lazy\" src=\"http:\/\/www.youtube.com\/embed\/myFvqKkl9o8\" frameborder=\"0\" width=\"420\" height=\"315\"><\/iframe><br \/>\nEn estos trucos sencillos les ense\u00f1are a desbloquear un iPod \u00a0bloqueado con contrase\u00f1a, les puede pasar que se olviden la contrase\u00f1a y su dispositivo les quede inservible, y si va a\u00a0alg\u00fan\u00a0sitio para que les desbloqueen, les puedes cobrar demasiado para lo que ustedes mismo lo pueden hacer en la comodidad de sus hogares de forma\u00a0f\u00e1cil\u00a0y sin problemas.<\/p>\n","protected":false},"excerpt":{"rendered":"<p>COMO DESACTIVAR UN IPOD TOUCH \u00a0O IPHONE BLOQUEADO POR CONTRASE\u00d1A Bueno si tienen iPod que se les ha bloqueado con contrase\u00f1a podr\u00e1n a partir de este tutorial lograr desbloquearlo. PRIMERA PARTE SEGUNDA PARTE En estos trucos sencillos les ense\u00f1are a desbloquear un iPod \u00a0bloqueado con contrase\u00f1a, les puede pasar que se olviden la contrase\u00f1a y [&hellip;]<\/p>\n","protected":false},"author":8513,"featured_media":0,"parent":53,"menu_order":0,"comment_status":"open","ping_status":"open","template":"","meta":{"footnotes":""},"class_list":["post-206","page","type-page","status-publish","hentry"],"_links":{"self":[{"href":"https:\/\/blog.espol.edu.ec\/efquitui\/wp-json\/wp\/v2\/pages\/206","targetHints":{"allow":["GET"]}}],"collection":[{"href":"https:\/\/blog.espol.edu.ec\/efquitui\/wp-json\/wp\/v2\/pages"}],"about":[{"href":"https:\/\/blog.espol.edu.ec\/efquitui\/wp-json\/wp\/v2\/types\/page"}],"author":[{"embeddable":true,"href":"https:\/\/blog.espol.edu.ec\/efquitui\/wp-json\/wp\/v2\/users\/8513"}],"replies":[{"embeddable":true,"href":"https:\/\/blog.espol.edu.ec\/efquitui\/wp-json\/wp\/v2\/comments?post=206"}],"version-history":[{"count":3,"href":"https:\/\/blog.espol.edu.ec\/efquitui\/wp-json\/wp\/v2\/pages\/206\/revisions"}],"predecessor-version":[{"id":214,"href":"https:\/\/blog.espol.edu.ec\/efquitui\/wp-json\/wp\/v2\/pages\/206\/revisions\/214"}],"up":[{"embeddable":true,"href":"https:\/\/blog.espol.edu.ec\/efquitui\/wp-json\/wp\/v2\/pages\/53"}],"wp:attachment":[{"href":"https:\/\/blog.espol.edu.ec\/efquitui\/wp-json\/wp\/v2\/media?parent=206"}],"curies":[{"name":"wp","href":"https:\/\/api.w.org\/{rel}","templated":true}]}}