{"id":208,"date":"2013-05-26T15:57:12","date_gmt":"2013-05-26T20:57:12","guid":{"rendered":"http:\/\/blog.espol.edu.ec\/efquitui\/?page_id=208"},"modified":"2013-05-26T15:58:45","modified_gmt":"2013-05-26T20:58:45","slug":"taptap-for-iphone","status":"publish","type":"page","link":"https:\/\/blog.espol.edu.ec\/efquitui\/tutoriales\/taptap-for-iphone\/","title":{"rendered":"Taptap for iPhone"},"content":{"rendered":"<h1 style=\"text-align: center\"><span style=\"color: #000080\"><em><strong>Como poner canciones en tap tap revenge gratis para iPhone, iPad o iPod touch gratis.<\/strong><\/em><\/span><\/h1>\n<p><iframe loading=\"lazy\" src=\"http:\/\/www.youtube.com\/embed\/l7SVTKgKE_0\" frameborder=\"0\" width=\"420\" height=\"315\"><\/iframe><\/p>\n<p>A los fan\u00e1ticos del juego <a title=\"TAP TAP REVENGE\" href=\"https:\/\/itunes.apple.com\/ec\/app\/tap-tap-revenge-4\/id405373266?mt=8\" target=\"_blank\">Tap Tap Revenge<\/a> para productos Apple, \u00bfno les ha pasado que quieren jugar mas canciones y cada canci\u00f3n de las buenas cuesta?, bueno pues en este tutorial les ense\u00f1are a como a\u00f1adirle canciones gratis al juego sin necesidad de hacerle Jailbreak a nuestro dispositivo.<\/p>\n<p>Siguiendo estos pasos f\u00e1ciles lo podr\u00e1s hacer con \u00e9xito, no necesitas experiencia ni nada por el estilo, solo sigue los pasos que te doy al pie de la letra.<\/p>\n","protected":false},"excerpt":{"rendered":"<p>Como poner canciones en tap tap revenge gratis para iPhone, iPad o iPod touch gratis. A los fan\u00e1ticos del juego Tap Tap Revenge para productos Apple, \u00bfno les ha pasado que quieren jugar mas canciones y cada canci\u00f3n de las buenas cuesta?, bueno pues en este tutorial les ense\u00f1are a como a\u00f1adirle canciones gratis al [&hellip;]<\/p>\n","protected":false},"author":8513,"featured_media":0,"parent":53,"menu_order":0,"comment_status":"open","ping_status":"open","template":"","meta":{"footnotes":""},"class_list":["post-208","page","type-page","status-publish","hentry"],"_links":{"self":[{"href":"https:\/\/blog.espol.edu.ec\/efquitui\/wp-json\/wp\/v2\/pages\/208","targetHints":{"allow":["GET"]}}],"collection":[{"href":"https:\/\/blog.espol.edu.ec\/efquitui\/wp-json\/wp\/v2\/pages"}],"about":[{"href":"https:\/\/blog.espol.edu.ec\/efquitui\/wp-json\/wp\/v2\/types\/page"}],"author":[{"embeddable":true,"href":"https:\/\/blog.espol.edu.ec\/efquitui\/wp-json\/wp\/v2\/users\/8513"}],"replies":[{"embeddable":true,"href":"https:\/\/blog.espol.edu.ec\/efquitui\/wp-json\/wp\/v2\/comments?post=208"}],"version-history":[{"count":4,"href":"https:\/\/blog.espol.edu.ec\/efquitui\/wp-json\/wp\/v2\/pages\/208\/revisions"}],"predecessor-version":[{"id":212,"href":"https:\/\/blog.espol.edu.ec\/efquitui\/wp-json\/wp\/v2\/pages\/208\/revisions\/212"}],"up":[{"embeddable":true,"href":"https:\/\/blog.espol.edu.ec\/efquitui\/wp-json\/wp\/v2\/pages\/53"}],"wp:attachment":[{"href":"https:\/\/blog.espol.edu.ec\/efquitui\/wp-json\/wp\/v2\/media?parent=208"}],"curies":[{"name":"wp","href":"https:\/\/api.w.org\/{rel}","templated":true}]}}