{"id":53,"date":"2013-05-20T13:59:48","date_gmt":"2013-05-20T13:59:48","guid":{"rendered":"http:\/\/blog.espol.edu.ec\/efquitui\/?page_id=53"},"modified":"2013-05-26T16:44:04","modified_gmt":"2013-05-26T21:44:04","slug":"tutoriales","status":"publish","type":"page","link":"https:\/\/blog.espol.edu.ec\/efquitui\/tutoriales\/","title":{"rendered":"TUTORIALES"},"content":{"rendered":"<h1 style=\"text-align: center\"><span style=\"color: #000080\">P\u00e1gina de tutoriales<\/span><\/h1>\n<h4><span style=\"color: #800000\">\u00bfQu\u00e9 es un tutorial?<\/span><\/h4>\n<p>Son sistemas instructivos de\u00a0<a title=\"Autoaprendizaje\" href=\"http:\/\/es.wikipedia.org\/wiki\/Autoaprendizaje\">autoaprendizaje<\/a>\u00a0que pretenden simular al maestro y muestran al usuario el desarrollo de alg\u00fan procedimiento o los pasos para realizar determinada actividad. T\u00edpicamente un sistema tutorial incluye cuatro grandes fases:<\/p>\n<ul>\n<li><strong>Fase introductoria<\/strong>: genera motivaci\u00f3n y se centra la atenci\u00f3n<\/li>\n<li><strong>Fase de orientaci\u00f3n inicial<\/strong>: se da la codificaci\u00f3n, almacenaje y retenci\u00f3n de lo aprendido<\/li>\n<li><strong>Fase de aplicaci\u00f3n<\/strong>: evocaci\u00f3n y transferencia de lo aprendido<\/li>\n<li><strong>Fase de retroalimentaci\u00f3n<\/strong>: en la que se demuestra lo aprendido y se ofrece retroinformaci\u00f3n y refuerzo (Galvis, 1992).<\/li>\n<\/ul>\n<p>Un tutorial\u00a0normalmente consiste en una serie de pasos que van aumentando el nivel de dificultad y entendimiento. Por este motivo, es mejor seguir los tutoriales en su secuencia l\u00f3gica para que el usuario entienda todos los componentes.<\/p>\n<p>En esta pagina les presentare algunos tutoriales que he hecho, tengo unos pocos pero no los he editado, con el tiempo los subir\u00e9.<\/p>\n<p>&nbsp;<\/p>\n<p>PON EN LOS COMENTARIOS SI TE SIRVIO EL TUTORIAL, Y SI DESEAS QUE HAGA UN TUTORIAL.<\/p>\n<p>&nbsp;<\/p>\n<p>TUTORIALES:<\/p>\n<p>1) COMO CAMBIAR LA CONTRASE\u00d1A DE TU IOS APPLE<\/p>\n<p><a href=\"http:\/\/blog.espol.edu.ec\/efquitui\/tutoriales\/iphone-bloqueado\/\"><img loading=\"lazy\" decoding=\"async\" class=\"aligncenter size-medium wp-image-223\" src=\"http:\/\/blog.espol.edu.ec\/efquitui\/files\/2013\/05\/screenshotyg-300x198.jpg\" alt=\"Tutorial de como quitar la contrase\u00f1a de un iPod, iPhone, iPad, bloqueado por contrase\u00f1a\" width=\"300\" height=\"198\" srcset=\"https:\/\/blog.espol.edu.ec\/efquitui\/files\/2013\/05\/screenshotyg-300x198.jpg 300w, https:\/\/blog.espol.edu.ec\/efquitui\/files\/2013\/05\/screenshotyg.jpg 633w\" sizes=\"auto, (max-width: 300px) 100vw, 300px\" \/><\/a><\/p>\n<p>&nbsp;<\/p>\n<p>2) COMO A\u00d1ADIR CANCIONES DE COSTO AL JUEGO DE TAP \u00a0TAP REVENGE DE MANERA GRATUITA PARA TODOS LOS DISPOSITIVOS IOS DE APPLE<\/p>\n<p style=\"text-align: center\"><a href=\"http:\/\/blog.espol.edu.ec\/efquitui\/tutoriales\/taptap-for-iphone\/\"><img loading=\"lazy\" decoding=\"async\" class=\"aligncenter size-full wp-image-224\" src=\"http:\/\/blog.espol.edu.ec\/efquitui\/files\/2013\/05\/3b81b4f724c33e46282e5b78aa3998cedd87d9739b7bd254410d23f7fac813cf.jpg\" alt=\"Tutorial para poner canciones gratuitas en tap tap revende gratis\" width=\"300\" height=\"300\" srcset=\"https:\/\/blog.espol.edu.ec\/efquitui\/files\/2013\/05\/3b81b4f724c33e46282e5b78aa3998cedd87d9739b7bd254410d23f7fac813cf.jpg 300w, https:\/\/blog.espol.edu.ec\/efquitui\/files\/2013\/05\/3b81b4f724c33e46282e5b78aa3998cedd87d9739b7bd254410d23f7fac813cf-150x150.jpg 150w\" sizes=\"auto, (max-width: 300px) 100vw, 300px\" \/><\/a><\/p>\n<p style=\"text-align: left\">3) CAMBIAR FONDO DE PANTALLA EN WINDOWS7 STARTER SIN NECESIDAD DE UTILIZAR PROGRAMAS<\/p>\n<p style=\"text-align: left\"><a href=\"http:\/\/blog.espol.edu.ec\/efquitui\/tutoriales\/216-2\/\"><img loading=\"lazy\" decoding=\"async\" class=\"aligncenter size-medium wp-image-226\" src=\"http:\/\/blog.espol.edu.ec\/efquitui\/files\/2013\/05\/starter-background-changer-300x225.jpg\" alt=\"cambiar fondo de pantalla en windows starter\" width=\"300\" height=\"225\" srcset=\"https:\/\/blog.espol.edu.ec\/efquitui\/files\/2013\/05\/starter-background-changer-300x225.jpg 300w, https:\/\/blog.espol.edu.ec\/efquitui\/files\/2013\/05\/starter-background-changer.jpg 500w\" sizes=\"auto, (max-width: 300px) 100vw, 300px\" \/><\/a><\/p>\n","protected":false},"excerpt":{"rendered":"<p>P\u00e1gina de tutoriales \u00bfQu\u00e9 es un tutorial? Son sistemas instructivos de\u00a0autoaprendizaje\u00a0que pretenden simular al maestro y muestran al usuario el desarrollo de alg\u00fan procedimiento o los pasos para realizar determinada actividad. T\u00edpicamente un sistema tutorial incluye cuatro grandes fases: Fase introductoria: genera motivaci\u00f3n y se centra la atenci\u00f3n Fase de orientaci\u00f3n inicial: se da la [&hellip;]<\/p>\n","protected":false},"author":8513,"featured_media":0,"parent":0,"menu_order":0,"comment_status":"open","ping_status":"open","template":"","meta":{"footnotes":""},"class_list":["post-53","page","type-page","status-publish","hentry"],"_links":{"self":[{"href":"https:\/\/blog.espol.edu.ec\/efquitui\/wp-json\/wp\/v2\/pages\/53","targetHints":{"allow":["GET"]}}],"collection":[{"href":"https:\/\/blog.espol.edu.ec\/efquitui\/wp-json\/wp\/v2\/pages"}],"about":[{"href":"https:\/\/blog.espol.edu.ec\/efquitui\/wp-json\/wp\/v2\/types\/page"}],"author":[{"embeddable":true,"href":"https:\/\/blog.espol.edu.ec\/efquitui\/wp-json\/wp\/v2\/users\/8513"}],"replies":[{"embeddable":true,"href":"https:\/\/blog.espol.edu.ec\/efquitui\/wp-json\/wp\/v2\/comments?post=53"}],"version-history":[{"count":17,"href":"https:\/\/blog.espol.edu.ec\/efquitui\/wp-json\/wp\/v2\/pages\/53\/revisions"}],"predecessor-version":[{"id":228,"href":"https:\/\/blog.espol.edu.ec\/efquitui\/wp-json\/wp\/v2\/pages\/53\/revisions\/228"}],"wp:attachment":[{"href":"https:\/\/blog.espol.edu.ec\/efquitui\/wp-json\/wp\/v2\/media?parent=53"}],"curies":[{"name":"wp","href":"https:\/\/api.w.org\/{rel}","templated":true}]}}