{"id":119,"date":"2021-05-14T17:57:26","date_gmt":"2021-05-14T15:57:26","guid":{"rendered":"http:\/\/blog.espol.edu.ec\/electricidadbasica\/?page_id=119"},"modified":"2024-03-31T14:01:03","modified_gmt":"2024-03-31T19:01:03","slug":"videos-tutoriales","status":"publish","type":"page","link":"https:\/\/blog.espol.edu.ec\/electricidadbasica\/videos-tutoriales\/","title":{"rendered":"Videos Tutoriales"},"content":{"rendered":"<p>En el siguiente enlace encontrar\u00e1n pr\u00e1cticas grabadas de las pr\u00e1cticas de Electricidad: <a href=\"https:\/\/drive.google.com\/drive\/folders\/1VykYiGCZIeNvs_8o8Kd4qEalvtWW2dyU?usp=sharing\">link<\/a><\/p>\n<p><strong>Leyes fundamentales: Ley de Ohm<\/strong><\/p>\n<p><iframe loading=\"lazy\" title=\"YouTube video player\" src=\"https:\/\/www.youtube.com\/embed\/7bMpZgLcQJw\" width=\"280\" height=\"155\" frameborder=\"0\" allowfullscreen=\"allowfullscreen\"><span style=\"width: 0px;overflow: hidden;line-height: 0\" class=\"mce_SELRES_start\">\ufeff<\/span><\/iframe><\/p>\n<p><strong>Circuitos trif\u00e1sicos<\/strong><\/p>\n<p><iframe loading=\"lazy\" title=\"YouTube video player\" src=\"https:\/\/www.youtube.com\/embed\/EGlTyxSJzt0\" width=\"280\" height=\"155\" frameborder=\"0\" allowfullscreen=\"allowfullscreen\"><\/iframe><\/p>\n<p><strong>Transformadores<\/strong><\/p>\n<p><iframe loading=\"lazy\" title=\"YouTube video player\" src=\"https:\/\/www.youtube.com\/embed\/uEMa5j3nEUM\" width=\"280\" height=\"155\" frameborder=\"0\" allowfullscreen=\"allowfullscreen\"><\/iframe><\/p>\n<p><strong>M\u00e1quinas CC<\/strong><\/p>\n<p><iframe loading=\"lazy\" title=\"YouTube video player\" src=\"https:\/\/www.youtube.com\/embed\/Dz0xIg2_8yk\" width=\"280\" height=\"155\" frameborder=\"0\" allowfullscreen=\"allowfullscreen\"><\/iframe><\/p>\n<p>&nbsp;<\/p>\n<p><strong>Pr\u00e1ctica 1.-Video Tutorial de Charla de Seguridad<\/strong><\/p>\n<p><iframe loading=\"lazy\" title=\"YouTube video player\" src=\"https:\/\/www.youtube.com\/embed\/Dta1nUsjPiQ\" width=\"280\" height=\"155\" frameborder=\"0\" allowfullscreen=\"allowfullscreen\"><\/iframe><\/p>\n<p><strong>Pr\u00e1ctica 2.- Introducci\u00f3n al Software Multisim y Equipos de Simulaci\u00f3n<\/strong><\/p>\n<p><iframe loading=\"lazy\" title=\"YouTube video player\" src=\"https:\/\/www.youtube.com\/embed\/RgHTUY1quE8\" width=\"280\" height=\"155\" frameborder=\"0\" allowfullscreen=\"allowfullscreen\"><\/iframe><\/p>\n<p><strong>Pr\u00e1ctica 3.- An\u00e1lisis de Circuitos en DC<\/strong><\/p>\n<p><iframe loading=\"lazy\" title=\"YouTube video player\" src=\"https:\/\/www.youtube.com\/embed\/t-2V_CSFlJo\" width=\"280\" height=\"155\" frameborder=\"0\" allowfullscreen=\"allowfullscreen\"><span style=\"width: 0px;overflow: hidden;line-height: 0\" class=\"mce_SELRES_start\">\ufeff<\/span><\/iframe><\/p>\n<p><strong>Pr\u00e1ctica 4.-Teorema de Circuitos<\/strong><\/p>\n<p><iframe loading=\"lazy\" title=\"YouTube video player\" src=\"https:\/\/www.youtube.com\/embed\/nG4ZJQOrotY\" width=\"280\" height=\"155\" frameborder=\"0\" allowfullscreen=\"allowfullscreen\"><span style=\"width: 0px;overflow: hidden;line-height: 0\" class=\"mce_SELRES_start\">\ufeff<\/span><\/iframe><\/p>\n<p><strong>Pr\u00e1ctica 5.- An\u00e1lisis de circuitos en AC<\/strong><\/p>\n<p><iframe loading=\"lazy\" title=\"YouTube video player\" src=\"https:\/\/www.youtube.com\/embed\/IEi8LdmmRXs\" width=\"280\" height=\"155\" frameborder=\"0\" allowfullscreen=\"allowfullscreen\"><span style=\"width: 0px;overflow: hidden;line-height: 0\" class=\"mce_SELRES_start\">\ufeff<\/span><span style=\"width: 0px;overflow: hidden;line-height: 0\" class=\"mce_SELRES_start\">\ufeff<\/span><\/iframe><\/p>\n<p><strong>Pr\u00e1ctica 6.- Mejoramiento del Factor de Potencia en un circuito AC<\/strong><\/p>\n<p><iframe loading=\"lazy\" title=\"YouTube video player\" src=\"https:\/\/www.youtube.com\/embed\/oKQPLHRIAas\" width=\"280\" height=\"155\" frameborder=\"0\" allowfullscreen=\"allowfullscreen\"><\/iframe><\/p>\n<p><strong>Pr\u00e1ctica 7.- An\u00e1lisis de Circuitos trif\u00e1sicos<\/strong><br \/>\n<iframe loading=\"lazy\" title=\"YouTube video player\" src=\"https:\/\/www.youtube.com\/embed\/yjWTjYeRQUs\" width=\"280\" height=\"155\" frameborder=\"0\" allowfullscreen=\"allowfullscreen\"><\/iframe><\/p>\n<p><iframe loading=\"lazy\" title=\"An\u00e1lisis de Circuitos Trif\u00e1sicos - Simulaci\u00f3n en Simulink\" width=\"525\" height=\"295\" src=\"https:\/\/www.youtube.com\/embed\/B44DSsO0Knk?feature=oembed\" frameborder=\"0\" allow=\"accelerometer; autoplay; clipboard-write; encrypted-media; gyroscope; picture-in-picture; web-share\" referrerpolicy=\"strict-origin-when-cross-origin\" allowfullscreen><\/iframe><\/p>\n<p><iframe loading=\"lazy\" title=\"An\u00e1lisis de Circuitos Trif\u00e1sicos - Simulaci\u00f3n en Multisim\" width=\"525\" height=\"295\" src=\"https:\/\/www.youtube.com\/embed\/j7YmeLh9rrY?feature=oembed\" frameborder=\"0\" allow=\"accelerometer; autoplay; clipboard-write; encrypted-media; gyroscope; picture-in-picture; web-share\" referrerpolicy=\"strict-origin-when-cross-origin\" allowfullscreen><\/iframe><\/p>\n<p><strong>Pr\u00e1ctica 8.- Circuitos de Primer Orden<\/strong><\/p>\n<p><iframe loading=\"lazy\" title=\"YouTube video player\" src=\"https:\/\/www.youtube.com\/embed\/VdYYeclpwBM\" width=\"280\" height=\"155\" frameborder=\"0\" allowfullscreen=\"allowfullscreen\"><\/iframe><\/p>\n<p>&nbsp;<\/p>\n<p>&nbsp;<\/p>\n","protected":false},"excerpt":{"rendered":"<p>En el siguiente enlace encontrar\u00e1n pr\u00e1cticas grabadas de las pr\u00e1cticas de Electricidad: link Leyes fundamentales: Ley de Ohm \ufeff Circuitos trif\u00e1sicos Transformadores M\u00e1quinas CC &nbsp; Pr\u00e1ctica 1.-Video Tutorial de Charla de Seguridad Pr\u00e1ctica 2.- Introducci\u00f3n al Software Multisim y Equipos de Simulaci\u00f3n Pr\u00e1ctica 3.- An\u00e1lisis de Circuitos en DC \ufeff Pr\u00e1ctica 4.-Teorema de Circuitos \ufeff &hellip; <\/p>\n<p class=\"link-more\"><a href=\"https:\/\/blog.espol.edu.ec\/electricidadbasica\/videos-tutoriales\/\" class=\"more-link\">Continuar leyendo<span class=\"screen-reader-text\"> \"Videos Tutoriales\"<\/span><\/a><\/p>\n","protected":false},"author":5765,"featured_media":0,"parent":0,"menu_order":0,"comment_status":"closed","ping_status":"closed","template":"","meta":{"footnotes":""},"class_list":["post-119","page","type-page","status-publish","hentry"],"_links":{"self":[{"href":"https:\/\/blog.espol.edu.ec\/electricidadbasica\/wp-json\/wp\/v2\/pages\/119","targetHints":{"allow":["GET"]}}],"collection":[{"href":"https:\/\/blog.espol.edu.ec\/electricidadbasica\/wp-json\/wp\/v2\/pages"}],"about":[{"href":"https:\/\/blog.espol.edu.ec\/electricidadbasica\/wp-json\/wp\/v2\/types\/page"}],"author":[{"embeddable":true,"href":"https:\/\/blog.espol.edu.ec\/electricidadbasica\/wp-json\/wp\/v2\/users\/5765"}],"replies":[{"embeddable":true,"href":"https:\/\/blog.espol.edu.ec\/electricidadbasica\/wp-json\/wp\/v2\/comments?post=119"}],"version-history":[{"count":29,"href":"https:\/\/blog.espol.edu.ec\/electricidadbasica\/wp-json\/wp\/v2\/pages\/119\/revisions"}],"predecessor-version":[{"id":673,"href":"https:\/\/blog.espol.edu.ec\/electricidadbasica\/wp-json\/wp\/v2\/pages\/119\/revisions\/673"}],"wp:attachment":[{"href":"https:\/\/blog.espol.edu.ec\/electricidadbasica\/wp-json\/wp\/v2\/media?parent=119"}],"curies":[{"name":"wp","href":"https:\/\/api.w.org\/{rel}","templated":true}]}}