{"id":21,"date":"2020-10-07T21:32:03","date_gmt":"2020-10-07T19:32:03","guid":{"rendered":"http:\/\/blog.espol.edu.ec\/electricidadbasica\/?page_id=21"},"modified":"2025-05-07T14:14:20","modified_gmt":"2025-05-07T19:14:20","slug":"profesores-de-laboratorio","status":"publish","type":"page","link":"https:\/\/blog.espol.edu.ec\/electricidadbasica\/profesores-de-laboratorio\/","title":{"rendered":"Profesores de Laboratorio"},"content":{"rendered":"<ul>\n<li>Ing. F\u00e9lix Moncayo<\/li>\n<li>Ing. Dom\u00e9nica Apolo<\/li>\n<li>Ing. Jos\u00e9 Cueva<\/li>\n<li>Ing. Patricio Gonzalez<\/li>\n<li>Ing. Dennys Paillacho<\/li>\n<\/ul>\n","protected":false},"excerpt":{"rendered":"<p>Ing. F\u00e9lix Moncayo Ing. Dom\u00e9nica Apolo Ing. Jos\u00e9 Cueva Ing. Patricio Gonzalez Ing. Dennys Paillacho<\/p>\n","protected":false},"author":11149,"featured_media":0,"parent":0,"menu_order":0,"comment_status":"closed","ping_status":"closed","template":"","meta":{"footnotes":""},"class_list":["post-21","page","type-page","status-publish","hentry"],"_links":{"self":[{"href":"https:\/\/blog.espol.edu.ec\/electricidadbasica\/wp-json\/wp\/v2\/pages\/21","targetHints":{"allow":["GET"]}}],"collection":[{"href":"https:\/\/blog.espol.edu.ec\/electricidadbasica\/wp-json\/wp\/v2\/pages"}],"about":[{"href":"https:\/\/blog.espol.edu.ec\/electricidadbasica\/wp-json\/wp\/v2\/types\/page"}],"author":[{"embeddable":true,"href":"https:\/\/blog.espol.edu.ec\/electricidadbasica\/wp-json\/wp\/v2\/users\/11149"}],"replies":[{"embeddable":true,"href":"https:\/\/blog.espol.edu.ec\/electricidadbasica\/wp-json\/wp\/v2\/comments?post=21"}],"version-history":[{"count":15,"href":"https:\/\/blog.espol.edu.ec\/electricidadbasica\/wp-json\/wp\/v2\/pages\/21\/revisions"}],"predecessor-version":[{"id":738,"href":"https:\/\/blog.espol.edu.ec\/electricidadbasica\/wp-json\/wp\/v2\/pages\/21\/revisions\/738"}],"wp:attachment":[{"href":"https:\/\/blog.espol.edu.ec\/electricidadbasica\/wp-json\/wp\/v2\/media?parent=21"}],"curies":[{"name":"wp","href":"https:\/\/api.w.org\/{rel}","templated":true}]}}