{"id":255,"date":"2022-04-18T21:39:47","date_gmt":"2022-04-18T19:39:47","guid":{"rendered":"http:\/\/blog.espol.edu.ec\/electricidadbasica\/?page_id=255"},"modified":"2025-09-29T11:35:16","modified_gmt":"2025-09-29T16:35:16","slug":"prepracticas","status":"publish","type":"page","link":"https:\/\/blog.espol.edu.ec\/electricidadbasica\/prepracticas\/","title":{"rendered":"Prepr\u00e1cticas"},"content":{"rendered":"<div id=\"pl-255\"  class=\"panel-layout\" ><div id=\"pg-255-0\"  class=\"panel-grid panel-no-style\" ><div id=\"pgc-255-0-0\"  class=\"panel-grid-cell\" ><div id=\"panel-255-0-0-0\" class=\"so-panel widget widget_sow-accordion panel-first-child panel-last-child\" data-index=\"0\" ><div\n\t\t\t\n\t\t\tclass=\"so-widget-sow-accordion so-widget-sow-accordion-default-99be652ed941-255\"\n\t\t\t\n\t\t><div>\n\t<div class=\"sow-accordion\">\n\t\t\t<div class=\"sow-accordion-panel\n\t\t\t\t\"\n\t\t\tdata-anchor-id=\"prepractica-0-metodos-basicos-de-medicion-e-instrumentacion\">\n\t\t\t\t<div class=\"sow-accordion-panel-header-container\" role=\"heading\" aria-level=\"2\">\n\t\t\t\t\t<div class=\"sow-accordion-panel-header\" tabindex=\"0\" role=\"button\" id=\"accordion-label-prepr%c3%a1ctica-0-m%c3%a9todos-b%c3%a1sicos-de-medici%c3%b3n-e-instrumentaci%c3%b3n\" aria-controls=\"accordion-content-prepr%c3%a1ctica-0-m%c3%a9todos-b%c3%a1sicos-de-medici%c3%b3n-e-instrumentaci%c3%b3n\" aria-expanded=\"false\">\n\t\t\t\t\t\t<div class=\"sow-accordion-title sow-accordion-title-icon-left\">\n\t\t\t\t\t\t\t\t\t\t\t\t\t\tPrepr\u00e1ctica 0 - M\u00e9todos b\u00e1sicos de medici\u00f3n e instrumentaci\u00f3n\t\t\t\t\t\t\t\t\t\t\t\t\t<\/div>\n\t\t\t\t\t\t<div class=\"sow-accordion-open-close-button\">\n\t\t\t\t\t\t\t<div class=\"sow-accordion-open-button\">\n\t\t\t\t\t\t\t\t<span class=\"sow-icon-ionicons\" data-sow-icon=\"&#xf218;\"\n\t\t \n\t\taria-hidden=\"true\"><\/span>\t\t\t\t\t\t\t<\/div>\n\t\t\t\t\t\t\t<div class=\"sow-accordion-close-button\">\n\t\t\t\t\t\t\t\t<span class=\"sow-icon-ionicons\" data-sow-icon=\"&#xf209;\"\n\t\t \n\t\taria-hidden=\"true\"><\/span>\t\t\t\t\t\t\t<\/div>\n\t\t\t\t\t\t<\/div>\n\t\t\t\t\t<\/div>\n\t\t\t\t<\/div>\n\n\t\t\t<div\n\t\t\t\tclass=\"sow-accordion-panel-content\"\n\t\t\t\trole=\"region\"\n\t\t\t\taria-labelledby=\"accordion-label-prepr%c3%a1ctica-0-m%c3%a9todos-b%c3%a1sicos-de-medici%c3%b3n-e-instrumentaci%c3%b3n\"\n\t\t\t\tid=\"accordion-content-prepr%c3%a1ctica-0-m%c3%a9todos-b%c3%a1sicos-de-medici%c3%b3n-e-instrumentaci%c3%b3n\"\n\t\t\t\tstyle=\"display: none;\"\t\t\t>\n\t\t\t\t<div class=\"sow-accordion-panel-border\">\n\t\t\t\t\t<ul>\n<li><a href=\"https:\/\/drive.google.com\/open?id=1lXs_UgIo8_Ag4FTj7avJB1adCJSYCGqz&amp;usp=drive_fs\" target=\"_blank\" rel=\"noopener\">Prepr\u00e1ctica 0<\/a><\/li>\n<\/ul>\n\t\t\t\t<\/div>\n\t\t\t<\/div>\n\t\t<\/div>\n\t\t\t<div class=\"sow-accordion-panel\n\t\t\t\t\"\n\t\t\tdata-anchor-id=\"prepractica-1-charla-de-seguridad-industrial-e-introduccion-al-software-y-equipos-del-laboratorio\">\n\t\t\t\t<div class=\"sow-accordion-panel-header-container\" role=\"heading\" aria-level=\"2\">\n\t\t\t\t\t<div class=\"sow-accordion-panel-header\" tabindex=\"0\" role=\"button\" id=\"accordion-label-prepr%c3%a1ctica-1-charla-de-seguridad-industrial-e-introducci%c3%b3n-al-software-y-equipos-del-laboratorio\" aria-controls=\"accordion-content-prepr%c3%a1ctica-1-charla-de-seguridad-industrial-e-introducci%c3%b3n-al-software-y-equipos-del-laboratorio\" aria-expanded=\"false\">\n\t\t\t\t\t\t<div class=\"sow-accordion-title sow-accordion-title-icon-left\">\n\t\t\t\t\t\t\t\t\t\t\t\t\t\tPrepr\u00e1ctica 1 - Charla de seguridad industrial e introducci\u00f3n al software y equipos del Laboratorio\t\t\t\t\t\t\t\t\t\t\t\t\t<\/div>\n\t\t\t\t\t\t<div class=\"sow-accordion-open-close-button\">\n\t\t\t\t\t\t\t<div class=\"sow-accordion-open-button\">\n\t\t\t\t\t\t\t\t<span class=\"sow-icon-ionicons\" data-sow-icon=\"&#xf218;\"\n\t\t \n\t\taria-hidden=\"true\"><\/span>\t\t\t\t\t\t\t<\/div>\n\t\t\t\t\t\t\t<div class=\"sow-accordion-close-button\">\n\t\t\t\t\t\t\t\t<span class=\"sow-icon-ionicons\" data-sow-icon=\"&#xf209;\"\n\t\t \n\t\taria-hidden=\"true\"><\/span>\t\t\t\t\t\t\t<\/div>\n\t\t\t\t\t\t<\/div>\n\t\t\t\t\t<\/div>\n\t\t\t\t<\/div>\n\n\t\t\t<div\n\t\t\t\tclass=\"sow-accordion-panel-content\"\n\t\t\t\trole=\"region\"\n\t\t\t\taria-labelledby=\"accordion-label-prepr%c3%a1ctica-1-charla-de-seguridad-industrial-e-introducci%c3%b3n-al-software-y-equipos-del-laboratorio\"\n\t\t\t\tid=\"accordion-content-prepr%c3%a1ctica-1-charla-de-seguridad-industrial-e-introducci%c3%b3n-al-software-y-equipos-del-laboratorio\"\n\t\t\t\tstyle=\"display: none;\"\t\t\t>\n\t\t\t\t<div class=\"sow-accordion-panel-border\">\n\t\t\t\t\t<ul>\n<li><a href=\"https:\/\/drive.google.com\/open?id=1a9Pi0nEBYHVe3viJ7-1_sv-nFFjbUt0G&amp;usp=drive_fs\" target=\"_blank\" rel=\"noopener\">Prepr\u00e1ctica 1\u00a0<\/a><\/li>\n<\/ul>\n\t\t\t\t<\/div>\n\t\t\t<\/div>\n\t\t<\/div>\n\t\t\t<div class=\"sow-accordion-panel\n\t\t\t\t\"\n\t\t\tdata-anchor-id=\"prepractica-2-analisis-de-circuitos-en-dc\">\n\t\t\t\t<div class=\"sow-accordion-panel-header-container\" role=\"heading\" aria-level=\"2\">\n\t\t\t\t\t<div class=\"sow-accordion-panel-header\" tabindex=\"0\" role=\"button\" id=\"accordion-label-prepr%c3%a1ctica-2-an%c3%a1lisis-de-circuitos-en-dc\" aria-controls=\"accordion-content-prepr%c3%a1ctica-2-an%c3%a1lisis-de-circuitos-en-dc\" aria-expanded=\"false\">\n\t\t\t\t\t\t<div class=\"sow-accordion-title sow-accordion-title-icon-left\">\n\t\t\t\t\t\t\t\t\t\t\t\t\t\tPrepr\u00e1ctica 2 - An\u00e1lisis de circuitos en DC\t\t\t\t\t\t\t\t\t\t\t\t\t<\/div>\n\t\t\t\t\t\t<div class=\"sow-accordion-open-close-button\">\n\t\t\t\t\t\t\t<div class=\"sow-accordion-open-button\">\n\t\t\t\t\t\t\t\t<span class=\"sow-icon-ionicons\" data-sow-icon=\"&#xf218;\"\n\t\t \n\t\taria-hidden=\"true\"><\/span>\t\t\t\t\t\t\t<\/div>\n\t\t\t\t\t\t\t<div class=\"sow-accordion-close-button\">\n\t\t\t\t\t\t\t\t<span class=\"sow-icon-ionicons\" data-sow-icon=\"&#xf209;\"\n\t\t \n\t\taria-hidden=\"true\"><\/span>\t\t\t\t\t\t\t<\/div>\n\t\t\t\t\t\t<\/div>\n\t\t\t\t\t<\/div>\n\t\t\t\t<\/div>\n\n\t\t\t<div\n\t\t\t\tclass=\"sow-accordion-panel-content\"\n\t\t\t\trole=\"region\"\n\t\t\t\taria-labelledby=\"accordion-label-prepr%c3%a1ctica-2-an%c3%a1lisis-de-circuitos-en-dc\"\n\t\t\t\tid=\"accordion-content-prepr%c3%a1ctica-2-an%c3%a1lisis-de-circuitos-en-dc\"\n\t\t\t\tstyle=\"display: none;\"\t\t\t>\n\t\t\t\t<div class=\"sow-accordion-panel-border\">\n\t\t\t\t\t<ul>\n<li><a href=\"https:\/\/drive.google.com\/open?id=18g3fDGyiXJfW_LtnMHV0Ydbs9KpGC7hh&amp;usp=drive_fs\" target=\"_blank\" rel=\"noopener\">Prepr\u00e1ctica 2<\/a><\/li>\n<\/ul>\n\t\t\t\t<\/div>\n\t\t\t<\/div>\n\t\t<\/div>\n\t\t\t<div class=\"sow-accordion-panel\n\t\t\t\t\"\n\t\t\tdata-anchor-id=\"prepractica-3-teorema-de-circuitos\">\n\t\t\t\t<div class=\"sow-accordion-panel-header-container\" role=\"heading\" aria-level=\"2\">\n\t\t\t\t\t<div class=\"sow-accordion-panel-header\" tabindex=\"0\" role=\"button\" id=\"accordion-label-prepr%c3%a1ctica-3-teorema-de-circuitos\" aria-controls=\"accordion-content-prepr%c3%a1ctica-3-teorema-de-circuitos\" aria-expanded=\"false\">\n\t\t\t\t\t\t<div class=\"sow-accordion-title sow-accordion-title-icon-left\">\n\t\t\t\t\t\t\t\t\t\t\t\t\t\tPrepr\u00e1ctica 3 - Teorema de Circuitos\t\t\t\t\t\t\t\t\t\t\t\t\t<\/div>\n\t\t\t\t\t\t<div class=\"sow-accordion-open-close-button\">\n\t\t\t\t\t\t\t<div class=\"sow-accordion-open-button\">\n\t\t\t\t\t\t\t\t<span class=\"sow-icon-ionicons\" data-sow-icon=\"&#xf218;\"\n\t\t \n\t\taria-hidden=\"true\"><\/span>\t\t\t\t\t\t\t<\/div>\n\t\t\t\t\t\t\t<div class=\"sow-accordion-close-button\">\n\t\t\t\t\t\t\t\t<span class=\"sow-icon-ionicons\" data-sow-icon=\"&#xf209;\"\n\t\t \n\t\taria-hidden=\"true\"><\/span>\t\t\t\t\t\t\t<\/div>\n\t\t\t\t\t\t<\/div>\n\t\t\t\t\t<\/div>\n\t\t\t\t<\/div>\n\n\t\t\t<div\n\t\t\t\tclass=\"sow-accordion-panel-content\"\n\t\t\t\trole=\"region\"\n\t\t\t\taria-labelledby=\"accordion-label-prepr%c3%a1ctica-3-teorema-de-circuitos\"\n\t\t\t\tid=\"accordion-content-prepr%c3%a1ctica-3-teorema-de-circuitos\"\n\t\t\t\tstyle=\"display: none;\"\t\t\t>\n\t\t\t\t<div class=\"sow-accordion-panel-border\">\n\t\t\t\t\t<ul>\n<li><a href=\"https:\/\/drive.google.com\/open?id=1K3K5BFXTeUYIcUWIOj314dRGn0STmaZ0&amp;usp=drive_fs\" target=\"_blank\" rel=\"noopener\">Prepr\u00e1ctica 3<\/a><\/li>\n<li><a href=\"http:\/\/blog.espol.edu.ec\/electricidadbasica\/files\/2023\/01\/Infografia-Teorema-de-Th\u00e9venin.png\">Infograf\u00eda Teorema de Th\u00e9venin<\/a><\/li>\n<\/ul>\n\t\t\t\t<\/div>\n\t\t\t<\/div>\n\t\t<\/div>\n\t\t\t<div class=\"sow-accordion-panel\n\t\t\t\t\"\n\t\t\tdata-anchor-id=\"prepractica-4-analisis-de-circuitos-en-ac\">\n\t\t\t\t<div class=\"sow-accordion-panel-header-container\" role=\"heading\" aria-level=\"2\">\n\t\t\t\t\t<div class=\"sow-accordion-panel-header\" tabindex=\"0\" role=\"button\" id=\"accordion-label-prepr%c3%a1ctica-4-an%c3%a1lisis-de-circuitos-en-ac\" aria-controls=\"accordion-content-prepr%c3%a1ctica-4-an%c3%a1lisis-de-circuitos-en-ac\" aria-expanded=\"false\">\n\t\t\t\t\t\t<div class=\"sow-accordion-title sow-accordion-title-icon-left\">\n\t\t\t\t\t\t\t\t\t\t\t\t\t\tPrepr\u00e1ctica 4 - An\u00e1lisis de circuitos en AC\t\t\t\t\t\t\t\t\t\t\t\t\t<\/div>\n\t\t\t\t\t\t<div class=\"sow-accordion-open-close-button\">\n\t\t\t\t\t\t\t<div class=\"sow-accordion-open-button\">\n\t\t\t\t\t\t\t\t<span class=\"sow-icon-ionicons\" data-sow-icon=\"&#xf218;\"\n\t\t \n\t\taria-hidden=\"true\"><\/span>\t\t\t\t\t\t\t<\/div>\n\t\t\t\t\t\t\t<div class=\"sow-accordion-close-button\">\n\t\t\t\t\t\t\t\t<span class=\"sow-icon-ionicons\" data-sow-icon=\"&#xf209;\"\n\t\t \n\t\taria-hidden=\"true\"><\/span>\t\t\t\t\t\t\t<\/div>\n\t\t\t\t\t\t<\/div>\n\t\t\t\t\t<\/div>\n\t\t\t\t<\/div>\n\n\t\t\t<div\n\t\t\t\tclass=\"sow-accordion-panel-content\"\n\t\t\t\trole=\"region\"\n\t\t\t\taria-labelledby=\"accordion-label-prepr%c3%a1ctica-4-an%c3%a1lisis-de-circuitos-en-ac\"\n\t\t\t\tid=\"accordion-content-prepr%c3%a1ctica-4-an%c3%a1lisis-de-circuitos-en-ac\"\n\t\t\t\tstyle=\"display: none;\"\t\t\t>\n\t\t\t\t<div class=\"sow-accordion-panel-border\">\n\t\t\t\t\t<ul>\n<li><a href=\"https:\/\/drive.google.com\/open?id=1BWCDLexl8h2iwVMTqY7zjzsXO2f6OE6p&amp;usp=drive_fs\" target=\"_blank\" rel=\"noopener\">Prepr\u00e1ctica 4<\/a><\/li>\n<li><a href=\"https:\/\/www.youtube.com\/watch?v=qzDLK0AY7-U\" target=\"_blank\" rel=\"noopener\">PP4 - Video Tutorial<\/a><\/li>\n<\/ul>\n\t\t\t\t<\/div>\n\t\t\t<\/div>\n\t\t<\/div>\n\t\t\t<div class=\"sow-accordion-panel\n\t\t\t\t\"\n\t\t\tdata-anchor-id=\"prepractica-5-potencia-en-ac-y-mejoramiento-del-factor-de-potencia\">\n\t\t\t\t<div class=\"sow-accordion-panel-header-container\" role=\"heading\" aria-level=\"2\">\n\t\t\t\t\t<div class=\"sow-accordion-panel-header\" tabindex=\"0\" role=\"button\" id=\"accordion-label-prepr%c3%a1ctica-5-potencia-en-ac-y-mejoramiento-del-factor-de-potencia\" aria-controls=\"accordion-content-prepr%c3%a1ctica-5-potencia-en-ac-y-mejoramiento-del-factor-de-potencia\" aria-expanded=\"false\">\n\t\t\t\t\t\t<div class=\"sow-accordion-title sow-accordion-title-icon-left\">\n\t\t\t\t\t\t\t\t\t\t\t\t\t\tPrepr\u00e1ctica 5 - Potencia en AC y mejoramiento del factor de potencia\t\t\t\t\t\t\t\t\t\t\t\t\t<\/div>\n\t\t\t\t\t\t<div class=\"sow-accordion-open-close-button\">\n\t\t\t\t\t\t\t<div class=\"sow-accordion-open-button\">\n\t\t\t\t\t\t\t\t<span class=\"sow-icon-ionicons\" data-sow-icon=\"&#xf218;\"\n\t\t \n\t\taria-hidden=\"true\"><\/span>\t\t\t\t\t\t\t<\/div>\n\t\t\t\t\t\t\t<div class=\"sow-accordion-close-button\">\n\t\t\t\t\t\t\t\t<span class=\"sow-icon-ionicons\" data-sow-icon=\"&#xf209;\"\n\t\t \n\t\taria-hidden=\"true\"><\/span>\t\t\t\t\t\t\t<\/div>\n\t\t\t\t\t\t<\/div>\n\t\t\t\t\t<\/div>\n\t\t\t\t<\/div>\n\n\t\t\t<div\n\t\t\t\tclass=\"sow-accordion-panel-content\"\n\t\t\t\trole=\"region\"\n\t\t\t\taria-labelledby=\"accordion-label-prepr%c3%a1ctica-5-potencia-en-ac-y-mejoramiento-del-factor-de-potencia\"\n\t\t\t\tid=\"accordion-content-prepr%c3%a1ctica-5-potencia-en-ac-y-mejoramiento-del-factor-de-potencia\"\n\t\t\t\tstyle=\"display: none;\"\t\t\t>\n\t\t\t\t<div class=\"sow-accordion-panel-border\">\n\t\t\t\t\t<ul>\n<li><a href=\"https:\/\/drive.google.com\/open?id=11pQYdixplxAN1fjJZ4PlFVhjj7gobsr-&amp;usp=drive_fs\" target=\"_blank\" rel=\"noopener\">Prepr\u00e1ctica 5<\/a><\/li>\n<li><a href=\"https:\/\/www.youtube.com\/watch?v=NVZf0fD_DXU&amp;t=3s\" target=\"_blank\" rel=\"noopener\">PP5- Video Tutorial<\/a><\/li>\n<\/ul>\n\t\t\t\t<\/div>\n\t\t\t<\/div>\n\t\t<\/div>\n\t\t\t<div class=\"sow-accordion-panel\n\t\t\t\t\"\n\t\t\tdata-anchor-id=\"prepractica-6-analisis-de-circuitos-trifasicos\">\n\t\t\t\t<div class=\"sow-accordion-panel-header-container\" role=\"heading\" aria-level=\"2\">\n\t\t\t\t\t<div class=\"sow-accordion-panel-header\" tabindex=\"0\" role=\"button\" id=\"accordion-label-prepr%c3%a1ctica-6-an%c3%a1lisis-de-circuitos-trif%c3%a1sicos\" aria-controls=\"accordion-content-prepr%c3%a1ctica-6-an%c3%a1lisis-de-circuitos-trif%c3%a1sicos\" aria-expanded=\"false\">\n\t\t\t\t\t\t<div class=\"sow-accordion-title sow-accordion-title-icon-left\">\n\t\t\t\t\t\t\t\t\t\t\t\t\t\tPrepr\u00e1ctica 6 - An\u00e1lisis de circuitos trif\u00e1sicos\t\t\t\t\t\t\t\t\t\t\t\t\t<\/div>\n\t\t\t\t\t\t<div class=\"sow-accordion-open-close-button\">\n\t\t\t\t\t\t\t<div class=\"sow-accordion-open-button\">\n\t\t\t\t\t\t\t\t<span class=\"sow-icon-ionicons\" data-sow-icon=\"&#xf218;\"\n\t\t \n\t\taria-hidden=\"true\"><\/span>\t\t\t\t\t\t\t<\/div>\n\t\t\t\t\t\t\t<div class=\"sow-accordion-close-button\">\n\t\t\t\t\t\t\t\t<span class=\"sow-icon-ionicons\" data-sow-icon=\"&#xf209;\"\n\t\t \n\t\taria-hidden=\"true\"><\/span>\t\t\t\t\t\t\t<\/div>\n\t\t\t\t\t\t<\/div>\n\t\t\t\t\t<\/div>\n\t\t\t\t<\/div>\n\n\t\t\t<div\n\t\t\t\tclass=\"sow-accordion-panel-content\"\n\t\t\t\trole=\"region\"\n\t\t\t\taria-labelledby=\"accordion-label-prepr%c3%a1ctica-6-an%c3%a1lisis-de-circuitos-trif%c3%a1sicos\"\n\t\t\t\tid=\"accordion-content-prepr%c3%a1ctica-6-an%c3%a1lisis-de-circuitos-trif%c3%a1sicos\"\n\t\t\t\tstyle=\"display: none;\"\t\t\t>\n\t\t\t\t<div class=\"sow-accordion-panel-border\">\n\t\t\t\t\t<ul>\n<li><a href=\"https:\/\/drive.google.com\/open?id=1TtdL-CQDAevdt9My385y5jgHTlAI-3vt&amp;usp=drive_fs\" target=\"_blank\" rel=\"noopener\">Prepr\u00e1ctica 6<\/a><\/li>\n<li><a href=\"https:\/\/www.youtube.com\/watch?v=B44DSsO0Knk&amp;t=3s\" target=\"_blank\" rel=\"noopener\">PP6 - Video Tutorial<\/a><\/li>\n<\/ul>\n<p>&nbsp;<\/p>\n\t\t\t\t<\/div>\n\t\t\t<\/div>\n\t\t<\/div>\n\t\t\t<div class=\"sow-accordion-panel\n\t\t\t\t\"\n\t\t\tdata-anchor-id=\"prepractica-7-potencia-en-circuitos-trifasicos\">\n\t\t\t\t<div class=\"sow-accordion-panel-header-container\" role=\"heading\" aria-level=\"2\">\n\t\t\t\t\t<div class=\"sow-accordion-panel-header\" tabindex=\"0\" role=\"button\" id=\"accordion-label-prepr%c3%a1ctica-7-potencia-en-circuitos-trif%c3%a1sicos\" aria-controls=\"accordion-content-prepr%c3%a1ctica-7-potencia-en-circuitos-trif%c3%a1sicos\" aria-expanded=\"false\">\n\t\t\t\t\t\t<div class=\"sow-accordion-title sow-accordion-title-icon-left\">\n\t\t\t\t\t\t\t\t\t\t\t\t\t\tPrepr\u00e1ctica 7 - Potencia en circuitos trif\u00e1sicos\t\t\t\t\t\t\t\t\t\t\t\t\t<\/div>\n\t\t\t\t\t\t<div class=\"sow-accordion-open-close-button\">\n\t\t\t\t\t\t\t<div class=\"sow-accordion-open-button\">\n\t\t\t\t\t\t\t\t<span class=\"sow-icon-ionicons\" data-sow-icon=\"&#xf218;\"\n\t\t \n\t\taria-hidden=\"true\"><\/span>\t\t\t\t\t\t\t<\/div>\n\t\t\t\t\t\t\t<div class=\"sow-accordion-close-button\">\n\t\t\t\t\t\t\t\t<span class=\"sow-icon-ionicons\" data-sow-icon=\"&#xf209;\"\n\t\t \n\t\taria-hidden=\"true\"><\/span>\t\t\t\t\t\t\t<\/div>\n\t\t\t\t\t\t<\/div>\n\t\t\t\t\t<\/div>\n\t\t\t\t<\/div>\n\n\t\t\t<div\n\t\t\t\tclass=\"sow-accordion-panel-content\"\n\t\t\t\trole=\"region\"\n\t\t\t\taria-labelledby=\"accordion-label-prepr%c3%a1ctica-7-potencia-en-circuitos-trif%c3%a1sicos\"\n\t\t\t\tid=\"accordion-content-prepr%c3%a1ctica-7-potencia-en-circuitos-trif%c3%a1sicos\"\n\t\t\t\tstyle=\"display: none;\"\t\t\t>\n\t\t\t\t<div class=\"sow-accordion-panel-border\">\n\t\t\t\t\t<ul>\n<li><a href=\"https:\/\/drive.google.com\/open?id=1QRhqeTQchn96_2mHBTS3_WY6H2iM_eO6&amp;usp=drive_fs\" target=\"_blank\" rel=\"noopener\">Prepr\u00e1ctica 7<\/a><\/li>\n<li><a href=\"https:\/\/www.youtube.com\/watch?v=SsYoUBjdJhw\" target=\"_blank\" rel=\"noopener\">PP7 - Video Tutorial<\/a><\/li>\n<\/ul>\n\t\t\t\t<\/div>\n\t\t\t<\/div>\n\t\t<\/div>\n\t\t\t<div class=\"sow-accordion-panel\n\t\t\t\t\"\n\t\t\tdata-anchor-id=\"prepractica-8-motores-y-transformadores\">\n\t\t\t\t<div class=\"sow-accordion-panel-header-container\" role=\"heading\" aria-level=\"2\">\n\t\t\t\t\t<div class=\"sow-accordion-panel-header\" tabindex=\"0\" role=\"button\" id=\"accordion-label-prepr%c3%a1ctica-8-motores-y-transformadores\" aria-controls=\"accordion-content-prepr%c3%a1ctica-8-motores-y-transformadores\" aria-expanded=\"false\">\n\t\t\t\t\t\t<div class=\"sow-accordion-title sow-accordion-title-icon-left\">\n\t\t\t\t\t\t\t\t\t\t\t\t\t\tPrepr\u00e1ctica 8 - Motores y Transformadores\t\t\t\t\t\t\t\t\t\t\t\t\t<\/div>\n\t\t\t\t\t\t<div class=\"sow-accordion-open-close-button\">\n\t\t\t\t\t\t\t<div class=\"sow-accordion-open-button\">\n\t\t\t\t\t\t\t\t<span class=\"sow-icon-ionicons\" data-sow-icon=\"&#xf218;\"\n\t\t \n\t\taria-hidden=\"true\"><\/span>\t\t\t\t\t\t\t<\/div>\n\t\t\t\t\t\t\t<div class=\"sow-accordion-close-button\">\n\t\t\t\t\t\t\t\t<span class=\"sow-icon-ionicons\" data-sow-icon=\"&#xf209;\"\n\t\t \n\t\taria-hidden=\"true\"><\/span>\t\t\t\t\t\t\t<\/div>\n\t\t\t\t\t\t<\/div>\n\t\t\t\t\t<\/div>\n\t\t\t\t<\/div>\n\n\t\t\t<div\n\t\t\t\tclass=\"sow-accordion-panel-content\"\n\t\t\t\trole=\"region\"\n\t\t\t\taria-labelledby=\"accordion-label-prepr%c3%a1ctica-8-motores-y-transformadores\"\n\t\t\t\tid=\"accordion-content-prepr%c3%a1ctica-8-motores-y-transformadores\"\n\t\t\t\tstyle=\"display: none;\"\t\t\t>\n\t\t\t\t<div class=\"sow-accordion-panel-border\">\n\t\t\t\t\t<ul>\n<li><a href=\"https:\/\/drive.google.com\/open?id=1oonwHoZ25rkwMEPPSHjjzpbiXAdsQdLD&amp;usp=drive_fs\" target=\"_blank\" rel=\"noopener\">Prepr\u00e1ctica 8<\/a><\/li>\n<li><a href=\"https:\/\/www.youtube.com\/watch?v=n1G0j-m5BlI\">PP8 - Video Tutorial<\/a><\/li>\n<\/ul>\n\t\t\t\t<\/div>\n\t\t\t<\/div>\n\t\t<\/div>\n\t\t\t<div class=\"sow-accordion-panel\n\t\t\t\t\"\n\t\t\tdata-anchor-id=\"prepractica-9-circuitos-electricos-de-primer-orden\">\n\t\t\t\t<div class=\"sow-accordion-panel-header-container\" role=\"heading\" aria-level=\"2\">\n\t\t\t\t\t<div class=\"sow-accordion-panel-header\" tabindex=\"0\" role=\"button\" id=\"accordion-label-prepr%c3%a1ctica-9-circuitos-el%c3%a9ctricos-de-primer-orden\" aria-controls=\"accordion-content-prepr%c3%a1ctica-9-circuitos-el%c3%a9ctricos-de-primer-orden\" aria-expanded=\"false\">\n\t\t\t\t\t\t<div class=\"sow-accordion-title sow-accordion-title-icon-left\">\n\t\t\t\t\t\t\t\t\t\t\t\t\t\tPrepr\u00e1ctica 9 - Circuitos El\u00e9ctricos de Primer Orden\t\t\t\t\t\t\t\t\t\t\t\t\t<\/div>\n\t\t\t\t\t\t<div class=\"sow-accordion-open-close-button\">\n\t\t\t\t\t\t\t<div class=\"sow-accordion-open-button\">\n\t\t\t\t\t\t\t\t<span class=\"sow-icon-ionicons\" data-sow-icon=\"&#xf218;\"\n\t\t \n\t\taria-hidden=\"true\"><\/span>\t\t\t\t\t\t\t<\/div>\n\t\t\t\t\t\t\t<div class=\"sow-accordion-close-button\">\n\t\t\t\t\t\t\t\t<span class=\"sow-icon-ionicons\" data-sow-icon=\"&#xf209;\"\n\t\t \n\t\taria-hidden=\"true\"><\/span>\t\t\t\t\t\t\t<\/div>\n\t\t\t\t\t\t<\/div>\n\t\t\t\t\t<\/div>\n\t\t\t\t<\/div>\n\n\t\t\t<div\n\t\t\t\tclass=\"sow-accordion-panel-content\"\n\t\t\t\trole=\"region\"\n\t\t\t\taria-labelledby=\"accordion-label-prepr%c3%a1ctica-9-circuitos-el%c3%a9ctricos-de-primer-orden\"\n\t\t\t\tid=\"accordion-content-prepr%c3%a1ctica-9-circuitos-el%c3%a9ctricos-de-primer-orden\"\n\t\t\t\tstyle=\"display: none;\"\t\t\t>\n\t\t\t\t<div class=\"sow-accordion-panel-border\">\n\t\t\t\t\t<ul>\n<li><a href=\"https:\/\/drive.google.com\/open?id=19WLrWmhBKFoJyzEx5FYfpAkbgY3c7ewy&amp;usp=drive_fs\" target=\"_blank\" rel=\"noopener\">Prepr\u00e1ctica 9<\/a><\/li>\n<li><a href=\"https:\/\/www.youtube.com\/watch?v=uxjimDaQ600\" target=\"_blank\" rel=\"noopener\">PP9 - Video Tutorial<\/a><\/li>\n<\/ul>\n\t\t\t\t<\/div>\n\t\t\t<\/div>\n\t\t<\/div>\n\t\t\t<div class=\"sow-accordion-panel\n\t\t\t\t\"\n\t\t\tdata-anchor-id=\"prepractica-10-circuitos-electricos-de-segundo-orden\">\n\t\t\t\t<div class=\"sow-accordion-panel-header-container\" role=\"heading\" aria-level=\"2\">\n\t\t\t\t\t<div class=\"sow-accordion-panel-header\" tabindex=\"0\" role=\"button\" id=\"accordion-label-prepr%c3%a1ctica-10-circuitos-el%c3%a9ctricos-de-segundo-orden\" aria-controls=\"accordion-content-prepr%c3%a1ctica-10-circuitos-el%c3%a9ctricos-de-segundo-orden\" aria-expanded=\"false\">\n\t\t\t\t\t\t<div class=\"sow-accordion-title sow-accordion-title-icon-left\">\n\t\t\t\t\t\t\t\t\t\t\t\t\t\tPrepr\u00e1ctica 10 - Circuitos El\u00e9ctricos de Segundo Orden\t\t\t\t\t\t\t\t\t\t\t\t\t<\/div>\n\t\t\t\t\t\t<div class=\"sow-accordion-open-close-button\">\n\t\t\t\t\t\t\t<div class=\"sow-accordion-open-button\">\n\t\t\t\t\t\t\t\t<span class=\"sow-icon-ionicons\" data-sow-icon=\"&#xf218;\"\n\t\t \n\t\taria-hidden=\"true\"><\/span>\t\t\t\t\t\t\t<\/div>\n\t\t\t\t\t\t\t<div class=\"sow-accordion-close-button\">\n\t\t\t\t\t\t\t\t<span class=\"sow-icon-ionicons\" data-sow-icon=\"&#xf209;\"\n\t\t \n\t\taria-hidden=\"true\"><\/span>\t\t\t\t\t\t\t<\/div>\n\t\t\t\t\t\t<\/div>\n\t\t\t\t\t<\/div>\n\t\t\t\t<\/div>\n\n\t\t\t<div\n\t\t\t\tclass=\"sow-accordion-panel-content\"\n\t\t\t\trole=\"region\"\n\t\t\t\taria-labelledby=\"accordion-label-prepr%c3%a1ctica-10-circuitos-el%c3%a9ctricos-de-segundo-orden\"\n\t\t\t\tid=\"accordion-content-prepr%c3%a1ctica-10-circuitos-el%c3%a9ctricos-de-segundo-orden\"\n\t\t\t\tstyle=\"display: none;\"\t\t\t>\n\t\t\t\t<div class=\"sow-accordion-panel-border\">\n\t\t\t\t\t<ul>\n<li><a href=\"https:\/\/drive.google.com\/open?id=1ZbscqLgdL_IThxUzapDCdTP1Cx0MQp72&amp;usp=drive_fs\" target=\"_blank\" rel=\"noopener\">Prepr\u00e1ctica 10\u00a0<\/a><\/li>\n<li><a href=\"https:\/\/www.youtube.com\/watch?v=M8iwF_aKmZ8\" target=\"_blank\" rel=\"noopener\">PP10 - Video Tutorial<\/a><\/li>\n<\/ul>\n\t\t\t\t<\/div>\n\t\t\t<\/div>\n\t\t<\/div>\n\t\t<\/div>\n<\/div>\n<\/div><\/div><\/div><\/div><\/div>","protected":false},"excerpt":{"rendered":"<p>Prepr\u00e1ctica 0 - M\u00e9todos b\u00e1sicos de medici\u00f3n e instrumentaci\u00f3n Prepr\u00e1ctica 0 Prepr\u00e1ctica 1 - Charla de seguridad industrial e introducci\u00f3n al software y equipos del Laboratorio Prepr\u00e1ctica 1\u00a0 Prepr\u00e1ctica 2 - An\u00e1lisis de circuitos en DC Prepr\u00e1ctica 2 Prepr\u00e1ctica 3 - Teorema de Circuitos Prepr\u00e1ctica 3 Infograf\u00eda Teorema de Th\u00e9venin Prepr\u00e1ctica 4 - An\u00e1lisis de &hellip; <\/p>\n<p class=\"link-more\"><a href=\"https:\/\/blog.espol.edu.ec\/electricidadbasica\/prepracticas\/\" class=\"more-link\">Continuar leyendo<span class=\"screen-reader-text\"> \"Prepr\u00e1cticas\"<\/span><\/a><\/p>\n","protected":false},"author":5765,"featured_media":0,"parent":0,"menu_order":0,"comment_status":"closed","ping_status":"closed","template":"","meta":{"footnotes":""},"class_list":["post-255","page","type-page","status-publish","hentry"],"_links":{"self":[{"href":"https:\/\/blog.espol.edu.ec\/electricidadbasica\/wp-json\/wp\/v2\/pages\/255","targetHints":{"allow":["GET"]}}],"collection":[{"href":"https:\/\/blog.espol.edu.ec\/electricidadbasica\/wp-json\/wp\/v2\/pages"}],"about":[{"href":"https:\/\/blog.espol.edu.ec\/electricidadbasica\/wp-json\/wp\/v2\/types\/page"}],"author":[{"embeddable":true,"href":"https:\/\/blog.espol.edu.ec\/electricidadbasica\/wp-json\/wp\/v2\/users\/5765"}],"replies":[{"embeddable":true,"href":"https:\/\/blog.espol.edu.ec\/electricidadbasica\/wp-json\/wp\/v2\/comments?post=255"}],"version-history":[{"count":82,"href":"https:\/\/blog.espol.edu.ec\/electricidadbasica\/wp-json\/wp\/v2\/pages\/255\/revisions"}],"predecessor-version":[{"id":766,"href":"https:\/\/blog.espol.edu.ec\/electricidadbasica\/wp-json\/wp\/v2\/pages\/255\/revisions\/766"}],"wp:attachment":[{"href":"https:\/\/blog.espol.edu.ec\/electricidadbasica\/wp-json\/wp\/v2\/media?parent=255"}],"curies":[{"name":"wp","href":"https:\/\/api.w.org\/{rel}","templated":true}]}}