{"id":4,"date":"2020-10-06T00:31:24","date_gmt":"2020-10-05T22:31:24","guid":{"rendered":"http:\/\/blog.espol.edu.ec\/electricidadbasica\/?page_id=4"},"modified":"2025-10-02T11:06:03","modified_gmt":"2025-10-02T16:06:03","slug":"politicas-de-curso","status":"publish","type":"page","link":"https:\/\/blog.espol.edu.ec\/electricidadbasica\/politicas-de-curso\/","title":{"rendered":"Pol\u00edticas de curso"},"content":{"rendered":"<p>Estimados estudiantes se adjuntan las pol\u00edticas del curso<\/p>\n<ul>\n<li><a href=\"https:\/\/drive.google.com\/open?id=121JkHR2Svt51Qd8hLRvg9aPzvjWt5Gcu&amp;usp=drive_fs\" target=\"_blank\" rel=\"noopener noreferrer\">Pol\u00edticas del Laboratorio de Electricidad B\u00e1sica PAO I 2025<\/a><\/li>\n<li><a href=\"https:\/\/drive.google.com\/open?id=1Nw5Opx5ipe77SnFYyIe8RCUJwBNsZqMW&amp;usp=drive_fs\" target=\"_blank\" rel=\"noopener noreferrer\">Horarios PAO I 2025<\/a><\/li>\n<li><a href=\"https:\/\/drive.google.com\/open?id=12ZNvuavqx727rOrkSYBrDv8nwqT1BNZ1&amp;usp=drive_fs\" target=\"_blank\" rel=\"noopener noreferrer\">Cronograma Semanal Electricidad B\u00e1sica PAO I 2025<\/a><\/li>\n<li><a href=\"http:\/\/blog.espol.edu.ec\/electricidadbasica\/files\/2022\/10\/Normas-de-seguridad-del-Laboratorio-1.pdf\" target=\"_blank\" rel=\"noopener noreferrer\">Normas de seguridad del Laboratorio<\/a><\/li>\n<\/ul>\n<p>&nbsp;<\/p>\n<p>&nbsp;<\/p>\n<p>&nbsp;<\/p>\n<p>&nbsp;<\/p>\n<p>&nbsp;<\/p>\n","protected":false},"excerpt":{"rendered":"<p>Estimados estudiantes se adjuntan las pol\u00edticas del curso Pol\u00edticas del Laboratorio de Electricidad B\u00e1sica PAO I 2025 Horarios PAO I 2025 Cronograma Semanal Electricidad B\u00e1sica PAO I 2025 Normas de seguridad del Laboratorio &nbsp; &nbsp; &nbsp; &nbsp; &nbsp;<\/p>\n","protected":false},"author":5765,"featured_media":0,"parent":0,"menu_order":0,"comment_status":"closed","ping_status":"closed","template":"","meta":{"footnotes":""},"class_list":["post-4","page","type-page","status-publish","hentry"],"_links":{"self":[{"href":"https:\/\/blog.espol.edu.ec\/electricidadbasica\/wp-json\/wp\/v2\/pages\/4","targetHints":{"allow":["GET"]}}],"collection":[{"href":"https:\/\/blog.espol.edu.ec\/electricidadbasica\/wp-json\/wp\/v2\/pages"}],"about":[{"href":"https:\/\/blog.espol.edu.ec\/electricidadbasica\/wp-json\/wp\/v2\/types\/page"}],"author":[{"embeddable":true,"href":"https:\/\/blog.espol.edu.ec\/electricidadbasica\/wp-json\/wp\/v2\/users\/5765"}],"replies":[{"embeddable":true,"href":"https:\/\/blog.espol.edu.ec\/electricidadbasica\/wp-json\/wp\/v2\/comments?post=4"}],"version-history":[{"count":42,"href":"https:\/\/blog.espol.edu.ec\/electricidadbasica\/wp-json\/wp\/v2\/pages\/4\/revisions"}],"predecessor-version":[{"id":767,"href":"https:\/\/blog.espol.edu.ec\/electricidadbasica\/wp-json\/wp\/v2\/pages\/4\/revisions\/767"}],"wp:attachment":[{"href":"https:\/\/blog.espol.edu.ec\/electricidadbasica\/wp-json\/wp\/v2\/media?parent=4"}],"curies":[{"name":"wp","href":"https:\/\/api.w.org\/{rel}","templated":true}]}}