{"id":6,"date":"2020-10-06T00:35:54","date_gmt":"2020-10-05T22:35:54","guid":{"rendered":"http:\/\/blog.espol.edu.ec\/electricidadbasica\/?page_id=6"},"modified":"2025-09-29T11:35:07","modified_gmt":"2025-09-29T16:35:07","slug":"practicas","status":"publish","type":"page","link":"https:\/\/blog.espol.edu.ec\/electricidadbasica\/practicas\/","title":{"rendered":"Pr\u00e1cticas"},"content":{"rendered":"<div id=\"pl-6\"  class=\"panel-layout\" ><div id=\"pg-6-0\"  class=\"panel-grid panel-no-style\" ><div id=\"pgc-6-0-0\"  class=\"panel-grid-cell\" ><div id=\"panel-6-0-0-0\" class=\"so-panel widget widget_sow-editor panel-first-child\" data-index=\"0\" ><div\n\t\t\t\n\t\t\tclass=\"so-widget-sow-editor so-widget-sow-editor-base\"\n\t\t\t\n\t\t>\n<div class=\"siteorigin-widget-tinymce textwidget\">\n\t<p>A continuaci\u00f3n encontrar\u00e1n los enlaces de los archivo de las pr\u00e1cticas, mismas que deben desarrollar a lo largo del periodo acad\u00e9mico en sus respectivos horarios de laboratorio\u00a0 para luego completar los informes correspondientes. Deben presentarlos desarrollados v\u00eda <strong><em>Aula Virtual<\/em><\/strong> hasta las fechas indicadas en el sistema.<\/p>\n<\/div>\n<\/div><\/div><div id=\"panel-6-0-0-1\" class=\"so-panel widget widget_sow-accordion panel-last-child\" data-index=\"1\" ><div\n\t\t\t\n\t\t\tclass=\"so-widget-sow-accordion so-widget-sow-accordion-default-99be652ed941-6\"\n\t\t\t\n\t\t><div>\n\t<div class=\"sow-accordion\">\n\t\t\t<div class=\"sow-accordion-panel\n\t\t\t\t\"\n\t\t\tdata-anchor-id=\"practica-0-conceptos-basico-de-experimentacion-analisis-e-interpretacion-de-datos\">\n\t\t\t\t<div class=\"sow-accordion-panel-header-container\" role=\"heading\" aria-level=\"2\">\n\t\t\t\t\t<div class=\"sow-accordion-panel-header\" tabindex=\"0\" role=\"button\" id=\"accordion-label-pr%c3%a1ctica-0-conceptos-b%c3%a1sico-de-experimentaci%c3%b3n-an%c3%a1lisis-e-interpretaci%c3%b3n-de-datos\" aria-controls=\"accordion-content-pr%c3%a1ctica-0-conceptos-b%c3%a1sico-de-experimentaci%c3%b3n-an%c3%a1lisis-e-interpretaci%c3%b3n-de-datos\" aria-expanded=\"false\">\n\t\t\t\t\t\t<div class=\"sow-accordion-title sow-accordion-title-icon-left\">\n\t\t\t\t\t\t\t\t\t\t\t\t\t\tPr\u00e1ctica 0 - Conceptos b\u00e1sico de experimentaci\u00f3n, an\u00e1lisis e interpretaci\u00f3n de datos\t\t\t\t\t\t\t\t\t\t\t\t\t<\/div>\n\t\t\t\t\t\t<div class=\"sow-accordion-open-close-button\">\n\t\t\t\t\t\t\t<div class=\"sow-accordion-open-button\">\n\t\t\t\t\t\t\t\t<span class=\"sow-icon-ionicons\" data-sow-icon=\"&#xf218;\"\n\t\t \n\t\taria-hidden=\"true\"><\/span>\t\t\t\t\t\t\t<\/div>\n\t\t\t\t\t\t\t<div class=\"sow-accordion-close-button\">\n\t\t\t\t\t\t\t\t<span class=\"sow-icon-ionicons\" data-sow-icon=\"&#xf209;\"\n\t\t \n\t\taria-hidden=\"true\"><\/span>\t\t\t\t\t\t\t<\/div>\n\t\t\t\t\t\t<\/div>\n\t\t\t\t\t<\/div>\n\t\t\t\t<\/div>\n\n\t\t\t<div\n\t\t\t\tclass=\"sow-accordion-panel-content\"\n\t\t\t\trole=\"region\"\n\t\t\t\taria-labelledby=\"accordion-label-pr%c3%a1ctica-0-conceptos-b%c3%a1sico-de-experimentaci%c3%b3n-an%c3%a1lisis-e-interpretaci%c3%b3n-de-datos\"\n\t\t\t\tid=\"accordion-content-pr%c3%a1ctica-0-conceptos-b%c3%a1sico-de-experimentaci%c3%b3n-an%c3%a1lisis-e-interpretaci%c3%b3n-de-datos\"\n\t\t\t\tstyle=\"display: none;\"\t\t\t>\n\t\t\t\t<div class=\"sow-accordion-panel-border\">\n\t\t\t\t\t<ul>\n<li><a href=\"https:\/\/drive.google.com\/open?id=1IaVeZVOFPvB-rCv5Kl6BC8DjMCHf08gG&amp;usp=drive_fs\">Pr\u00e1ctica 0<\/a><\/li>\n<li><a href=\"https:\/\/drive.google.com\/open?id=1iIYzYJgwMwWKjAU1YmHS-Okyzu5d6xg1&amp;usp=drive_fs\">HojaDeDatos_P0<\/a><\/li>\n<li><a href=\"https:\/\/drive.google.com\/drive\/folders\/17km0Z_1OERW1E6HTaLm8r8xI0EpI-Drf?usp=sharing\" target=\"_blank\" rel=\"noopener\">Repositorio de Documentos<\/a><\/li>\n<\/ul>\n\t\t\t\t<\/div>\n\t\t\t<\/div>\n\t\t<\/div>\n\t\t\t<div class=\"sow-accordion-panel\n\t\t\t\t\"\n\t\t\tdata-anchor-id=\"practica-1-charla-de-seguridad-e-introduccion-al-software-y-equipos-de-laboratorio\">\n\t\t\t\t<div class=\"sow-accordion-panel-header-container\" role=\"heading\" aria-level=\"2\">\n\t\t\t\t\t<div class=\"sow-accordion-panel-header\" tabindex=\"0\" role=\"button\" id=\"accordion-label-pr%c3%a1ctica-1-charla-de-seguridad-e-introducci%c3%b3n-al-software-y-equipos-de-laboratorio\" aria-controls=\"accordion-content-pr%c3%a1ctica-1-charla-de-seguridad-e-introducci%c3%b3n-al-software-y-equipos-de-laboratorio\" aria-expanded=\"false\">\n\t\t\t\t\t\t<div class=\"sow-accordion-title sow-accordion-title-icon-left\">\n\t\t\t\t\t\t\t\t\t\t\t\t\t\tPr\u00e1ctica 1 - Charla de Seguridad e Introducci\u00f3n al software y equipos de Laboratorio\t\t\t\t\t\t\t\t\t\t\t\t\t<\/div>\n\t\t\t\t\t\t<div class=\"sow-accordion-open-close-button\">\n\t\t\t\t\t\t\t<div class=\"sow-accordion-open-button\">\n\t\t\t\t\t\t\t\t<span class=\"sow-icon-ionicons\" data-sow-icon=\"&#xf218;\"\n\t\t \n\t\taria-hidden=\"true\"><\/span>\t\t\t\t\t\t\t<\/div>\n\t\t\t\t\t\t\t<div class=\"sow-accordion-close-button\">\n\t\t\t\t\t\t\t\t<span class=\"sow-icon-ionicons\" data-sow-icon=\"&#xf209;\"\n\t\t \n\t\taria-hidden=\"true\"><\/span>\t\t\t\t\t\t\t<\/div>\n\t\t\t\t\t\t<\/div>\n\t\t\t\t\t<\/div>\n\t\t\t\t<\/div>\n\n\t\t\t<div\n\t\t\t\tclass=\"sow-accordion-panel-content\"\n\t\t\t\trole=\"region\"\n\t\t\t\taria-labelledby=\"accordion-label-pr%c3%a1ctica-1-charla-de-seguridad-e-introducci%c3%b3n-al-software-y-equipos-de-laboratorio\"\n\t\t\t\tid=\"accordion-content-pr%c3%a1ctica-1-charla-de-seguridad-e-introducci%c3%b3n-al-software-y-equipos-de-laboratorio\"\n\t\t\t\tstyle=\"display: none;\"\t\t\t>\n\t\t\t\t<div class=\"sow-accordion-panel-border\">\n\t\t\t\t\t<ul>\n<li><a href=\"https:\/\/drive.google.com\/open?id=12J7iC4L1d2vVdH1v27g9yxxjytxloZd3&amp;usp=drive_fs\" target=\"_blank\" rel=\"noopener\">Pr\u00e1ctica 1<\/a><\/li>\n<li><a href=\"https:\/\/drive.google.com\/open?id=11wRkJaveNsgyCG9qRCcZVA2l1tSc0IJw&amp;usp=drive_fs\" target=\"_blank\" rel=\"noopener\">HojaDeDatos_P1<\/a><\/li>\n<\/ul>\n\t\t\t\t<\/div>\n\t\t\t<\/div>\n\t\t<\/div>\n\t\t\t<div class=\"sow-accordion-panel\n\t\t\t\t\"\n\t\t\tdata-anchor-id=\"practica-2-analisis-de-circuitos-en-dc\">\n\t\t\t\t<div class=\"sow-accordion-panel-header-container\" role=\"heading\" aria-level=\"2\">\n\t\t\t\t\t<div class=\"sow-accordion-panel-header\" tabindex=\"0\" role=\"button\" id=\"accordion-label-pr%c3%a1ctica-2-an%c3%a1lisis-de-circuitos-en-dc\" aria-controls=\"accordion-content-pr%c3%a1ctica-2-an%c3%a1lisis-de-circuitos-en-dc\" aria-expanded=\"false\">\n\t\t\t\t\t\t<div class=\"sow-accordion-title sow-accordion-title-icon-left\">\n\t\t\t\t\t\t\t\t\t\t\t\t\t\tPr\u00e1ctica 2 - An\u00e1lisis de Circuitos en DC\t\t\t\t\t\t\t\t\t\t\t\t\t<\/div>\n\t\t\t\t\t\t<div class=\"sow-accordion-open-close-button\">\n\t\t\t\t\t\t\t<div class=\"sow-accordion-open-button\">\n\t\t\t\t\t\t\t\t<span class=\"sow-icon-ionicons\" data-sow-icon=\"&#xf218;\"\n\t\t \n\t\taria-hidden=\"true\"><\/span>\t\t\t\t\t\t\t<\/div>\n\t\t\t\t\t\t\t<div class=\"sow-accordion-close-button\">\n\t\t\t\t\t\t\t\t<span class=\"sow-icon-ionicons\" data-sow-icon=\"&#xf209;\"\n\t\t \n\t\taria-hidden=\"true\"><\/span>\t\t\t\t\t\t\t<\/div>\n\t\t\t\t\t\t<\/div>\n\t\t\t\t\t<\/div>\n\t\t\t\t<\/div>\n\n\t\t\t<div\n\t\t\t\tclass=\"sow-accordion-panel-content\"\n\t\t\t\trole=\"region\"\n\t\t\t\taria-labelledby=\"accordion-label-pr%c3%a1ctica-2-an%c3%a1lisis-de-circuitos-en-dc\"\n\t\t\t\tid=\"accordion-content-pr%c3%a1ctica-2-an%c3%a1lisis-de-circuitos-en-dc\"\n\t\t\t\tstyle=\"display: none;\"\t\t\t>\n\t\t\t\t<div class=\"sow-accordion-panel-border\">\n\t\t\t\t\t<ul>\n<li><a href=\"https:\/\/drive.google.com\/open?id=1R2n7rc-HyXTOVpdry1kVt1x-ltuTS8QC&amp;usp=drive_fs\" target=\"_blank\" rel=\"noopener\">Pr\u00e1ctica 2<\/a><\/li>\n<li><a href=\"https:\/\/drive.google.com\/open?id=1GmR9INpm6b9mLvQFkmgGLM44nUnP_H1Y&amp;usp=drive_fs\" target=\"_blank\" rel=\"noopener\">HojaDeDatos_P2<\/a><\/li>\n<\/ul>\n\t\t\t\t<\/div>\n\t\t\t<\/div>\n\t\t<\/div>\n\t\t\t<div class=\"sow-accordion-panel\n\t\t\t\t\"\n\t\t\tdata-anchor-id=\"practica-3-teorema-de-circuitos\">\n\t\t\t\t<div class=\"sow-accordion-panel-header-container\" role=\"heading\" aria-level=\"2\">\n\t\t\t\t\t<div class=\"sow-accordion-panel-header\" tabindex=\"0\" role=\"button\" id=\"accordion-label-pr%c3%a1ctica-3-teorema-de-circuitos\" aria-controls=\"accordion-content-pr%c3%a1ctica-3-teorema-de-circuitos\" aria-expanded=\"false\">\n\t\t\t\t\t\t<div class=\"sow-accordion-title sow-accordion-title-icon-left\">\n\t\t\t\t\t\t\t\t\t\t\t\t\t\tPr\u00e1ctica 3 - Teorema de circuitos\t\t\t\t\t\t\t\t\t\t\t\t\t<\/div>\n\t\t\t\t\t\t<div class=\"sow-accordion-open-close-button\">\n\t\t\t\t\t\t\t<div class=\"sow-accordion-open-button\">\n\t\t\t\t\t\t\t\t<span class=\"sow-icon-ionicons\" data-sow-icon=\"&#xf218;\"\n\t\t \n\t\taria-hidden=\"true\"><\/span>\t\t\t\t\t\t\t<\/div>\n\t\t\t\t\t\t\t<div class=\"sow-accordion-close-button\">\n\t\t\t\t\t\t\t\t<span class=\"sow-icon-ionicons\" data-sow-icon=\"&#xf209;\"\n\t\t \n\t\taria-hidden=\"true\"><\/span>\t\t\t\t\t\t\t<\/div>\n\t\t\t\t\t\t<\/div>\n\t\t\t\t\t<\/div>\n\t\t\t\t<\/div>\n\n\t\t\t<div\n\t\t\t\tclass=\"sow-accordion-panel-content\"\n\t\t\t\trole=\"region\"\n\t\t\t\taria-labelledby=\"accordion-label-pr%c3%a1ctica-3-teorema-de-circuitos\"\n\t\t\t\tid=\"accordion-content-pr%c3%a1ctica-3-teorema-de-circuitos\"\n\t\t\t\tstyle=\"display: none;\"\t\t\t>\n\t\t\t\t<div class=\"sow-accordion-panel-border\">\n\t\t\t\t\t<ul>\n<li><a href=\"https:\/\/drive.google.com\/open?id=1VxMQPazHSf_p5TqrCEUKOFnpHt4LQG2V&amp;usp=drive_fs\" target=\"_blank\" rel=\"noopener\">Pr\u00e1ctica 3<\/a><\/li>\n<li><a style=\"font-size: 1rem\" href=\"https:\/\/drive.google.com\/open?id=1OxcwAHjvZa61KcePbE2u5bFWndOH0H_u&amp;usp=drive_fs\" target=\"_blank\" rel=\"noopener\">HojadeDatos_P3<\/a><\/li>\n<\/ul>\n\t\t\t\t<\/div>\n\t\t\t<\/div>\n\t\t<\/div>\n\t\t\t<div class=\"sow-accordion-panel\n\t\t\t\t\"\n\t\t\tdata-anchor-id=\"practica-4-analisis-de-circuitos-en-ac\">\n\t\t\t\t<div class=\"sow-accordion-panel-header-container\" role=\"heading\" aria-level=\"2\">\n\t\t\t\t\t<div class=\"sow-accordion-panel-header\" tabindex=\"0\" role=\"button\" id=\"accordion-label-pr%c3%a1ctica-4-an%c3%a1lisis-de-circuitos-en-ac\" aria-controls=\"accordion-content-pr%c3%a1ctica-4-an%c3%a1lisis-de-circuitos-en-ac\" aria-expanded=\"false\">\n\t\t\t\t\t\t<div class=\"sow-accordion-title sow-accordion-title-icon-left\">\n\t\t\t\t\t\t\t\t\t\t\t\t\t\tPr\u00e1ctica 4.- An\u00e1lisis de Circuitos en AC\t\t\t\t\t\t\t\t\t\t\t\t\t<\/div>\n\t\t\t\t\t\t<div class=\"sow-accordion-open-close-button\">\n\t\t\t\t\t\t\t<div class=\"sow-accordion-open-button\">\n\t\t\t\t\t\t\t\t<span class=\"sow-icon-ionicons\" data-sow-icon=\"&#xf218;\"\n\t\t \n\t\taria-hidden=\"true\"><\/span>\t\t\t\t\t\t\t<\/div>\n\t\t\t\t\t\t\t<div class=\"sow-accordion-close-button\">\n\t\t\t\t\t\t\t\t<span class=\"sow-icon-ionicons\" data-sow-icon=\"&#xf209;\"\n\t\t \n\t\taria-hidden=\"true\"><\/span>\t\t\t\t\t\t\t<\/div>\n\t\t\t\t\t\t<\/div>\n\t\t\t\t\t<\/div>\n\t\t\t\t<\/div>\n\n\t\t\t<div\n\t\t\t\tclass=\"sow-accordion-panel-content\"\n\t\t\t\trole=\"region\"\n\t\t\t\taria-labelledby=\"accordion-label-pr%c3%a1ctica-4-an%c3%a1lisis-de-circuitos-en-ac\"\n\t\t\t\tid=\"accordion-content-pr%c3%a1ctica-4-an%c3%a1lisis-de-circuitos-en-ac\"\n\t\t\t\tstyle=\"display: none;\"\t\t\t>\n\t\t\t\t<div class=\"sow-accordion-panel-border\">\n\t\t\t\t\t<ul>\n<li><a href=\"https:\/\/drive.google.com\/open?id=1DfDi9qIHSNZTPB_Za6EQpun0p44T7pEM&amp;usp=drive_fs\" target=\"_blank\" rel=\"noopener\">Pr\u00e1ctica 4<\/a><\/li>\n<li><a href=\"https:\/\/drive.google.com\/open?id=1yX3wraQH_2ImmTGfmoyUSOX505449vOm&amp;usp=drive_fs\" target=\"_blank\" rel=\"noopener\">HojaDeDatos_P4<\/a><\/li>\n<li><a href=\"http:\/\/blog.espol.edu.ec\/electricidadbasica\/files\/2023\/11\/Osciloscopio-Tektronix-Serie-TBS1000C.pdf\" target=\"_blank\" rel=\"noopener\">Manual Osciloscopio TBS1000C<\/a><\/li>\n<\/ul>\n\t\t\t\t<\/div>\n\t\t\t<\/div>\n\t\t<\/div>\n\t\t\t<div class=\"sow-accordion-panel\n\t\t\t\t\"\n\t\t\tdata-anchor-id=\"practica-5-potencia-en-ac-y-mejoramiento-del-factor-de-potencia\">\n\t\t\t\t<div class=\"sow-accordion-panel-header-container\" role=\"heading\" aria-level=\"2\">\n\t\t\t\t\t<div class=\"sow-accordion-panel-header\" tabindex=\"0\" role=\"button\" id=\"accordion-label-pr%c3%a1ctica-5-potencia-en-ac-y-mejoramiento-del-factor-de-potencia\" aria-controls=\"accordion-content-pr%c3%a1ctica-5-potencia-en-ac-y-mejoramiento-del-factor-de-potencia\" aria-expanded=\"false\">\n\t\t\t\t\t\t<div class=\"sow-accordion-title sow-accordion-title-icon-left\">\n\t\t\t\t\t\t\t\t\t\t\t\t\t\tPr\u00e1ctica 5 - Potencia en AC y mejoramiento del Factor de Potencia\t\t\t\t\t\t\t\t\t\t\t\t\t<\/div>\n\t\t\t\t\t\t<div class=\"sow-accordion-open-close-button\">\n\t\t\t\t\t\t\t<div class=\"sow-accordion-open-button\">\n\t\t\t\t\t\t\t\t<span class=\"sow-icon-ionicons\" data-sow-icon=\"&#xf218;\"\n\t\t \n\t\taria-hidden=\"true\"><\/span>\t\t\t\t\t\t\t<\/div>\n\t\t\t\t\t\t\t<div class=\"sow-accordion-close-button\">\n\t\t\t\t\t\t\t\t<span class=\"sow-icon-ionicons\" data-sow-icon=\"&#xf209;\"\n\t\t \n\t\taria-hidden=\"true\"><\/span>\t\t\t\t\t\t\t<\/div>\n\t\t\t\t\t\t<\/div>\n\t\t\t\t\t<\/div>\n\t\t\t\t<\/div>\n\n\t\t\t<div\n\t\t\t\tclass=\"sow-accordion-panel-content\"\n\t\t\t\trole=\"region\"\n\t\t\t\taria-labelledby=\"accordion-label-pr%c3%a1ctica-5-potencia-en-ac-y-mejoramiento-del-factor-de-potencia\"\n\t\t\t\tid=\"accordion-content-pr%c3%a1ctica-5-potencia-en-ac-y-mejoramiento-del-factor-de-potencia\"\n\t\t\t\tstyle=\"display: none;\"\t\t\t>\n\t\t\t\t<div class=\"sow-accordion-panel-border\">\n\t\t\t\t\t<ul>\n<li><a href=\"https:\/\/drive.google.com\/open?id=15dGE1AcqbG1k6_lrntdTKmEXJ33uRMk2&amp;usp=drive_fs\" target=\"_blank\" rel=\"noopener\">Pr\u00e1ctica5<\/a><\/li>\n<li><a href=\"https:\/\/drive.google.com\/open?id=1RGUiWs-f8PML_pqn7SSRMR-XdRzemsBU&amp;usp=drive_fs\" target=\"_blank\" rel=\"noopener\">HojadeDatos_P5<\/a><\/li>\n<\/ul>\n\t\t\t\t<\/div>\n\t\t\t<\/div>\n\t\t<\/div>\n\t\t\t<div class=\"sow-accordion-panel\n\t\t\t\t\"\n\t\t\tdata-anchor-id=\"practica-6-analisis-de-circuitos-trifasicos\">\n\t\t\t\t<div class=\"sow-accordion-panel-header-container\" role=\"heading\" aria-level=\"2\">\n\t\t\t\t\t<div class=\"sow-accordion-panel-header\" tabindex=\"0\" role=\"button\" id=\"accordion-label-pr%c3%a1ctica-6-an%c3%a1lisis-de-circuitos-trif%c3%a1sicos\" aria-controls=\"accordion-content-pr%c3%a1ctica-6-an%c3%a1lisis-de-circuitos-trif%c3%a1sicos\" aria-expanded=\"false\">\n\t\t\t\t\t\t<div class=\"sow-accordion-title sow-accordion-title-icon-left\">\n\t\t\t\t\t\t\t\t\t\t\t\t\t\tPr\u00e1ctica 6 - An\u00e1lisis de Circuitos Trif\u00e1sicos\t\t\t\t\t\t\t\t\t\t\t\t\t<\/div>\n\t\t\t\t\t\t<div class=\"sow-accordion-open-close-button\">\n\t\t\t\t\t\t\t<div class=\"sow-accordion-open-button\">\n\t\t\t\t\t\t\t\t<span class=\"sow-icon-ionicons\" data-sow-icon=\"&#xf218;\"\n\t\t \n\t\taria-hidden=\"true\"><\/span>\t\t\t\t\t\t\t<\/div>\n\t\t\t\t\t\t\t<div class=\"sow-accordion-close-button\">\n\t\t\t\t\t\t\t\t<span class=\"sow-icon-ionicons\" data-sow-icon=\"&#xf209;\"\n\t\t \n\t\taria-hidden=\"true\"><\/span>\t\t\t\t\t\t\t<\/div>\n\t\t\t\t\t\t<\/div>\n\t\t\t\t\t<\/div>\n\t\t\t\t<\/div>\n\n\t\t\t<div\n\t\t\t\tclass=\"sow-accordion-panel-content\"\n\t\t\t\trole=\"region\"\n\t\t\t\taria-labelledby=\"accordion-label-pr%c3%a1ctica-6-an%c3%a1lisis-de-circuitos-trif%c3%a1sicos\"\n\t\t\t\tid=\"accordion-content-pr%c3%a1ctica-6-an%c3%a1lisis-de-circuitos-trif%c3%a1sicos\"\n\t\t\t\tstyle=\"display: none;\"\t\t\t>\n\t\t\t\t<div class=\"sow-accordion-panel-border\">\n\t\t\t\t\t<ul>\n<li><a href=\"https:\/\/drive.google.com\/open?id=1vxJXCPUnmIp3hM96ncT9lYB8DqWWAfWo&amp;usp=drive_fs\" target=\"_blank\" rel=\"noopener\">Pr\u00e1ctica 6<\/a><\/li>\n<li><a href=\"https:\/\/drive.google.com\/open?id=1OO6woLqfLiIC-O9zJ85stmorNXGrLmZx&amp;usp=drive_fs\" target=\"_blank\" rel=\"noopener\">HojaDeDatos_P6<\/a><\/li>\n<\/ul>\n<p>&nbsp;<\/p>\n\t\t\t\t<\/div>\n\t\t\t<\/div>\n\t\t<\/div>\n\t\t\t<div class=\"sow-accordion-panel\n\t\t\t\t\"\n\t\t\tdata-anchor-id=\"practica-7-potencia-en-circuitos-trifasicos\">\n\t\t\t\t<div class=\"sow-accordion-panel-header-container\" role=\"heading\" aria-level=\"2\">\n\t\t\t\t\t<div class=\"sow-accordion-panel-header\" tabindex=\"0\" role=\"button\" id=\"accordion-label-pr%c3%a1ctica-7-potencia-en-circuitos-trif%c3%a1sicos\" aria-controls=\"accordion-content-pr%c3%a1ctica-7-potencia-en-circuitos-trif%c3%a1sicos\" aria-expanded=\"false\">\n\t\t\t\t\t\t<div class=\"sow-accordion-title sow-accordion-title-icon-left\">\n\t\t\t\t\t\t\t\t\t\t\t\t\t\tPr\u00e1ctica 7 -Potencia en circuitos trif\u00e1sicos\t\t\t\t\t\t\t\t\t\t\t\t\t<\/div>\n\t\t\t\t\t\t<div class=\"sow-accordion-open-close-button\">\n\t\t\t\t\t\t\t<div class=\"sow-accordion-open-button\">\n\t\t\t\t\t\t\t\t<span class=\"sow-icon-ionicons\" data-sow-icon=\"&#xf218;\"\n\t\t \n\t\taria-hidden=\"true\"><\/span>\t\t\t\t\t\t\t<\/div>\n\t\t\t\t\t\t\t<div class=\"sow-accordion-close-button\">\n\t\t\t\t\t\t\t\t<span class=\"sow-icon-ionicons\" data-sow-icon=\"&#xf209;\"\n\t\t \n\t\taria-hidden=\"true\"><\/span>\t\t\t\t\t\t\t<\/div>\n\t\t\t\t\t\t<\/div>\n\t\t\t\t\t<\/div>\n\t\t\t\t<\/div>\n\n\t\t\t<div\n\t\t\t\tclass=\"sow-accordion-panel-content\"\n\t\t\t\trole=\"region\"\n\t\t\t\taria-labelledby=\"accordion-label-pr%c3%a1ctica-7-potencia-en-circuitos-trif%c3%a1sicos\"\n\t\t\t\tid=\"accordion-content-pr%c3%a1ctica-7-potencia-en-circuitos-trif%c3%a1sicos\"\n\t\t\t\tstyle=\"display: none;\"\t\t\t>\n\t\t\t\t<div class=\"sow-accordion-panel-border\">\n\t\t\t\t\t<ul>\n<li><a href=\"https:\/\/drive.google.com\/open?id=1llbhNV_4gdfpwXzIFO4-zuI4NDqOl9Vt&amp;usp=drive_fs\" target=\"_blank\" rel=\"noopener\">Pr\u00e1ctica 7<\/a><\/li>\n<li><a href=\"https:\/\/drive.google.com\/open?id=1sijT44-EQnTk5TwWgOaTbVVuAmrBghCF&amp;usp=drive_fs\">HojaDeDatos_P7<\/a><\/li>\n<\/ul>\n\t\t\t\t<\/div>\n\t\t\t<\/div>\n\t\t<\/div>\n\t\t\t<div class=\"sow-accordion-panel\n\t\t\t\t\"\n\t\t\tdata-anchor-id=\"practica-8-motores-y-transformadores\">\n\t\t\t\t<div class=\"sow-accordion-panel-header-container\" role=\"heading\" aria-level=\"2\">\n\t\t\t\t\t<div class=\"sow-accordion-panel-header\" tabindex=\"0\" role=\"button\" id=\"accordion-label-pr%c3%a1ctica-8-motores-y-transformadores\" aria-controls=\"accordion-content-pr%c3%a1ctica-8-motores-y-transformadores\" aria-expanded=\"false\">\n\t\t\t\t\t\t<div class=\"sow-accordion-title sow-accordion-title-icon-left\">\n\t\t\t\t\t\t\t\t\t\t\t\t\t\tPr\u00e1ctica 8 - Motores y Transformadores\t\t\t\t\t\t\t\t\t\t\t\t\t<\/div>\n\t\t\t\t\t\t<div class=\"sow-accordion-open-close-button\">\n\t\t\t\t\t\t\t<div class=\"sow-accordion-open-button\">\n\t\t\t\t\t\t\t\t<span class=\"sow-icon-ionicons\" data-sow-icon=\"&#xf218;\"\n\t\t \n\t\taria-hidden=\"true\"><\/span>\t\t\t\t\t\t\t<\/div>\n\t\t\t\t\t\t\t<div class=\"sow-accordion-close-button\">\n\t\t\t\t\t\t\t\t<span class=\"sow-icon-ionicons\" data-sow-icon=\"&#xf209;\"\n\t\t \n\t\taria-hidden=\"true\"><\/span>\t\t\t\t\t\t\t<\/div>\n\t\t\t\t\t\t<\/div>\n\t\t\t\t\t<\/div>\n\t\t\t\t<\/div>\n\n\t\t\t<div\n\t\t\t\tclass=\"sow-accordion-panel-content\"\n\t\t\t\trole=\"region\"\n\t\t\t\taria-labelledby=\"accordion-label-pr%c3%a1ctica-8-motores-y-transformadores\"\n\t\t\t\tid=\"accordion-content-pr%c3%a1ctica-8-motores-y-transformadores\"\n\t\t\t\tstyle=\"display: none;\"\t\t\t>\n\t\t\t\t<div class=\"sow-accordion-panel-border\">\n\t\t\t\t\t<ul>\n<li><a href=\"https:\/\/drive.google.com\/open?id=1mu2ZwEFcuyPwAqeq4AzkUNbJJZEH5PT8&amp;usp=drive_fs\" target=\"_blank\" rel=\"noopener\">Pr\u00e1ctica 8<\/a><\/li>\n<li><a href=\"https:\/\/drive.google.com\/open?id=1gryuK5yBaZpLvttFdffpjv66Nr1I0blo&amp;usp=drive_fs\" target=\"_blank\" rel=\"noopener\">HojaDeDatos_P8<\/a><\/li>\n<\/ul>\n\t\t\t\t<\/div>\n\t\t\t<\/div>\n\t\t<\/div>\n\t\t\t<div class=\"sow-accordion-panel\n\t\t\t\t\"\n\t\t\tdata-anchor-id=\"practica-9-circuitos-electricos-de-primer-orden\">\n\t\t\t\t<div class=\"sow-accordion-panel-header-container\" role=\"heading\" aria-level=\"2\">\n\t\t\t\t\t<div class=\"sow-accordion-panel-header\" tabindex=\"0\" role=\"button\" id=\"accordion-label-pr%c3%a1ctica-9-circuitos-el%c3%a9ctricos-de-primer-orden\" aria-controls=\"accordion-content-pr%c3%a1ctica-9-circuitos-el%c3%a9ctricos-de-primer-orden\" aria-expanded=\"false\">\n\t\t\t\t\t\t<div class=\"sow-accordion-title sow-accordion-title-icon-left\">\n\t\t\t\t\t\t\t\t\t\t\t\t\t\tPr\u00e1ctica 9 - Circuitos El\u00e9ctricos de Primer Orden\t\t\t\t\t\t\t\t\t\t\t\t\t<\/div>\n\t\t\t\t\t\t<div class=\"sow-accordion-open-close-button\">\n\t\t\t\t\t\t\t<div class=\"sow-accordion-open-button\">\n\t\t\t\t\t\t\t\t<span class=\"sow-icon-ionicons\" data-sow-icon=\"&#xf218;\"\n\t\t \n\t\taria-hidden=\"true\"><\/span>\t\t\t\t\t\t\t<\/div>\n\t\t\t\t\t\t\t<div class=\"sow-accordion-close-button\">\n\t\t\t\t\t\t\t\t<span class=\"sow-icon-ionicons\" data-sow-icon=\"&#xf209;\"\n\t\t \n\t\taria-hidden=\"true\"><\/span>\t\t\t\t\t\t\t<\/div>\n\t\t\t\t\t\t<\/div>\n\t\t\t\t\t<\/div>\n\t\t\t\t<\/div>\n\n\t\t\t<div\n\t\t\t\tclass=\"sow-accordion-panel-content\"\n\t\t\t\trole=\"region\"\n\t\t\t\taria-labelledby=\"accordion-label-pr%c3%a1ctica-9-circuitos-el%c3%a9ctricos-de-primer-orden\"\n\t\t\t\tid=\"accordion-content-pr%c3%a1ctica-9-circuitos-el%c3%a9ctricos-de-primer-orden\"\n\t\t\t\tstyle=\"display: none;\"\t\t\t>\n\t\t\t\t<div class=\"sow-accordion-panel-border\">\n\t\t\t\t\t<ul>\n<li><a href=\"https:\/\/drive.google.com\/open?id=1lmt4de8hwXsBEgiENwHwFzylTOeLvJF2&amp;usp=drive_fs\" target=\"_blank\" rel=\"noopener\">Pr\u00e1ctica 9<\/a><\/li>\n<li><a href=\"https:\/\/drive.google.com\/open?id=12KfcarpBfQCzTSGdwR2drPOS2bhtIQIx&amp;usp=drive_fs\">HojaDeDatos_P9<\/a><\/li>\n<\/ul>\n<p>&nbsp;<\/p>\n\t\t\t\t<\/div>\n\t\t\t<\/div>\n\t\t<\/div>\n\t\t\t<div class=\"sow-accordion-panel\n\t\t\t\t\"\n\t\t\tdata-anchor-id=\"practica-10-circuitos-electricos-de-primer-y-segundo-orden\">\n\t\t\t\t<div class=\"sow-accordion-panel-header-container\" role=\"heading\" aria-level=\"2\">\n\t\t\t\t\t<div class=\"sow-accordion-panel-header\" tabindex=\"0\" role=\"button\" id=\"accordion-label-pr%c3%a1ctica-10-circuitos-el%c3%a9ctricos-de-primer-y-segundo-orden\" aria-controls=\"accordion-content-pr%c3%a1ctica-10-circuitos-el%c3%a9ctricos-de-primer-y-segundo-orden\" aria-expanded=\"false\">\n\t\t\t\t\t\t<div class=\"sow-accordion-title sow-accordion-title-icon-left\">\n\t\t\t\t\t\t\t\t\t\t\t\t\t\tPr\u00e1ctica 10 - Circuitos El\u00e9ctricos de Primer y Segundo Orden\t\t\t\t\t\t\t\t\t\t\t\t\t<\/div>\n\t\t\t\t\t\t<div class=\"sow-accordion-open-close-button\">\n\t\t\t\t\t\t\t<div class=\"sow-accordion-open-button\">\n\t\t\t\t\t\t\t\t<span class=\"sow-icon-ionicons\" data-sow-icon=\"&#xf218;\"\n\t\t \n\t\taria-hidden=\"true\"><\/span>\t\t\t\t\t\t\t<\/div>\n\t\t\t\t\t\t\t<div class=\"sow-accordion-close-button\">\n\t\t\t\t\t\t\t\t<span class=\"sow-icon-ionicons\" data-sow-icon=\"&#xf209;\"\n\t\t \n\t\taria-hidden=\"true\"><\/span>\t\t\t\t\t\t\t<\/div>\n\t\t\t\t\t\t<\/div>\n\t\t\t\t\t<\/div>\n\t\t\t\t<\/div>\n\n\t\t\t<div\n\t\t\t\tclass=\"sow-accordion-panel-content\"\n\t\t\t\trole=\"region\"\n\t\t\t\taria-labelledby=\"accordion-label-pr%c3%a1ctica-10-circuitos-el%c3%a9ctricos-de-primer-y-segundo-orden\"\n\t\t\t\tid=\"accordion-content-pr%c3%a1ctica-10-circuitos-el%c3%a9ctricos-de-primer-y-segundo-orden\"\n\t\t\t\tstyle=\"display: none;\"\t\t\t>\n\t\t\t\t<div class=\"sow-accordion-panel-border\">\n\t\t\t\t\t<ul>\n<li><a href=\"https:\/\/drive.google.com\/open?id=1hVvRGn1vgguwBDmiaVEuytTD-Ms9MTVV&amp;usp=drive_fs\">Pr\u00e1ctica 10<\/a><\/li>\n<li><a href=\"https:\/\/drive.google.com\/open?id=1wHCMsh9HkloAlqS0pKMTlxhf7QBjc4WF&amp;usp=drive_fs\">HojaDeDatos_P10<\/a><\/li>\n<\/ul>\n\t\t\t\t<\/div>\n\t\t\t<\/div>\n\t\t<\/div>\n\t\t<\/div>\n<\/div>\n<\/div><\/div><\/div><\/div><\/div>","protected":false},"excerpt":{"rendered":"<p>A continuaci\u00f3n encontrar\u00e1n los enlaces de los archivo de las pr\u00e1cticas, mismas que deben desarrollar a lo largo del periodo acad\u00e9mico en sus respectivos horarios de laboratorio\u00a0 para luego completar los informes correspondientes. Deben presentarlos desarrollados v\u00eda Aula Virtual hasta las fechas indicadas en el sistema.<\/p>\n","protected":false},"author":5765,"featured_media":0,"parent":0,"menu_order":0,"comment_status":"closed","ping_status":"closed","template":"","meta":{"footnotes":""},"class_list":["post-6","page","type-page","status-publish","hentry"],"_links":{"self":[{"href":"https:\/\/blog.espol.edu.ec\/electricidadbasica\/wp-json\/wp\/v2\/pages\/6","targetHints":{"allow":["GET"]}}],"collection":[{"href":"https:\/\/blog.espol.edu.ec\/electricidadbasica\/wp-json\/wp\/v2\/pages"}],"about":[{"href":"https:\/\/blog.espol.edu.ec\/electricidadbasica\/wp-json\/wp\/v2\/types\/page"}],"author":[{"embeddable":true,"href":"https:\/\/blog.espol.edu.ec\/electricidadbasica\/wp-json\/wp\/v2\/users\/5765"}],"replies":[{"embeddable":true,"href":"https:\/\/blog.espol.edu.ec\/electricidadbasica\/wp-json\/wp\/v2\/comments?post=6"}],"version-history":[{"count":131,"href":"https:\/\/blog.espol.edu.ec\/electricidadbasica\/wp-json\/wp\/v2\/pages\/6\/revisions"}],"predecessor-version":[{"id":765,"href":"https:\/\/blog.espol.edu.ec\/electricidadbasica\/wp-json\/wp\/v2\/pages\/6\/revisions\/765"}],"wp:attachment":[{"href":"https:\/\/blog.espol.edu.ec\/electricidadbasica\/wp-json\/wp\/v2\/media?parent=6"}],"curies":[{"name":"wp","href":"https:\/\/api.w.org\/{rel}","templated":true}]}}