{"id":768,"date":"2025-10-02T11:32:57","date_gmt":"2025-10-02T16:32:57","guid":{"rendered":"http:\/\/blog.espol.edu.ec\/electricidadbasica\/?page_id=768"},"modified":"2025-10-02T11:32:57","modified_gmt":"2025-10-02T16:32:57","slug":"politicas-y-cronograma","status":"publish","type":"page","link":"https:\/\/blog.espol.edu.ec\/electricidadbasica\/politicas-y-cronograma\/","title":{"rendered":"Pol\u00edticas y cronograma"},"content":{"rendered":"<div id=\"pl-768\"  class=\"panel-layout\" ><div id=\"pg-768-0\"  class=\"panel-grid panel-no-style\" ><div id=\"pgc-768-0-0\"  class=\"panel-grid-cell\" ><div id=\"panel-768-0-0-0\" class=\"so-panel widget widget_sow-accordion panel-first-child panel-last-child\" data-index=\"0\" ><div\n\t\t\t\n\t\t\tclass=\"so-widget-sow-accordion so-widget-sow-accordion-default-99be652ed941-768\"\n\t\t\t\n\t\t><h3 class=\"widget-title\">Planificaci\u00f3n y pol\u00edticas<\/h3><div>\n\t<div class=\"sow-accordion\">\n\t\t\t<div class=\"sow-accordion-panel\n\t\t sow-accordion-panel-open\t\t\"\n\t\t\tdata-anchor-id=\"politicas-del-curso\">\n\t\t\t\t<div class=\"sow-accordion-panel-header-container\" role=\"heading\" aria-level=\"2\">\n\t\t\t\t\t<div class=\"sow-accordion-panel-header\" tabindex=\"0\" role=\"button\" id=\"accordion-label-pol%c3%adticas-del-curso\" aria-controls=\"accordion-content-pol%c3%adticas-del-curso\" aria-expanded=\"true\">\n\t\t\t\t\t\t<div class=\"sow-accordion-title sow-accordion-title-icon-left\">\n\t\t\t\t\t\t\t\t\t\t\t\t\t\tPol\u00edticas del curso\t\t\t\t\t\t\t\t\t\t\t\t\t<\/div>\n\t\t\t\t\t\t<div class=\"sow-accordion-open-close-button\">\n\t\t\t\t\t\t\t<div class=\"sow-accordion-open-button\">\n\t\t\t\t\t\t\t\t<span class=\"sow-icon-ionicons\" data-sow-icon=\"&#xf218;\"\n\t\t \n\t\taria-hidden=\"true\"><\/span>\t\t\t\t\t\t\t<\/div>\n\t\t\t\t\t\t\t<div class=\"sow-accordion-close-button\">\n\t\t\t\t\t\t\t\t<span class=\"sow-icon-ionicons\" data-sow-icon=\"&#xf209;\"\n\t\t \n\t\taria-hidden=\"true\"><\/span>\t\t\t\t\t\t\t<\/div>\n\t\t\t\t\t\t<\/div>\n\t\t\t\t\t<\/div>\n\t\t\t\t<\/div>\n\n\t\t\t<div\n\t\t\t\tclass=\"sow-accordion-panel-content\"\n\t\t\t\trole=\"region\"\n\t\t\t\taria-labelledby=\"accordion-label-pol%c3%adticas-del-curso\"\n\t\t\t\tid=\"accordion-content-pol%c3%adticas-del-curso\"\n\t\t\t\t\t\t\t>\n\t\t\t\t<div class=\"sow-accordion-panel-border\">\n\t\t\t\t\t<ul>\n<li><a href=\"https:\/\/drive.google.com\/open?id=121JkHR2Svt51Qd8hLRvg9aPzvjWt5Gcu&amp;usp=drive_fs\" target=\"_blank\" rel=\"noopener noreferrer\">Pol\u00edticas del Laboratorio de Electricidad B\u00e1sica PAO II 2025<\/a><\/li>\n<li><a href=\"http:\/\/blog.espol.edu.ec\/electricidadbasica\/files\/2022\/10\/Normas-de-seguridad-del-Laboratorio-1.pdf\" target=\"_blank\" rel=\"noopener noreferrer\">Normas de seguridad del Laboratorio<\/a><\/li>\n<\/ul>\n<p>&nbsp;<\/p>\n\t\t\t\t<\/div>\n\t\t\t<\/div>\n\t\t<\/div>\n\t\t\t<div class=\"sow-accordion-panel\n\t\t\t\t\"\n\t\t\tdata-anchor-id=\"horarios-y-cronograma\">\n\t\t\t\t<div class=\"sow-accordion-panel-header-container\" role=\"heading\" aria-level=\"2\">\n\t\t\t\t\t<div class=\"sow-accordion-panel-header\" tabindex=\"0\" role=\"button\" id=\"accordion-label-horarios-y-cronograma\" aria-controls=\"accordion-content-horarios-y-cronograma\" aria-expanded=\"false\">\n\t\t\t\t\t\t<div class=\"sow-accordion-title sow-accordion-title-icon-left\">\n\t\t\t\t\t\t\t\t\t\t\t\t\t\tHorarios y Cronograma\t\t\t\t\t\t\t\t\t\t\t\t\t<\/div>\n\t\t\t\t\t\t<div class=\"sow-accordion-open-close-button\">\n\t\t\t\t\t\t\t<div class=\"sow-accordion-open-button\">\n\t\t\t\t\t\t\t\t<span class=\"sow-icon-ionicons\" data-sow-icon=\"&#xf218;\"\n\t\t \n\t\taria-hidden=\"true\"><\/span>\t\t\t\t\t\t\t<\/div>\n\t\t\t\t\t\t\t<div class=\"sow-accordion-close-button\">\n\t\t\t\t\t\t\t\t<span class=\"sow-icon-ionicons\" data-sow-icon=\"&#xf209;\"\n\t\t \n\t\taria-hidden=\"true\"><\/span>\t\t\t\t\t\t\t<\/div>\n\t\t\t\t\t\t<\/div>\n\t\t\t\t\t<\/div>\n\t\t\t\t<\/div>\n\n\t\t\t<div\n\t\t\t\tclass=\"sow-accordion-panel-content\"\n\t\t\t\trole=\"region\"\n\t\t\t\taria-labelledby=\"accordion-label-horarios-y-cronograma\"\n\t\t\t\tid=\"accordion-content-horarios-y-cronograma\"\n\t\t\t\tstyle=\"display: none;\"\t\t\t>\n\t\t\t\t<div class=\"sow-accordion-panel-border\">\n\t\t\t\t\t<ul>\n<li><a href=\"https:\/\/drive.google.com\/open?id=10iBryzs6M-913G8441fDFUWhZepEz2wb&amp;usp=drive_fs\" target=\"_blank\" rel=\"noopener noreferrer\">Horarios General del Laboratorio II 2025<\/a><\/li>\n<li><a href=\"https:\/\/drive.google.com\/open?id=1SLtLq9w7byuPdauTPMJGl2_hLAZbhQ6a&amp;usp=drive_fs\" target=\"_blank\" rel=\"noopener noreferrer\">Cronograma Semanal Electricidad B\u00e1sica PAO II 2025<\/a><\/li>\n<\/ul>\n\t\t\t\t<\/div>\n\t\t\t<\/div>\n\t\t<\/div>\n\t\t<\/div>\n<\/div>\n<\/div><\/div><\/div><\/div><\/div>","protected":false},"excerpt":{"rendered":"<p>Planificaci\u00f3n y pol\u00edticas Pol\u00edticas del curso Pol\u00edticas del Laboratorio de Electricidad B\u00e1sica PAO II 2025 Normas de seguridad del Laboratorio &nbsp; Horarios y Cronograma Horarios General del Laboratorio II 2025 Cronograma Semanal Electricidad B\u00e1sica PAO II 2025<\/p>\n","protected":false},"author":1644,"featured_media":0,"parent":0,"menu_order":0,"comment_status":"closed","ping_status":"closed","template":"","meta":{"footnotes":""},"class_list":["post-768","page","type-page","status-publish","hentry"],"_links":{"self":[{"href":"https:\/\/blog.espol.edu.ec\/electricidadbasica\/wp-json\/wp\/v2\/pages\/768","targetHints":{"allow":["GET"]}}],"collection":[{"href":"https:\/\/blog.espol.edu.ec\/electricidadbasica\/wp-json\/wp\/v2\/pages"}],"about":[{"href":"https:\/\/blog.espol.edu.ec\/electricidadbasica\/wp-json\/wp\/v2\/types\/page"}],"author":[{"embeddable":true,"href":"https:\/\/blog.espol.edu.ec\/electricidadbasica\/wp-json\/wp\/v2\/users\/1644"}],"replies":[{"embeddable":true,"href":"https:\/\/blog.espol.edu.ec\/electricidadbasica\/wp-json\/wp\/v2\/comments?post=768"}],"version-history":[{"count":1,"href":"https:\/\/blog.espol.edu.ec\/electricidadbasica\/wp-json\/wp\/v2\/pages\/768\/revisions"}],"predecessor-version":[{"id":769,"href":"https:\/\/blog.espol.edu.ec\/electricidadbasica\/wp-json\/wp\/v2\/pages\/768\/revisions\/769"}],"wp:attachment":[{"href":"https:\/\/blog.espol.edu.ec\/electricidadbasica\/wp-json\/wp\/v2\/media?parent=768"}],"curies":[{"name":"wp","href":"https:\/\/api.w.org\/{rel}","templated":true}]}}