{"id":33,"date":"2010-06-09T18:38:10","date_gmt":"2010-06-09T18:38:10","guid":{"rendered":"http:\/\/blog.espol.edu.ec\/elvssant\/?page_id=33"},"modified":"2010-06-09T18:38:10","modified_gmt":"2010-06-09T18:38:10","slug":"deportes","status":"publish","type":"page","link":"https:\/\/blog.espol.edu.ec\/elvssant\/deportes\/","title":{"rendered":"Deportes"},"content":{"rendered":"<p style=\"text-align: center\"><img loading=\"lazy\" decoding=\"async\" class=\"size-medium wp-image-34  aligncenter\" title=\"logo-sudafrica20102\" src=\"http:\/\/blog.espol.edu.ec\/elvssant\/files\/2010\/06\/logo-sudafrica20102-296x300.jpg\" alt=\"\" width=\"153\" height=\"95\" \/><\/p>\n<p>\u00a0<\/p>\n<p style=\"text-align: center\">\u00a0<\/p>\n<p style=\"text-align: center\">Sudafrica ser\u00e1 el pa\u00eds encargado de organizar el pr\u00f3ximo <strong>Mundial 2010<\/strong> de futbol, convirti\u00e9ndose as\u00ed en el primer Mundial en celebrarse en suelo africano. Esta noticia ha sido acogida por Sud\u00e1frica con gran alegr\u00eda y j\u00fabilo, tanto por parte de sus representantes (el ex-Presidente Nelson Mandela, el arzobispo Desmond Tutu y el presidente Thabo Mbeki, entre otros)<\/p>\n<p>Como por todo el pueblo sudafricano en general, ya que se espera que, con la <a href=\"http:\/\/www.venta.es\">venta<\/a> de entradas y la llegada de los aficionados al f\u00fatbol, se genere unos ingresos que ayuden a este pa\u00eds a incrementar su potencial, tanto como destino tur\u00edstico, como de inversiones.<\/p>\n<p>El partido inaugural del Mundial Sudafrica 2010 ser\u00e1 el d\u00eda 11 de Junio a las 16:00 horas y enfrentar\u00e1 al anfritri\u00f3n Sudafrica ante M\u00e9xico. El partido se disputar\u00e1 en Johanesburgo, una de las principales sedes de Sudafrica 2010 y que acoger\u00e1 muchos de los partidos m\u00e1s importantes que se disputen a lo largo de esta competici\u00f3n.<\/p>\n","protected":false},"excerpt":{"rendered":"<p>\u00a0 \u00a0 Sudafrica ser\u00e1 el pa\u00eds encargado de organizar el pr\u00f3ximo Mundial 2010 de futbol, convirti\u00e9ndose as\u00ed en el primer Mundial en celebrarse en suelo africano. Esta noticia ha sido acogida por Sud\u00e1frica con gran alegr\u00eda y j\u00fabilo, tanto por parte de sus representantes (el ex-Presidente Nelson Mandela, el arzobispo Desmond Tutu y el presidente [&hellip;]<\/p>\n","protected":false},"author":4215,"featured_media":0,"parent":0,"menu_order":0,"comment_status":"open","ping_status":"open","template":"","meta":{"footnotes":""},"class_list":["post-33","page","type-page","status-publish","hentry"],"_links":{"self":[{"href":"https:\/\/blog.espol.edu.ec\/elvssant\/wp-json\/wp\/v2\/pages\/33","targetHints":{"allow":["GET"]}}],"collection":[{"href":"https:\/\/blog.espol.edu.ec\/elvssant\/wp-json\/wp\/v2\/pages"}],"about":[{"href":"https:\/\/blog.espol.edu.ec\/elvssant\/wp-json\/wp\/v2\/types\/page"}],"author":[{"embeddable":true,"href":"https:\/\/blog.espol.edu.ec\/elvssant\/wp-json\/wp\/v2\/users\/4215"}],"replies":[{"embeddable":true,"href":"https:\/\/blog.espol.edu.ec\/elvssant\/wp-json\/wp\/v2\/comments?post=33"}],"version-history":[{"count":1,"href":"https:\/\/blog.espol.edu.ec\/elvssant\/wp-json\/wp\/v2\/pages\/33\/revisions"}],"predecessor-version":[{"id":35,"href":"https:\/\/blog.espol.edu.ec\/elvssant\/wp-json\/wp\/v2\/pages\/33\/revisions\/35"}],"wp:attachment":[{"href":"https:\/\/blog.espol.edu.ec\/elvssant\/wp-json\/wp\/v2\/media?parent=33"}],"curies":[{"name":"wp","href":"https:\/\/api.w.org\/{rel}","templated":true}]}}