{"id":39,"date":"2010-06-16T19:00:56","date_gmt":"2010-06-16T19:00:56","guid":{"rendered":"http:\/\/blog.espol.edu.ec\/elvssant\/?page_id=39"},"modified":"2010-06-16T19:39:14","modified_gmt":"2010-06-16T19:39:14","slug":"la-web-2-0","status":"publish","type":"page","link":"https:\/\/blog.espol.edu.ec\/elvssant\/la-web-2-0\/","title":{"rendered":"LA WEB 2.0"},"content":{"rendered":"<div id=\"__ss_31979\" style=\"text-align: center;width: 425px\"><strong>INTRODUCCION A LA WEB 2.0<\/strong><object classid=\"clsid:d27cdb6e-ae6d-11cf-96b8-444553540000\" width=\"425\" height=\"355\"><param name=\"allowFullScreen\" value=\"true\" \/><param name=\"allowScriptAccess\" value=\"always\" \/><param name=\"src\" value=\"http:\/\/static.slidesharecdn.com\/swf\/ssplayer2.swf?doc=introducing-web-20-concepts-22220&amp;stripped_title=introducing-web-20-concepts\" \/><param name=\"name\" value=\"__sse31979\" \/><param name=\"allowfullscreen\" value=\"true\" \/><embed id=\"__sse31979\" type=\"application\/x-shockwave-flash\" width=\"425\" height=\"355\" src=\"http:\/\/static.slidesharecdn.com\/swf\/ssplayer2.swf?doc=introducing-web-20-concepts-22220&amp;stripped_title=introducing-web-20-concepts\" allowscriptaccess=\"always\" allowfullscreen=\"true\"><\/embed><\/object><\/div>\n<p>El termino Web 2.0 (2003\u2013presente) est\u00e1 com\u00fanmente asociado con un fen\u00f3meno social, basado en la interacci\u00f3n que se logra a partir de diferentes aplicaciones web, que facilitan el compartir informaci\u00f3n, la interoperatividad, el dise\u00f1o centrado en el usuario y la colaboraci\u00f3n en la World Wide Web. Ejemplos de la Web 2.0 son las comunidades web, los servicios web, las aplicaciones Web, los servicios de red social, los servicios de alojamiento de videos, las wikis, blogs, mashups y folcsonom\u00edas. Un sitio Web 2.0 permite a sus usuarios interactuar con otros usuarios o cambiar contenido del sitio web, en contraste a sitios web no-interactivos donde los usuarios se limitan a la visualizaci\u00f3n pasiva de informaci\u00f3n que se les proporciona.<\/p>\n","protected":false},"excerpt":{"rendered":"<p>INTRODUCCION A LA WEB 2.0 El termino Web 2.0 (2003\u2013presente) est\u00e1 com\u00fanmente asociado con un fen\u00f3meno social, basado en la interacci\u00f3n que se logra a partir de diferentes aplicaciones web, que facilitan el compartir informaci\u00f3n, la interoperatividad, el dise\u00f1o centrado en el usuario y la colaboraci\u00f3n en la World Wide Web. Ejemplos de la Web [&hellip;]<\/p>\n","protected":false},"author":4215,"featured_media":0,"parent":0,"menu_order":0,"comment_status":"open","ping_status":"open","template":"","meta":{"footnotes":""},"class_list":["post-39","page","type-page","status-publish","hentry"],"_links":{"self":[{"href":"https:\/\/blog.espol.edu.ec\/elvssant\/wp-json\/wp\/v2\/pages\/39","targetHints":{"allow":["GET"]}}],"collection":[{"href":"https:\/\/blog.espol.edu.ec\/elvssant\/wp-json\/wp\/v2\/pages"}],"about":[{"href":"https:\/\/blog.espol.edu.ec\/elvssant\/wp-json\/wp\/v2\/types\/page"}],"author":[{"embeddable":true,"href":"https:\/\/blog.espol.edu.ec\/elvssant\/wp-json\/wp\/v2\/users\/4215"}],"replies":[{"embeddable":true,"href":"https:\/\/blog.espol.edu.ec\/elvssant\/wp-json\/wp\/v2\/comments?post=39"}],"version-history":[{"count":2,"href":"https:\/\/blog.espol.edu.ec\/elvssant\/wp-json\/wp\/v2\/pages\/39\/revisions"}],"predecessor-version":[{"id":41,"href":"https:\/\/blog.espol.edu.ec\/elvssant\/wp-json\/wp\/v2\/pages\/39\/revisions\/41"}],"wp:attachment":[{"href":"https:\/\/blog.espol.edu.ec\/elvssant\/wp-json\/wp\/v2\/media?parent=39"}],"curies":[{"name":"wp","href":"https:\/\/api.w.org\/{rel}","templated":true}]}}