{"id":46,"date":"2015-11-13T04:29:05","date_gmt":"2015-11-13T04:29:05","guid":{"rendered":"http:\/\/blog.espol.edu.ec\/emiangav\/?page_id=46"},"modified":"2015-11-13T04:29:05","modified_gmt":"2015-11-13T04:29:05","slug":"oferta-y-descuentos","status":"publish","type":"page","link":"https:\/\/blog.espol.edu.ec\/emiangav\/oferta-y-descuentos\/","title":{"rendered":"\u00a1oferta y descuentos!!"},"content":{"rendered":"<p>LL\u00e9vate un l\u00edquido de freno por la compra de dos o m\u00e1s llantas.<\/p>\n<p>Precios muy bajos en Aceites Penzoil.<\/p>\n","protected":false},"excerpt":{"rendered":"<p>LL\u00e9vate un l\u00edquido de freno por la compra de dos o m\u00e1s llantas. Precios muy bajos en Aceites Penzoil.<\/p>\n","protected":false},"author":9981,"featured_media":0,"parent":0,"menu_order":0,"comment_status":"closed","ping_status":"closed","template":"","meta":{"footnotes":""},"class_list":["post-46","page","type-page","status-publish","hentry"],"_links":{"self":[{"href":"https:\/\/blog.espol.edu.ec\/emiangav\/wp-json\/wp\/v2\/pages\/46","targetHints":{"allow":["GET"]}}],"collection":[{"href":"https:\/\/blog.espol.edu.ec\/emiangav\/wp-json\/wp\/v2\/pages"}],"about":[{"href":"https:\/\/blog.espol.edu.ec\/emiangav\/wp-json\/wp\/v2\/types\/page"}],"author":[{"embeddable":true,"href":"https:\/\/blog.espol.edu.ec\/emiangav\/wp-json\/wp\/v2\/users\/9981"}],"replies":[{"embeddable":true,"href":"https:\/\/blog.espol.edu.ec\/emiangav\/wp-json\/wp\/v2\/comments?post=46"}],"version-history":[{"count":1,"href":"https:\/\/blog.espol.edu.ec\/emiangav\/wp-json\/wp\/v2\/pages\/46\/revisions"}],"predecessor-version":[{"id":47,"href":"https:\/\/blog.espol.edu.ec\/emiangav\/wp-json\/wp\/v2\/pages\/46\/revisions\/47"}],"wp:attachment":[{"href":"https:\/\/blog.espol.edu.ec\/emiangav\/wp-json\/wp\/v2\/media?parent=46"}],"curies":[{"name":"wp","href":"https:\/\/api.w.org\/{rel}","templated":true}]}}