{"id":14,"date":"2014-11-12T02:36:29","date_gmt":"2014-11-12T02:36:29","guid":{"rendered":"http:\/\/blog.espol.edu.ec\/emmacias\/?page_id=14"},"modified":"2014-11-12T03:08:17","modified_gmt":"2014-11-12T03:08:17","slug":"quienes-somos","status":"publish","type":"page","link":"https:\/\/blog.espol.edu.ec\/emmacias\/quienes-somos\/","title":{"rendered":"Quienes somos."},"content":{"rendered":"<p style=\"text-align: left\"><strong>Somos una empresa con una amplia experiencia en bordado para confeccionistas, con dise\u00f1os a su gusto; adem\u00e1s de la confecci\u00f3n de todo tipo de uniformes, camisetas y chompas, con la m\u00e1s alta calidad . Contamos con la tecnolog\u00eda y la experiencia necesaria para cumplir con sus expectativas.<\/strong><\/p>\n<p style=\"text-align: left\"><img decoding=\"async\" src=\"http:\/\/www.bordain.ec\/photos\/1.jpg\" alt=\"\" \/><\/p>\n","protected":false},"excerpt":{"rendered":"<p>Somos una empresa con una amplia experiencia en bordado para confeccionistas, con dise\u00f1os a su gusto; adem\u00e1s de la confecci\u00f3n de todo tipo de uniformes, camisetas y chompas, con la m\u00e1s alta calidad . Contamos con la tecnolog\u00eda y la experiencia necesaria para cumplir con sus expectativas.<\/p>\n","protected":false},"author":9274,"featured_media":0,"parent":0,"menu_order":0,"comment_status":"open","ping_status":"open","template":"","meta":{"footnotes":""},"class_list":["post-14","page","type-page","status-publish","hentry"],"_links":{"self":[{"href":"https:\/\/blog.espol.edu.ec\/emmacias\/wp-json\/wp\/v2\/pages\/14","targetHints":{"allow":["GET"]}}],"collection":[{"href":"https:\/\/blog.espol.edu.ec\/emmacias\/wp-json\/wp\/v2\/pages"}],"about":[{"href":"https:\/\/blog.espol.edu.ec\/emmacias\/wp-json\/wp\/v2\/types\/page"}],"author":[{"embeddable":true,"href":"https:\/\/blog.espol.edu.ec\/emmacias\/wp-json\/wp\/v2\/users\/9274"}],"replies":[{"embeddable":true,"href":"https:\/\/blog.espol.edu.ec\/emmacias\/wp-json\/wp\/v2\/comments?post=14"}],"version-history":[{"count":6,"href":"https:\/\/blog.espol.edu.ec\/emmacias\/wp-json\/wp\/v2\/pages\/14\/revisions"}],"predecessor-version":[{"id":40,"href":"https:\/\/blog.espol.edu.ec\/emmacias\/wp-json\/wp\/v2\/pages\/14\/revisions\/40"}],"wp:attachment":[{"href":"https:\/\/blog.espol.edu.ec\/emmacias\/wp-json\/wp\/v2\/media?parent=14"}],"curies":[{"name":"wp","href":"https:\/\/api.w.org\/{rel}","templated":true}]}}