{"id":18,"date":"2015-10-27T01:00:56","date_gmt":"2015-10-27T01:00:56","guid":{"rendered":"http:\/\/blog.espol.edu.ec\/emtioui\/?page_id=18"},"modified":"2015-10-27T01:01:03","modified_gmt":"2015-10-27T01:01:03","slug":"el-nino-2015-2016-perspectivas-de-evolucion-y-recomendaciones-para-reducir-impactos","status":"publish","type":"page","link":"https:\/\/blog.espol.edu.ec\/emtioui\/el-nino-2015-2016-perspectivas-de-evolucion-y-recomendaciones-para-reducir-impactos\/","title":{"rendered":"El Ni\u00f1o 2015-2016: Perspectivas de Evoluci\u00f3n y recomendaciones para reducir impactos"},"content":{"rendered":"<p><iframe loading=\"lazy\" src=\"\/\/es.slideshare.net\/slideshow\/embed_code\/key\/x8eZEVudulBCYE\" width=\"425\" height=\"355\" frameborder=\"0\" allowfullscreen> <\/iframe> <\/p>\n<div style=\"margin-bottom:5px\"> <strong> <a href=\"\/\/es.slideshare.net\/ProGobernabilidadPer\/el-nio-20152016-perspectivas-de-evolucin-y-recomendaciones-para-reducir-impactos\" title=\"El Ni\u00f1o 2015-2016: Perspectivas de Evoluci\u00f3n y recomendaciones para reducir impactos\" target=\"_blank\">El Ni\u00f1o 2015-2016: Perspectivas de Evoluci\u00f3n y recomendaciones para reducir impactos<\/a> <\/strong> from <strong><a href=\"\/\/www.slideshare.net\/ProGobernabilidadPer\" target=\"_blank\">ProGobernabilidad Per\u00fa<\/a><\/strong> <\/div>\n","protected":false},"excerpt":{"rendered":"<p>El Ni\u00f1o 2015-2016: Perspectivas de Evoluci\u00f3n y recomendaciones para reducir impactos from ProGobernabilidad Per\u00fa<\/p>\n","protected":false},"author":9915,"featured_media":0,"parent":0,"menu_order":0,"comment_status":"closed","ping_status":"closed","template":"","meta":{"footnotes":""},"class_list":["post-18","page","type-page","status-publish","hentry"],"_links":{"self":[{"href":"https:\/\/blog.espol.edu.ec\/emtioui\/wp-json\/wp\/v2\/pages\/18","targetHints":{"allow":["GET"]}}],"collection":[{"href":"https:\/\/blog.espol.edu.ec\/emtioui\/wp-json\/wp\/v2\/pages"}],"about":[{"href":"https:\/\/blog.espol.edu.ec\/emtioui\/wp-json\/wp\/v2\/types\/page"}],"author":[{"embeddable":true,"href":"https:\/\/blog.espol.edu.ec\/emtioui\/wp-json\/wp\/v2\/users\/9915"}],"replies":[{"embeddable":true,"href":"https:\/\/blog.espol.edu.ec\/emtioui\/wp-json\/wp\/v2\/comments?post=18"}],"version-history":[{"count":1,"href":"https:\/\/blog.espol.edu.ec\/emtioui\/wp-json\/wp\/v2\/pages\/18\/revisions"}],"predecessor-version":[{"id":19,"href":"https:\/\/blog.espol.edu.ec\/emtioui\/wp-json\/wp\/v2\/pages\/18\/revisions\/19"}],"wp:attachment":[{"href":"https:\/\/blog.espol.edu.ec\/emtioui\/wp-json\/wp\/v2\/media?parent=18"}],"curies":[{"name":"wp","href":"https:\/\/api.w.org\/{rel}","templated":true}]}}