{"id":26,"date":"2015-10-27T01:44:07","date_gmt":"2015-10-27T01:44:07","guid":{"rendered":"http:\/\/blog.espol.edu.ec\/emtioui\/?page_id=26"},"modified":"2015-10-27T01:44:07","modified_gmt":"2015-10-27T01:44:07","slug":"fenomenos-del-nino-y-de-la-nina","status":"publish","type":"page","link":"https:\/\/blog.espol.edu.ec\/emtioui\/fenomenos-del-nino-y-de-la-nina\/","title":{"rendered":"Fen\u00f3menos del ni\u00f1o y de la ni\u00f1a"},"content":{"rendered":"<p><iframe loading=\"lazy\" src=\"\/\/es.slideshare.net\/slideshow\/embed_code\/key\/3aJO7luyP5VQ3y\" width=\"425\" height=\"355\" frameborder=\"0\" allowfullscreen> <\/iframe> <\/p>\n<div style=\"margin-bottom:5px\"> <strong> <a href=\"\/\/es.slideshare.net\/JEAC45\/fenmenos-del-nio-y-de-la-nia\" title=\"Fen\u00f3menos del ni\u00f1o y de la ni\u00f1a\" target=\"_blank\">Fen\u00f3menos del ni\u00f1o y de la ni\u00f1a<\/a> <\/strong> from <strong><a href=\"\/\/www.slideshare.net\/JEAC45\" target=\"_blank\">JEAC45<\/a><\/strong> <\/div>\n","protected":false},"excerpt":{"rendered":"<p>Fen\u00f3menos del ni\u00f1o y de la ni\u00f1a from JEAC45<\/p>\n","protected":false},"author":9915,"featured_media":0,"parent":0,"menu_order":0,"comment_status":"closed","ping_status":"closed","template":"","meta":{"footnotes":""},"class_list":["post-26","page","type-page","status-publish","hentry"],"_links":{"self":[{"href":"https:\/\/blog.espol.edu.ec\/emtioui\/wp-json\/wp\/v2\/pages\/26","targetHints":{"allow":["GET"]}}],"collection":[{"href":"https:\/\/blog.espol.edu.ec\/emtioui\/wp-json\/wp\/v2\/pages"}],"about":[{"href":"https:\/\/blog.espol.edu.ec\/emtioui\/wp-json\/wp\/v2\/types\/page"}],"author":[{"embeddable":true,"href":"https:\/\/blog.espol.edu.ec\/emtioui\/wp-json\/wp\/v2\/users\/9915"}],"replies":[{"embeddable":true,"href":"https:\/\/blog.espol.edu.ec\/emtioui\/wp-json\/wp\/v2\/comments?post=26"}],"version-history":[{"count":1,"href":"https:\/\/blog.espol.edu.ec\/emtioui\/wp-json\/wp\/v2\/pages\/26\/revisions"}],"predecessor-version":[{"id":27,"href":"https:\/\/blog.espol.edu.ec\/emtioui\/wp-json\/wp\/v2\/pages\/26\/revisions\/27"}],"wp:attachment":[{"href":"https:\/\/blog.espol.edu.ec\/emtioui\/wp-json\/wp\/v2\/media?parent=26"}],"curies":[{"name":"wp","href":"https:\/\/api.w.org\/{rel}","templated":true}]}}