{"id":12,"date":"2016-10-14T14:16:26","date_gmt":"2016-10-14T14:16:26","guid":{"rendered":"http:\/\/blog.espol.edu.ec\/enriquedavila\/?page_id=12"},"modified":"2016-10-14T14:21:48","modified_gmt":"2016-10-14T14:21:48","slug":"propietario-del-blog","status":"publish","type":"page","link":"https:\/\/blog.espol.edu.ec\/enriquedavila\/propietario-del-blog\/","title":{"rendered":"PROPIETARIO DEL BLOG"},"content":{"rendered":"<figure id=\"attachment_14\" aria-describedby=\"caption-attachment-14\" style=\"width: 257px\" class=\"wp-caption alignnone\"><img loading=\"lazy\" decoding=\"async\" class=\"size-full wp-image-14\" src=\"http:\/\/blog.espol.edu.ec\/enriquedavila\/files\/2016\/10\/13533341_1203721456339515_3564511419930782831_n.jpg\" alt=\"Enrique D\u00e1vila Vidal\" width=\"257\" height=\"473\" \/><figcaption id=\"caption-attachment-14\" class=\"wp-caption-text\">Enrique D\u00e1vila Vidal<\/figcaption><\/figure>\n<p>\"La Vida no trata de encontrarse a uno mismo,sino de crearse a uno mismo\" George Bernard.<\/p>\n<p>Soy una persona con grandes expectativas y metas, cuando me propongo hacer algo no desisto hasta culminarlo, mi vida se basa en valores y en servir al pr\u00f3jimo. Porque el futuro est\u00e1 en el esp\u00edritu colaborados de las personas.<\/p>\n<p>Me gusta el deporte (f\u00fabol) soy hincha del Barcesola S.C, disfruto mucho de mi familia, deseo la paz en el mundo porque no hay imposibles para quien cree, mi materia preferida siempre ha sido la f\u00edsica, respeto a los animales.<\/p>\n<p>Me considero una persona muy creyente de Dios, mi religi\u00f3n es la cat\u00f3lica aunque eso es lo de menos puesto que pienso que lo principal y primordial es que amemos a un solo padre como el nos ama a nosotros. Para terminar quiero dejarte un mensaje \" Amarte a ti mismo es la mejor forma de mejorarte y mientras te mejoras a ti mismo, mejoras tu mundo\".<\/p>\n","protected":false},"excerpt":{"rendered":"<p>\"La Vida no trata de encontrarse a uno mismo,sino de crearse a uno mismo\" George Bernard. Soy una persona con grandes expectativas y metas, cuando me propongo hacer algo no desisto hasta culminarlo, mi vida se basa en valores y en servir al pr\u00f3jimo. Porque el futuro est\u00e1 en el esp\u00edritu colaborados de las personas. [&hellip;]<\/p>\n","protected":false},"author":10546,"featured_media":0,"parent":0,"menu_order":0,"comment_status":"closed","ping_status":"closed","template":"","meta":{"footnotes":""},"class_list":["post-12","page","type-page","status-publish","hentry"],"_links":{"self":[{"href":"https:\/\/blog.espol.edu.ec\/enriquedavila\/wp-json\/wp\/v2\/pages\/12","targetHints":{"allow":["GET"]}}],"collection":[{"href":"https:\/\/blog.espol.edu.ec\/enriquedavila\/wp-json\/wp\/v2\/pages"}],"about":[{"href":"https:\/\/blog.espol.edu.ec\/enriquedavila\/wp-json\/wp\/v2\/types\/page"}],"author":[{"embeddable":true,"href":"https:\/\/blog.espol.edu.ec\/enriquedavila\/wp-json\/wp\/v2\/users\/10546"}],"replies":[{"embeddable":true,"href":"https:\/\/blog.espol.edu.ec\/enriquedavila\/wp-json\/wp\/v2\/comments?post=12"}],"version-history":[{"count":3,"href":"https:\/\/blog.espol.edu.ec\/enriquedavila\/wp-json\/wp\/v2\/pages\/12\/revisions"}],"predecessor-version":[{"id":16,"href":"https:\/\/blog.espol.edu.ec\/enriquedavila\/wp-json\/wp\/v2\/pages\/12\/revisions\/16"}],"wp:attachment":[{"href":"https:\/\/blog.espol.edu.ec\/enriquedavila\/wp-json\/wp\/v2\/media?parent=12"}],"curies":[{"name":"wp","href":"https:\/\/api.w.org\/{rel}","templated":true}]}}