{"id":22,"date":"2016-10-14T15:02:14","date_gmt":"2016-10-14T15:02:14","guid":{"rendered":"http:\/\/blog.espol.edu.ec\/enriquedavila\/?page_id=22"},"modified":"2016-10-14T15:02:14","modified_gmt":"2016-10-14T15:02:14","slug":"para-que-vivir","status":"publish","type":"page","link":"https:\/\/blog.espol.edu.ec\/enriquedavila\/para-que-vivir\/","title":{"rendered":"\u00bfPara qu\u00e9 vivir?"},"content":{"rendered":"<p>Cada ser vivo es una maravilla creada por un poder sobrenatural al cual nosotros le llamamos Dios, decir que la vida no vale la pena significa que estas perdiendo la cabeza, si nos fijamos detenidamente en lo que esta a nuestro alrededor veremos que no es cierto, si te fijas en la fauna y flora, si tan solo te fijaras en ese amanecer, \u00a0en el amor que te brindan tu familia.\u00a0Si \u00a0tan solo pudi\u00e9semos buscar y encontrar un prop\u00f3sito en esta bella vida,en cada accionar\u00a0que hacemos habr\u00edamos encontrado respuesta a la pregunta que anteriormente formulamos y podr\u00edamos dar sentido a todo nuestro vivir. No\u00a0\u00a0parece demasiado complicado \u00bfverdad?: si tenemos hambre tendremos que procurarnos por comer, pero si estamos agotados\u00a0lo que mejor podemos hacer es buscar un lugar donde encontrar reposo. Entonces, si sumamos todas nuestras peque\u00f1as metas por que todos las tenemos sean absurdas o no, todos nuestros prop\u00f3sitos y cada uno de los fines que nos mueven a la acci\u00f3n, \u00bfpodr\u00edamos encontrar la motivaci\u00f3n general de nuestras vidas? No dejes que primero muera esas ansias de vivir, no permitamos que nuestra vida pierda sentido, cuando los problemas se presentan,TU tienes el poder de resolverlos por que nada es imposible, no dejes que eso afecte tu vida, por que si tu te propones lo lograr\u00e1s.<\/p>\n<p>Vamos quiero que ahora te fijes en este ejemplo<\/p>\n<p><strong><u>Nicholas James Vujicic<\/u><\/strong><\/p>\n<div>(4. <a href=\"image\/jpeg;base64,\/9j\/4AAQSkZJRgABAQAAAQABAAD\/2wBDAAkGBwgHBgkIBwgKCgkLDRYPDQwMDRsUFRAWIB0iIiAdHx8kKDQsJCYxJx8fLT0tMTU3Ojo6Iys\/RD84QzQ5Ojf\/2wBDAQoKCg0MDRoPDxo3JR8lNzc3Nzc3Nzc3Nzc3Nzc3Nzc3Nzc3Nzc3Nzc3Nzc3Nzc3Nzc3Nzc3Nzc3Nzc3Nzc3Nzf\/wAARCACVAK4DASIAAhEBAxEB\/8QAHAABAAICAwEAAAAAAAAAAAAAAAEFAwYCBAcI\/8QAOBAAAQMCBAMGBAMIAwAAAAAAAQACAwQRBRIhMQZBYRMiUXGBkQcUFbEyQsEjJFJiocLR8ENygv\/EABkBAQADAQEAAAAAAAAAAAAAAAABAgMFBP\/EACERAQEAAgIDAQADAQAAAAAAAAABAhEDIQQSMVETQXGx\/9oADAMBAAIRAxEAPwDw1ERAREQEREBERAREQEREBFI31V\/hWBQyxslxKpfTxusQxjLusfG+yjLKY\/VsMMs7qNfRXbsCD8whqmueDoHMLb32AOu\/WyrKmjmpXFtRGWOBIsSNxukyl+Jy48sfsddFKhSoIiICIiAiIgIiICIiAiIgIiICkKFIQWvDmC1GP4tT4fSgB0hzPkOzGD8Tj\/u69UPD9AcsDGuIYA0OcdStN+GtVJQfUqmCnEsrmRwXsSWscSTa3iWjfRb1V4nJTGKQUgLZLEl7slri43Fr+dlz\/Lzty9Y6ng8esbkz1\/CuCfSAwAifKSS029VoWJwU9fQfLS5e2hOVkoF3aePjp9lt2JVUs2HVM0GZjww90kG3qF59lramJ9XHG\/sm6ukJAOmptrc2G9r2VOD2ve2\/LjJjq97a1K0seWkC4NiFwPkstQ8yTPe4kkuJJKxEldNxahTZQpuiEIikC6CEREBERAREQEREBERAUhQp5IPTfhTU01HheIOmjLnS1EQdfW7Gh2luepK2eDEaapnk0dl3yytyu35XXnHw5r44ccjpKoh1POMuV5OVp3\/QrfXnD4op5ZJWOaCcgzvcB5AnRc3yprk7djwrLxMmPV0UVJMyEMDnNIa0ey13FDT8P8MTQNkEk1REWxt0uA5uVxJ9Tp1C6lTUy4hWOZSMeXynTpfdU3FBFI+sgkjaHyvY2P8AlY3cgeBKng492StPI5PTjuU\/xrLr+i4ndFC6Lhp\/LfqoREBERAREQEUnl5J+VBCIiAiIgIiICIiDJE90cjHMLmuabgtNiD5rfMJw+rxTBsPnj7zpTI2WVx3IedT4m32WqcO4X9WxSGlOYR3zSubuGjU+q9Rw3FMMp4quGb9zoqINfG52zgQQQwb7gWG5usPIxtw3j9enxeSYcnd6dqnoaXB6Fzrtbpd8h3cf95KtxuhpuKOG6mPD8OkdW0rc8VU5gAdY3cy\/iRewHO17KcOq8O4nrhmxCBsMf4IJH5HH\/wAnX1W0UmJ0FNKI2Ss+Vgfk7gIbmadQOgPuR01jg4PSe2XdPI8q8l9Z1P8Ar56cAALG64r2L4kcDU1fHNjmAR3qbdpPTRDSYbl7R\/Frcjn57+PEam2y9DzIREQEREBERAREQEUkWUICIiAiIgKVCkBB658NsOpKrg6Rj4yTUzSMn1IzN0Fr77eC6fEHDJxHF30WHHs4acMaWCwFy3Uk+tvdWnwuPY8ICQ86iRw9LD7rYcPhYAZzp2nfcSdfAf3e6tIyt1WsUfANCx7ZMRayZzbHIy4B8zzWbFOwpq9rIoWMjgZctY0AEhtx58gtir6rs4nlp71tvstNx+eSSonbGQGuiDQLaknn9lbfat76Z8LxzEaJwnkrJpbkFzXOuD5Dl6LWPiThkDK\/6zhzWspK099gAGSW1zp4HU+d1b1ByBoGne\/RcK+aOt4Ur8PlH7RgE8Elr2LTct9Re3mmUXwrzZERZtBFN+iAXQQiIgIiICIiAiIgIiICkGyhEHqXBtVJFwRFE1wBmqZI2E8hz+5Pot5sGiU2blFrX8Q0LzvgxhqMJwyn\/K2aSQg7auAH2K3qqqM8OVgIce8eSsxy+qjEqmUSWDdCdSdrLXp5HzStc5tttL72KuMRmyXaTYnYFU7WiQZDYH+ZSiEhe8EOjcD1GnuqLFWvpaColdK4y5g1jABlynd2++w9SryTK1mQvcWjkXEKrx6hb9IqqqngEbGZM7yO8+7gDcnXm1TbuNMY0tERZriIiAiIgIiICIiAiIgIiICkbXULLTOYyaN0rc8YeC5viL6hB61wXRNiqYonWENFC0vI0uQLn3cSrfEnyQPljazPJkG3NZeHqVtPgZkqHhslVMZpnc8v8PQWH9VVYnjsDax\/ysfaHYFzr6q8Y1WywTSufNO14tzLTYLr3z92HvHm936LLUz1Fc8Onkc5o2YDYBc2DuBgBP8ALsmiVhZAH6OFz1OiquIZpHYPWwxn92Zkc538TswAHUDUq5IMjeyjyglVnGTY6Ph2OGJzXPnnAfbkGgkD7JrpfGtARSoVFxERAREQEREBERARTY+CWQQinKUsfBBCkFLHwSxQej4BiM1fgFOyVxkDSYpGteQTa1r9SLe6s3YZRyMaYo5Kd5F8rjdaZwLXVFPiDoY3kxSAOLN7EEAH2KvMa4kxSjxaspI6aF\/y8jow54\/EAdNOV0mU3qq5cWVntFr8jU0wLiIXR2\/E52VYH1kLbuL2gW7zyRZo8AtfqsdlrhmxCgnfNa3cnswDo3YLowVlJLIC+hdG3cOfLnF\/INVvaKemX42qXE8Kp3Bsz2uktfKSqriyJ+J4SzEqWpjfHC8iWlYbGNlgGvA5i5INttPFQKjCIwAZJ5IxtE2Alg8r\/oqzHcQwp1KYcKpZqeWQ2lzOIYWjwbyPjbSyXLrTSY2d6a2iAK1HD+KOaHfK5QR+eRjfuVS2T6tJb8VQRXLOG8QJs4U7POdp+xKyDhesP\/PS383n+1R74\/q38eX4oURFZQ56rkbWuFxWQaIMa5WshGl1N1OgBHO6EjkuJUJU7ciSmYqAllAm5TkiflKDasLpIsPooarO8VErAQWkg2OuUALuTPaG3eP2rtXXOY+pO5XWfURRmF8kjMzYWhjLje266z5jI4vzNN+ea68uUtu3sx1MZIyVDgYXNboXDW39VgbE1urWDrZMr3glgLreGq4xwTk2Ect+fd28lafPqNduZBN9h0XQxhoayn713WcDblsrqmov2jW1AnENxm7JrcxFtbFxGvmOS7WL4Rg00rBTVdY6NoJLnsY03PS\/QKccpL2jPG5Y3TSdCvR6GnqqujbVto5HROibLcvaLN1sdTe3dd7LVZsFo2OaYq2Rw\/MHRj\/Kto8UdDRQUjJJXNgFm3PLW1xtbVRy2ZTpHBh62+y6NFWti7Z9E2KIEjPJM1uotvr1CwPdk3fh4\/7Vjf8ACqHYzUBxdHZpJB6aG4WF2NVcYAa\/SwHLYXty6n3WPplf6ej3wjU0RF7nNSNwsh2CIgjKEOyIrDgUbq4DqiKKOyKbvBuffnbZXtHw3E+MSTVD3XF7NaB\/lEWedsnTbixl+u19Bw6P8TJX+clljfheGst+6uOvOVyIsJnlv69Ewx\/HYYIWhzo6eJuYd7S91w7ax7kUTeuREUbu1rJEfMS5vxnwXF0sh07R3uiJVNsbnE7k+6wSPty90RWiMqkNzC+mvRDGbauHoERShikblcG735rrONyT1KIpxVr\/2Q==\"><img loading=\"lazy\" decoding=\"async\" id=\"rg_hi\" class=\"rg_hi uh_hi alignright\" src=\"image\/jpeg;base64,\/9j\/4AAQSkZJRgABAQAAAQABAAD\/2wBDAAkGBwgHBgkIBwgKCgkLDRYPDQwMDRsUFRAWIB0iIiAdHx8kKDQsJCYxJx8fLT0tMTU3Ojo6Iys\/RD84QzQ5Ojf\/2wBDAQoKCg0MDRoPDxo3JR8lNzc3Nzc3Nzc3Nzc3Nzc3Nzc3Nzc3Nzc3Nzc3Nzc3Nzc3Nzc3Nzc3Nzc3Nzc3Nzc3Nzf\/wAARCACVAK4DASIAAhEBAxEB\/8QAHAABAAICAwEAAAAAAAAAAAAAAAEFAwYCBAcI\/8QAOBAAAQMCBAMGBAMIAwAAAAAAAQACAwQRBRIhMQZBYRMiUXGBkQcUFbEyQsEjJFJiocLR8ENygv\/EABkBAQADAQEAAAAAAAAAAAAAAAABAgMFBP\/EACERAQEAAgIDAQADAQAAAAAAAAABAhEDIQQSMVETQXGx\/9oADAMBAAIRAxEAPwDw1ERAREQEREBERAREQEREBFI31V\/hWBQyxslxKpfTxusQxjLusfG+yjLKY\/VsMMs7qNfRXbsCD8whqmueDoHMLb32AOu\/WyrKmjmpXFtRGWOBIsSNxukyl+Jy48sfsddFKhSoIiICIiAiIgIiICIiAiIgIiICkKFIQWvDmC1GP4tT4fSgB0hzPkOzGD8Tj\/u69UPD9AcsDGuIYA0OcdStN+GtVJQfUqmCnEsrmRwXsSWscSTa3iWjfRb1V4nJTGKQUgLZLEl7slri43Fr+dlz\/Lzty9Y6ng8esbkz1\/CuCfSAwAifKSS029VoWJwU9fQfLS5e2hOVkoF3aePjp9lt2JVUs2HVM0GZjww90kG3qF59lramJ9XHG\/sm6ukJAOmptrc2G9r2VOD2ve2\/LjJjq97a1K0seWkC4NiFwPkstQ8yTPe4kkuJJKxEldNxahTZQpuiEIikC6CEREBERAREQEREBERAUhQp5IPTfhTU01HheIOmjLnS1EQdfW7Gh2luepK2eDEaapnk0dl3yytyu35XXnHw5r44ccjpKoh1POMuV5OVp3\/QrfXnD4op5ZJWOaCcgzvcB5AnRc3yprk7djwrLxMmPV0UVJMyEMDnNIa0ey13FDT8P8MTQNkEk1REWxt0uA5uVxJ9Tp1C6lTUy4hWOZSMeXynTpfdU3FBFI+sgkjaHyvY2P8AlY3cgeBKng492StPI5PTjuU\/xrLr+i4ndFC6Lhp\/LfqoREBERAREQEUnl5J+VBCIiAiIgIiICIiDJE90cjHMLmuabgtNiD5rfMJw+rxTBsPnj7zpTI2WVx3IedT4m32WqcO4X9WxSGlOYR3zSubuGjU+q9Rw3FMMp4quGb9zoqINfG52zgQQQwb7gWG5usPIxtw3j9enxeSYcnd6dqnoaXB6Fzrtbpd8h3cf95KtxuhpuKOG6mPD8OkdW0rc8VU5gAdY3cy\/iRewHO17KcOq8O4nrhmxCBsMf4IJH5HH\/wAnX1W0UmJ0FNKI2Ss+Vgfk7gIbmadQOgPuR01jg4PSe2XdPI8q8l9Z1P8Ar56cAALG64r2L4kcDU1fHNjmAR3qbdpPTRDSYbl7R\/Frcjn57+PEam2y9DzIREQEREBERAREQEUkWUICIiAiIgKVCkBB658NsOpKrg6Rj4yTUzSMn1IzN0Fr77eC6fEHDJxHF30WHHs4acMaWCwFy3Uk+tvdWnwuPY8ICQ86iRw9LD7rYcPhYAZzp2nfcSdfAf3e6tIyt1WsUfANCx7ZMRayZzbHIy4B8zzWbFOwpq9rIoWMjgZctY0AEhtx58gtir6rs4nlp71tvstNx+eSSonbGQGuiDQLaknn9lbfat76Z8LxzEaJwnkrJpbkFzXOuD5Dl6LWPiThkDK\/6zhzWspK099gAGSW1zp4HU+d1b1ByBoGne\/RcK+aOt4Ur8PlH7RgE8Elr2LTct9Re3mmUXwrzZERZtBFN+iAXQQiIgIiICIiAiIgIiICkGyhEHqXBtVJFwRFE1wBmqZI2E8hz+5Pot5sGiU2blFrX8Q0LzvgxhqMJwyn\/K2aSQg7auAH2K3qqqM8OVgIce8eSsxy+qjEqmUSWDdCdSdrLXp5HzStc5tttL72KuMRmyXaTYnYFU7WiQZDYH+ZSiEhe8EOjcD1GnuqLFWvpaColdK4y5g1jABlynd2++w9SryTK1mQvcWjkXEKrx6hb9IqqqngEbGZM7yO8+7gDcnXm1TbuNMY0tERZriIiAiIgIiICIiAiIgIiICkbXULLTOYyaN0rc8YeC5viL6hB61wXRNiqYonWENFC0vI0uQLn3cSrfEnyQPljazPJkG3NZeHqVtPgZkqHhslVMZpnc8v8PQWH9VVYnjsDax\/ysfaHYFzr6q8Y1WywTSufNO14tzLTYLr3z92HvHm936LLUz1Fc8Onkc5o2YDYBc2DuBgBP8ALsmiVhZAH6OFz1OiquIZpHYPWwxn92Zkc538TswAHUDUq5IMjeyjyglVnGTY6Ph2OGJzXPnnAfbkGgkD7JrpfGtARSoVFxERAREQEREBERARTY+CWQQinKUsfBBCkFLHwSxQej4BiM1fgFOyVxkDSYpGteQTa1r9SLe6s3YZRyMaYo5Kd5F8rjdaZwLXVFPiDoY3kxSAOLN7EEAH2KvMa4kxSjxaspI6aF\/y8jow54\/EAdNOV0mU3qq5cWVntFr8jU0wLiIXR2\/E52VYH1kLbuL2gW7zyRZo8AtfqsdlrhmxCgnfNa3cnswDo3YLowVlJLIC+hdG3cOfLnF\/INVvaKemX42qXE8Kp3Bsz2uktfKSqriyJ+J4SzEqWpjfHC8iWlYbGNlgGvA5i5INttPFQKjCIwAZJ5IxtE2Alg8r\/oqzHcQwp1KYcKpZqeWQ2lzOIYWjwbyPjbSyXLrTSY2d6a2iAK1HD+KOaHfK5QR+eRjfuVS2T6tJb8VQRXLOG8QJs4U7POdp+xKyDhesP\/PS383n+1R74\/q38eX4oURFZQ56rkbWuFxWQaIMa5WshGl1N1OgBHO6EjkuJUJU7ciSmYqAllAm5TkiflKDasLpIsPooarO8VErAQWkg2OuUALuTPaG3eP2rtXXOY+pO5XWfURRmF8kjMzYWhjLje266z5jI4vzNN+ea68uUtu3sx1MZIyVDgYXNboXDW39VgbE1urWDrZMr3glgLreGq4xwTk2Ect+fd28lafPqNduZBN9h0XQxhoayn713WcDblsrqmov2jW1AnENxm7JrcxFtbFxGvmOS7WL4Rg00rBTVdY6NoJLnsY03PS\/QKccpL2jPG5Y3TSdCvR6GnqqujbVto5HROibLcvaLN1sdTe3dd7LVZsFo2OaYq2Rw\/MHRj\/Kto8UdDRQUjJJXNgFm3PLW1xtbVRy2ZTpHBh62+y6NFWti7Z9E2KIEjPJM1uotvr1CwPdk3fh4\/7Vjf8ACqHYzUBxdHZpJB6aG4WF2NVcYAa\/SwHLYXty6n3WPplf6ej3wjU0RF7nNSNwsh2CIgjKEOyIrDgUbq4DqiKKOyKbvBuffnbZXtHw3E+MSTVD3XF7NaB\/lEWedsnTbixl+u19Bw6P8TJX+clljfheGst+6uOvOVyIsJnlv69Ewx\/HYYIWhzo6eJuYd7S91w7ax7kUTeuREUbu1rJEfMS5vxnwXF0sh07R3uiJVNsbnE7k+6wSPty90RWiMqkNzC+mvRDGbauHoERShikblcG735rrONyT1KIpxVr\/2Q==\" alt=\"\" width=\"197\" height=\"168\" border=\"0\" \/><\/a>diciembre de 1982) es un orador motivacional y director de Life Without Limbs, una organizaci\u00f3n para personas con discapacidad f\u00edsica.\u00a0 Naci\u00f3 en\u00a0Australia, con una agenesia consistente que se caracteriza por la carencia de tres de sus extremidades, le faltan ambos brazos a nivel de los hombros y extremidad inferior derecha, y con una meromelia de la extremidad inferior izquierda, tiene un peque\u00f1o pie con dos dedos\u00a0que cuelgan\u00a0de su muslo izquierdo. Al principio sus padres se sintieron\u00a0tristes, pero Nick hab\u00eda nacido sano.A la edad de 25 a\u00f1os, Nick quiere ser econ\u00f3micamente independiente. Desea promocionar sus palabras mediante\u00a0 as\u00ed como escribir libros. Su primer libro, que complet\u00f3 a finales del 2009, se llama \u201cNo Arms, No Legs, No Worries!\u201d (\u00a1Sin brazos, Sin Piernas, Sin Preocupaciones!).<\/div>\n<div>un personaje\u00a0 que nos ense\u00f1a que a pesar de su discapacidad viaja por todo el mundo dando conferencias a jovenes y adultos, actualmente escribe y termina sus estudios de economista.<\/div>\n<div><\/div>\n<div>AHORA TU DECIDES!<\/div>\n<p>&nbsp;<\/p>\n","protected":false},"excerpt":{"rendered":"<p>Cada ser vivo es una maravilla creada por un poder sobrenatural al cual nosotros le llamamos Dios, decir que la vida no vale la pena significa que estas perdiendo la cabeza, si nos fijamos detenidamente en lo que esta a nuestro alrededor veremos que no es cierto, si te fijas en la fauna y flora, [&hellip;]<\/p>\n","protected":false},"author":10546,"featured_media":0,"parent":0,"menu_order":0,"comment_status":"closed","ping_status":"closed","template":"","meta":{"footnotes":""},"class_list":["post-22","page","type-page","status-publish","hentry"],"_links":{"self":[{"href":"https:\/\/blog.espol.edu.ec\/enriquedavila\/wp-json\/wp\/v2\/pages\/22","targetHints":{"allow":["GET"]}}],"collection":[{"href":"https:\/\/blog.espol.edu.ec\/enriquedavila\/wp-json\/wp\/v2\/pages"}],"about":[{"href":"https:\/\/blog.espol.edu.ec\/enriquedavila\/wp-json\/wp\/v2\/types\/page"}],"author":[{"embeddable":true,"href":"https:\/\/blog.espol.edu.ec\/enriquedavila\/wp-json\/wp\/v2\/users\/10546"}],"replies":[{"embeddable":true,"href":"https:\/\/blog.espol.edu.ec\/enriquedavila\/wp-json\/wp\/v2\/comments?post=22"}],"version-history":[{"count":1,"href":"https:\/\/blog.espol.edu.ec\/enriquedavila\/wp-json\/wp\/v2\/pages\/22\/revisions"}],"predecessor-version":[{"id":23,"href":"https:\/\/blog.espol.edu.ec\/enriquedavila\/wp-json\/wp\/v2\/pages\/22\/revisions\/23"}],"wp:attachment":[{"href":"https:\/\/blog.espol.edu.ec\/enriquedavila\/wp-json\/wp\/v2\/media?parent=22"}],"curies":[{"name":"wp","href":"https:\/\/api.w.org\/{rel}","templated":true}]}}