{"id":24,"date":"2016-10-14T15:08:04","date_gmt":"2016-10-14T15:08:04","guid":{"rendered":"http:\/\/blog.espol.edu.ec\/enriquedavila\/?page_id=24"},"modified":"2016-10-14T15:08:04","modified_gmt":"2016-10-14T15:08:04","slug":"la-vida-del-coronel-sanders","status":"publish","type":"page","link":"https:\/\/blog.espol.edu.ec\/enriquedavila\/la-vida-del-coronel-sanders\/","title":{"rendered":"LA VIDA DEL \"Coronel Sanders\""},"content":{"rendered":"<p>El Coronel Sanders parec\u00eda dedicarse a todo menos a la gastronom\u00eda, el profundo amor que sent\u00eda por las preparaciones del fog\u00f3n hac\u00eda parte de su infancia y esencia.<\/p>\n<p>Debido a que su madre tuvo que trabajar para sostener a la familia tras quedar viuda, Sanders, a sus seis a\u00f1os, se encarg\u00f3 de cuidar a sus hermanos y atender las labores dom\u00e9sticas.<\/p>\n<p>Fue precisamente en ese entonces cuando desarroll\u00f3 habilidades extraordinarias en la cocina, tanto as\u00ed que para cuando ten\u00eda poco menos de 10 a\u00f1os, ya se le consideraba un experto a la hora de elaborar algunos platos t\u00edpicos de la regi\u00f3n.<\/p>\n<p>Sin embargo, no ser\u00eda hasta 1930, con 40 a\u00f1os, cuando Sanders dejar\u00eda de lado sus otras ocupaciones \u2013obstetra, jornalero, pol\u00edtico, bombero, entre otras\u2013 para dedicarse al arte culinario. Mientras operaba una estaci\u00f3n de gas en Corbin, Kentucky, comenz\u00f3 a cocinar para los viajeros cansados que buscaban comida con el concepto de \u2018hecha en casa\u2019. Inicialmente, no hab\u00eda un restaurante establecido, as\u00ed que los visitantes se sentaban en la mesa del mism\u00edsimo Sanders.<\/p>\n<p>Fue tanta su popularidad, que el gobernador Rubby Laffon decidi\u00f3 nombrarlo \u2018Coronel\u2019 en 1935 por sus \u201ccontribuciones a la cocina del estado\u201d. A partir de ese momento, aun m\u00e1s personas acudieron al lugar \u2013llamado Sanders Court &amp; Caf\u00e9\u2013, obligando a Sanders a reubicar el restaurante en la acera del frente y con una disponibilidad de 142 puestos.<\/p>\n<p>En 1955, el Coronel se sinti\u00f3 lo suficientemente confiado como para expandir franquicias de su negocio a lo largo del pa\u00eds y Canad\u00e1.<\/p>\n<p>En aproximadamente dos d\u00e9cadas, Kentucky Fried Chicken (KFC) \u2013como se le conoce en la actualidad\u2013 ya ten\u00eda alrededor de 6.000 restaurantes alrededor del mundo y sus ventas superaban los 2.000 millones de d\u00f3lares.<\/p>\n<p>Con tanto \u00e9xito, muchos se preguntar\u00e1n d\u00f3nde est\u00e1 el secreto del pollo frito, su preparaci\u00f3n insigne.<\/p>\n<p>La respuesta es simple: en la receta original \u2013y a\u00fan hoy ultrasecreta\u2013, compuesta por 11 hierbas y especias, y concebida desde la d\u00e9cada de los a\u00f1os treinta, a punta de ensayo de prueba y error. \"En aquellos d\u00edas, mezclaba a mano las hierbas y especias en mi porche trasero, como si se tratara de cemento en un piso de concreto.<\/p>\n<p>Utilic\u00e9 una pala para hacer un t\u00fanel en la harina y luego las incorpor\u00e9 cuidadosamente\u201d, fue lo poco que explic\u00f3 alguna vez el Coronel Sanders, sobre su inigualable creaci\u00f3n.<\/p>\n","protected":false},"excerpt":{"rendered":"<p>El Coronel Sanders parec\u00eda dedicarse a todo menos a la gastronom\u00eda, el profundo amor que sent\u00eda por las preparaciones del fog\u00f3n hac\u00eda parte de su infancia y esencia. Debido a que su madre tuvo que trabajar para sostener a la familia tras quedar viuda, Sanders, a sus seis a\u00f1os, se encarg\u00f3 de cuidar a sus [&hellip;]<\/p>\n","protected":false},"author":10546,"featured_media":0,"parent":0,"menu_order":0,"comment_status":"closed","ping_status":"closed","template":"","meta":{"footnotes":""},"class_list":["post-24","page","type-page","status-publish","hentry"],"_links":{"self":[{"href":"https:\/\/blog.espol.edu.ec\/enriquedavila\/wp-json\/wp\/v2\/pages\/24","targetHints":{"allow":["GET"]}}],"collection":[{"href":"https:\/\/blog.espol.edu.ec\/enriquedavila\/wp-json\/wp\/v2\/pages"}],"about":[{"href":"https:\/\/blog.espol.edu.ec\/enriquedavila\/wp-json\/wp\/v2\/types\/page"}],"author":[{"embeddable":true,"href":"https:\/\/blog.espol.edu.ec\/enriquedavila\/wp-json\/wp\/v2\/users\/10546"}],"replies":[{"embeddable":true,"href":"https:\/\/blog.espol.edu.ec\/enriquedavila\/wp-json\/wp\/v2\/comments?post=24"}],"version-history":[{"count":1,"href":"https:\/\/blog.espol.edu.ec\/enriquedavila\/wp-json\/wp\/v2\/pages\/24\/revisions"}],"predecessor-version":[{"id":25,"href":"https:\/\/blog.espol.edu.ec\/enriquedavila\/wp-json\/wp\/v2\/pages\/24\/revisions\/25"}],"wp:attachment":[{"href":"https:\/\/blog.espol.edu.ec\/enriquedavila\/wp-json\/wp\/v2\/media?parent=24"}],"curies":[{"name":"wp","href":"https:\/\/api.w.org\/{rel}","templated":true}]}}