{"id":68,"date":"2016-10-20T08:40:18","date_gmt":"2016-10-20T13:40:18","guid":{"rendered":"http:\/\/blog.espol.edu.ec\/enriquedavila\/?page_id=68"},"modified":"2016-10-20T08:40:18","modified_gmt":"2016-10-20T13:40:18","slug":"exito-vida-plena","status":"publish","type":"page","link":"https:\/\/blog.espol.edu.ec\/enriquedavila\/exito-vida-plena\/","title":{"rendered":"Exito, vida plena."},"content":{"rendered":"<p><strong>EL EXITO <\/strong><\/p>\n<p>El \u00e9xito es un concepto h\u00e1bilmente administrado por la sociedad de consumo. Es uno de esos atributos que adquieres m\u00e1s para exhibirlo a los dem\u00e1s, que para disfrutarlo en la intimidad de tu coraz\u00f3n. Probablemente se trate de una idea que corresponde m\u00e1s a la esfera del poder y de la econom\u00eda, que al mundo del bienestar emocional.<\/p>\n<p>Lograr lo que nos proponemos no siempre es el final feliz de una historia. Dice el viejo aforismo \u201cTen cuidado con lo que deseas porque podr\u00edas conseguirlo\u201d. Agregar\u00eda que nunca es malo lograr lo que se desea, siempre y cuando sea una meta elegida libremente y no impuesta por una cultura que busca productividad y se basa en la competencia entre unos y otros para lograrla. En ese sentido, \u00e9xito es obtener lo que libremente se desea, sin otro prop\u00f3sito que el de ser m\u00e1s feliz y dormir m\u00e1s tranquilos.<\/p>\n<p>Existen algunos pasos que quiero compartirte para obtener el exito del autor Juan Sebasti\u00e1n Celis Maya:<\/p>\n<h2>1. Define Tus Prop\u00f3sitos<\/h2>\n<p>Decide exactamente cuales son tus ideales para con tu vida, traza una estrategia que te permita acercarte cada vez m\u00e1s a lo que quieres lograr.<br \/>\nEsto es importante porque muchas personas no saben lo que quieren y por tanto no logran nada significativo.<\/p>\n<h2>2. Delimita Tus Objetivos<\/h2>\n<p>Intenta definir con claridad qu\u00e9 es lo que quieres conseguir, ya sea cosas materiales, o logros personales. No digas cosas como \u201cquiero ser muy exitoso\u201d di m\u00e1s bien \u201cquiero tener libertad financiera, no tener que trabajar por el dinero, pasar mucho tiempo con mi familia\u201d<\/p>\n<h2>3. Establece Cantidades Y Fechas<\/h2>\n<p>No es lo mismo decir: \u201cquiero ganar mucho dinero\u201d a decir: quiero ganar $2000 dolares mensuales. Determina con exactitud el alcance de tus objetivos en cuant\u00eda y tiempo de consecuci\u00f3n. Si defines una fecha, te programar\u00e1s inconscientemente para lograrlo en el tiempo establecido, o antes.<\/p>\n<h2>4. Divide Y Vencer\u00e1s<\/h2>\n<p>Divide tus objetivos y metas en partes m\u00e1s peque\u00f1as, de manera que sea m\u00e1s simple ir por cada uno de esos prop\u00f3sitos, que encarar el reto de uno muy grande, as\u00ed pues, aplicando la regla \u201cdivide y vencer\u00e1s\u201d conseguiras simplificar el proceso a trav\u00e9s del tiempo. Ni siquiera te dar\u00e1s cuenta, cuando ya estar\u00e1s disfrutando de tus logros!<\/p>\n<h2>5. Visualiza El \u00c9xito<\/h2>\n<p>Un paso importante para el \u00e9xito, es la visualizaci\u00f3n. Obs\u00e9rvate a ti mismo en el estado final de tanto esfuerzo. Haz de cuenta que todo aquello por lo que luchas, ya lo has conseguido e intenta personificarte en aquel t\u00fa exitoso\u201d.<\/p>\n<p>Es importante que visualices tambi\u00e9n el esfuerzo que debes realizar para lograr el \u00e9xito, porque sino tu visualizaci\u00f3n estar\u00eda basada en la fantas\u00eda.<\/p>\n<h2>6. Ll\u00e9nate De Optimismo<\/h2>\n<p>El optimismo puede facilitar tu labor, en el sentido en que estar\u00e1s menos predispuesto para el fracaso si s\u00f3lo piensas en que lo lograr\u00e1s. Ser\u00e1 mas dif\u00edcil para ti equivocarte y \u00e9sto no lo notar\u00e1s, tendr\u00e1s un piloto autom\u00e1tico que te conducir\u00e1 en tu vuelo hacia el \u00e9xito.<\/p>\n<h2>7. Nunca Te Rindas<\/h2>\n<p>Insistir, persistir, resistir y no desistir son puntos vitales de todo emprendimiento, cuando veas que la situaci\u00f3n se torna m\u00e1s dif\u00edcil, es cuando m\u00e1s tienden a florecer los jardines del \u00e9xito, no desistas en tu lucha por llegar al lugar propuesto, y sobre todo, nunca culpes a nadie por tus fracasos, enc\u00e1rgate de tu vida! que se note que tienes el control!<\/p>\n<h2>8. Compite Contra Ti Mismo<\/h2>\n<p>Sup\u00e9rate, lucha contra ti mismo para mejorar en todo momento, no te detengas cuando logres tus cometidos, contin\u00faa con la labor de hacerte grande.<\/p>\n<h2>9. Si\u00e9nte Cerca Tus Metas Y Objetivos<\/h2>\n<p>Intenta no definirlas hacia el futuro, ya que el futuro no existe.<br \/>\nTraza tus metas como un camino en un mapa. Y aunque parezca lejano y difuso, conf\u00eda en tu camino (como lo hacen los conductores cuando van de una ciudad a otra, solo necesitan ver el camino unos metros adelante, para llegar a su destino).<\/p>\n<h2>10. Contin\u00faa Siendo Exitoso<\/h2>\n<p>No te detengas en tu lucha, comparte con las personas que amas y multiplica tu \u00e9xito.<\/p>\n<p>Ens\u00e9\u00f1ale a quien m\u00e1s puedas los pasos para lograr el \u00e9xito y consigue que todos te vean como una persona ejemplar, por tus palabras y obras para con el mundo.<\/p>\n<p>En conclusi\u00f3n, el \u00e9xito est\u00e1 en tus manos. S\u00f3lo debes comprometerte con triunfar en la vida y esforzarte al m\u00e1ximo para hacer realidad tus sue\u00f1os.<\/p>\n","protected":false},"excerpt":{"rendered":"<p>EL EXITO El \u00e9xito es un concepto h\u00e1bilmente administrado por la sociedad de consumo. Es uno de esos atributos que adquieres m\u00e1s para exhibirlo a los dem\u00e1s, que para disfrutarlo en la intimidad de tu coraz\u00f3n. Probablemente se trate de una idea que corresponde m\u00e1s a la esfera del poder y de la econom\u00eda, que [&hellip;]<\/p>\n","protected":false},"author":10546,"featured_media":0,"parent":0,"menu_order":0,"comment_status":"closed","ping_status":"closed","template":"","meta":{"footnotes":""},"class_list":["post-68","page","type-page","status-publish","hentry"],"_links":{"self":[{"href":"https:\/\/blog.espol.edu.ec\/enriquedavila\/wp-json\/wp\/v2\/pages\/68","targetHints":{"allow":["GET"]}}],"collection":[{"href":"https:\/\/blog.espol.edu.ec\/enriquedavila\/wp-json\/wp\/v2\/pages"}],"about":[{"href":"https:\/\/blog.espol.edu.ec\/enriquedavila\/wp-json\/wp\/v2\/types\/page"}],"author":[{"embeddable":true,"href":"https:\/\/blog.espol.edu.ec\/enriquedavila\/wp-json\/wp\/v2\/users\/10546"}],"replies":[{"embeddable":true,"href":"https:\/\/blog.espol.edu.ec\/enriquedavila\/wp-json\/wp\/v2\/comments?post=68"}],"version-history":[{"count":1,"href":"https:\/\/blog.espol.edu.ec\/enriquedavila\/wp-json\/wp\/v2\/pages\/68\/revisions"}],"predecessor-version":[{"id":69,"href":"https:\/\/blog.espol.edu.ec\/enriquedavila\/wp-json\/wp\/v2\/pages\/68\/revisions\/69"}],"wp:attachment":[{"href":"https:\/\/blog.espol.edu.ec\/enriquedavila\/wp-json\/wp\/v2\/media?parent=68"}],"curies":[{"name":"wp","href":"https:\/\/api.w.org\/{rel}","templated":true}]}}