{"id":92,"date":"2014-11-10T02:13:30","date_gmt":"2014-11-10T02:13:30","guid":{"rendered":"http:\/\/blog.espol.edu.ec\/eolarte\/?page_id=92"},"modified":"2014-11-10T02:13:30","modified_gmt":"2014-11-10T02:13:30","slug":"ciudades-verdes","status":"publish","type":"page","link":"https:\/\/blog.espol.edu.ec\/eolarte\/ciudades-verdes\/","title":{"rendered":"Ciudades Verdes"},"content":{"rendered":"<p>\u00cdndice de Ciudades Verdes de Am\u00e9rica Latina: se trata de una evaluaci\u00f3n comparativa del impacto ecol\u00f3gico de las principales ciudades de Am\u00e9rica Latina, seg\u00fan la Divisi\u00f3n de Poblaci\u00f3n de las Naciones Unidas, Latinoam\u00e9rica es la regi\u00f3n en v\u00edas de desarrollo m\u00e1s urbanizada del mundo, se maneja un porcentaje del 81% de la poblaci\u00f3n viviendo en zonas urbanas. As\u00ed se justifican las preocupaciones como la congesti\u00f3n de tr\u00e1fico, pol\u00edticas de uso de la tierra, disposici\u00f3n de desechos y calidad del aire. Este proyecto de investigaci\u00f3n es independiente, realizado por la Economist Intelligence Unit y patrocinado por Siemens.19 El reporte est\u00e1 dividido en cinco partes metodol\u00f3gicas; hace, adem\u00e1s, un an\u00e1lisis profundo de Curitiba como ciudad l\u00edder en el tema. Se examinan los hallazgos respecto a las ocho categor\u00edas individuales del \u00cdndice: energ\u00eda y CO2, uso de la tierra y edificios, transporte, desechos, agua, saneamiento, calidad del aire y gobernanza medioambiental. En M\u00e9xico se incluyeron cuatro ciudades de las cuales las mejores calificadas fueron: Ciudad de M\u00e9xico y Puebla, destacando a \u00e9sta por llevar a cabo un \u201cproyecto ejemplar\u201d llamado Monedero Ecol\u00f3gico por encima de Monterrey y Guadalajara<\/p>\n","protected":false},"excerpt":{"rendered":"<p>\u00cdndice de Ciudades Verdes de Am\u00e9rica Latina: se trata de una evaluaci\u00f3n comparativa del impacto ecol\u00f3gico de las principales ciudades de Am\u00e9rica Latina, seg\u00fan la Divisi\u00f3n de Poblaci\u00f3n de las Naciones Unidas, Latinoam\u00e9rica es la regi\u00f3n en v\u00edas de desarrollo &hellip; <a href=\"https:\/\/blog.espol.edu.ec\/eolarte\/ciudades-verdes\/\">Sigue leyendo <span class=\"meta-nav\">&rarr;<\/span><\/a><\/p>\n","protected":false},"author":9434,"featured_media":0,"parent":0,"menu_order":0,"comment_status":"open","ping_status":"open","template":"","meta":{"footnotes":""},"class_list":["post-92","page","type-page","status-publish","hentry"],"_links":{"self":[{"href":"https:\/\/blog.espol.edu.ec\/eolarte\/wp-json\/wp\/v2\/pages\/92","targetHints":{"allow":["GET"]}}],"collection":[{"href":"https:\/\/blog.espol.edu.ec\/eolarte\/wp-json\/wp\/v2\/pages"}],"about":[{"href":"https:\/\/blog.espol.edu.ec\/eolarte\/wp-json\/wp\/v2\/types\/page"}],"author":[{"embeddable":true,"href":"https:\/\/blog.espol.edu.ec\/eolarte\/wp-json\/wp\/v2\/users\/9434"}],"replies":[{"embeddable":true,"href":"https:\/\/blog.espol.edu.ec\/eolarte\/wp-json\/wp\/v2\/comments?post=92"}],"version-history":[{"count":1,"href":"https:\/\/blog.espol.edu.ec\/eolarte\/wp-json\/wp\/v2\/pages\/92\/revisions"}],"predecessor-version":[{"id":93,"href":"https:\/\/blog.espol.edu.ec\/eolarte\/wp-json\/wp\/v2\/pages\/92\/revisions\/93"}],"wp:attachment":[{"href":"https:\/\/blog.espol.edu.ec\/eolarte\/wp-json\/wp\/v2\/media?parent=92"}],"curies":[{"name":"wp","href":"https:\/\/api.w.org\/{rel}","templated":true}]}}