{"id":24,"date":"2016-11-13T20:28:23","date_gmt":"2016-11-13T20:28:23","guid":{"rendered":"http:\/\/blog.espol.edu.ec\/epinzon\/?page_id=24"},"modified":"2016-11-13T20:28:23","modified_gmt":"2016-11-13T20:28:23","slug":"flores-exoticas-en-la-amazonia","status":"publish","type":"page","link":"https:\/\/blog.espol.edu.ec\/epinzon\/flores-exoticas-en-la-amazonia\/","title":{"rendered":"Flores ex\u00f3ticas en la Amazon\u00eda"},"content":{"rendered":"<p style=\"text-align: left\">Posee mucha diversidad en cuanto a sus selvas.Es hogar de no menos del 5% de plantas en la tierra.<br \/>\nPara la protecci\u00f3n de la fauna, Ecuador ha designado a no menos de 11 parques y reservas que abarcan la cuenca amaz\u00f3nica. Ellos son: Parque Nacional Podocarpus, Parque Binacional El C\u00f3ndor, Parque Nacional Yasun\u00ed, Reserva Faun\u00edstica Cuyabeno, Parque Nacional Sangay, Parque Nacional Llanganates, Parque Nacional Sumaco-Napo-Galeras, Reserva Ecol\u00f3gica de Antisana, Reserva Ecol\u00f3gica Cayambe-Coca, Reserva Ecol\u00f3gica Cof\u00e1n Bermejo y Parque Nacional Biol\u00f3gico Limoncocha. Los dos parques que est\u00e1n mejor conservados con bosque nativo de la Amazon\u00eda son el Parque Nacional Yasun\u00ed y la Reserva Faun\u00edstica Cuyabeno, ambos puntos son muy populares por sus excursiones a la selva y la observaci\u00f3n de la vida silvestre.<\/p>\n<p style=\"text-align: left\">La regi\u00f3n Amaz\u00f3nica del Ecuador es espesa, un jard\u00edn exuberante con una infinita variedad de musgos, vides, bromelias, helechos, orqu\u00eddeas, palmas, lirios, y plantas de hojas grandes que absorben gran parte de luz solar<\/p>\n<p style=\"text-align: left\"><img loading=\"lazy\" decoding=\"async\" class=\"size-medium wp-image-25 aligncenter\" src=\"http:\/\/blog.espol.edu.ec\/epinzon\/files\/2016\/11\/08orquidea-300x225.jpg\" alt=\"08orquidea\" width=\"300\" height=\"225\" srcset=\"https:\/\/blog.espol.edu.ec\/epinzon\/files\/2016\/11\/08orquidea-300x225.jpg 300w, https:\/\/blog.espol.edu.ec\/epinzon\/files\/2016\/11\/08orquidea-768x576.jpg 768w, https:\/\/blog.espol.edu.ec\/epinzon\/files\/2016\/11\/08orquidea.jpg 1024w\" sizes=\"auto, (max-width: 300px) 100vw, 300px\" \/> <img loading=\"lazy\" decoding=\"async\" class=\"size-medium wp-image-26 aligncenter\" src=\"http:\/\/blog.espol.edu.ec\/epinzon\/files\/2016\/11\/1010633_620171878037310_1086767678_n-300x225.jpg\" alt=\"1010633_620171878037310_1086767678_n\" width=\"300\" height=\"225\" srcset=\"https:\/\/blog.espol.edu.ec\/epinzon\/files\/2016\/11\/1010633_620171878037310_1086767678_n-300x225.jpg 300w, https:\/\/blog.espol.edu.ec\/epinzon\/files\/2016\/11\/1010633_620171878037310_1086767678_n.jpg 700w\" sizes=\"auto, (max-width: 300px) 100vw, 300px\" \/><\/p>\n<form id=\"vozme_form_6d0e09ba8cb49216c8bb105fd8b46b22\" method=\"post\" name=\"vozme_form_6d0e09ba8cb49216c8bb105fd8b46b22\" target=\"6d0e09ba8cb49216c8bb105fd8b46b22\" action=\"http:\/\/vozme.com\/text2voice.php\"><input name=\"text\" type=\"hidden\" value=\"Flores ex\u00f3ticas en la Amazon\u00eda. Posee mucha diversidad en cuanto a sus selvas.Es hogar de no menos del 5% de plantas en la tierra.\nPara la protecci\u00f3n de la fauna, Ecuador ha designado a no menos de 11 parques y reservas que abarcan la cuenca amaz\u00f3nica. Ellos son: Parque Nacional Podocarpus, Parque Binacional El C\u00f3ndor, Parque Nacional Yasun\u00ed, Reserva Faun\u00edstica Cuyabeno, Parque Nacional Sangay, Parque Nacional Llanganates, Parque Nacional Sumaco-Napo-Galeras, Reserva Ecol\u00f3gica de Antisana, Reserva Ecol\u00f3gica Cayambe-Coca, Reserva Ecol\u00f3gica Cof\u00e1n Bermejo y Parque Nacional Biol\u00f3gico Limoncocha. Los dos parques que est\u00e1n mejor conservados con bosque nativo de la Amazon\u00eda son el Parque Nacional Yasun\u00ed y la Reserva Faun\u00edstica Cuyabeno, ambos puntos son muy populares por sus excursiones a la selva y la observaci\u00f3n de la vida silvestre.\nLa regi\u00f3n Amaz\u00f3nica del Ecuador es espesa, un jard\u00edn exuberante con una infinita variedad de musgos, vides, bromelias, helechos, orqu\u00eddeas, palmas, lirios, y plantas de hojas grandes que absorben gran parte de luz solar\n \n\" \/><input name=\"lang\" type=\"hidden\" value=\"en\" \/><input name=\"gn\" type=\"hidden\" value=\"ml\" \/><input type=\"hidden\" id=\"interface\" name=\"interface\" value=\"full\" \/>\n\t\t\t<div style=\"margin-left:40%;\">\n\t\t\t\n\t\t\t\t<input style=\"float:left;\" type=\"image\" width=\"40\" height=\"40\" src=\"http:\/\/blog.espol.edu.ec\/epinzon\/wp-content\/plugins\/vozme\/img\/megaphone40x40w.gif\" alt=\"Hear this post\" onclick=\"window.open('', '6d0e09ba8cb49216c8bb105fd8b46b22', 'width=600,height=370,scrollbars=yes,location=yes,menubar=yes,resizable=yes,status=yes,toolbar=yes');\">\n\t\t\t\t<div style=\"margin-left:48px; text-align:left;\"><a style=\"font-size:12px;\" href=\"javascript:void(0);\" onclick=\"window.open('', '6d0e09ba8cb49216c8bb105fd8b46b22', 'width=600,height=370,scrollbars=yes,location=yes,menubar=yes,resizable=yes,status=yes,toolbar=yes'); document.getElementById('vozme_form_6d0e09ba8cb49216c8bb105fd8b46b22').submit();\">Hear<br\/>this post<\/a><\/div>\n\t\t\t<\/div><\/form>","protected":false},"excerpt":{"rendered":"<p>Posee mucha diversidad en cuanto a sus selvas.Es hogar de no menos del 5% de plantas en la tierra. Para la protecci\u00f3n de la fauna, Ecuador ha designado a no menos de 11 parques y reservas que abarcan la cuenca amaz\u00f3nica. Ellos son: Parque Nacional Podocarpus, Parque Binacional El C\u00f3ndor, Parque Nacional Yasun\u00ed, Reserva Faun\u00edstica [&hellip;]<\/p>\n","protected":false},"author":10693,"featured_media":0,"parent":0,"menu_order":0,"comment_status":"closed","ping_status":"closed","template":"","meta":{"footnotes":""},"class_list":["post-24","page","type-page","status-publish","hentry"],"_links":{"self":[{"href":"https:\/\/blog.espol.edu.ec\/epinzon\/wp-json\/wp\/v2\/pages\/24","targetHints":{"allow":["GET"]}}],"collection":[{"href":"https:\/\/blog.espol.edu.ec\/epinzon\/wp-json\/wp\/v2\/pages"}],"about":[{"href":"https:\/\/blog.espol.edu.ec\/epinzon\/wp-json\/wp\/v2\/types\/page"}],"author":[{"embeddable":true,"href":"https:\/\/blog.espol.edu.ec\/epinzon\/wp-json\/wp\/v2\/users\/10693"}],"replies":[{"embeddable":true,"href":"https:\/\/blog.espol.edu.ec\/epinzon\/wp-json\/wp\/v2\/comments?post=24"}],"version-history":[{"count":2,"href":"https:\/\/blog.espol.edu.ec\/epinzon\/wp-json\/wp\/v2\/pages\/24\/revisions"}],"predecessor-version":[{"id":32,"href":"https:\/\/blog.espol.edu.ec\/epinzon\/wp-json\/wp\/v2\/pages\/24\/revisions\/32"}],"wp:attachment":[{"href":"https:\/\/blog.espol.edu.ec\/epinzon\/wp-json\/wp\/v2\/media?parent=24"}],"curies":[{"name":"wp","href":"https:\/\/api.w.org\/{rel}","templated":true}]}}