{"id":28,"date":"2016-11-13T20:47:42","date_gmt":"2016-11-13T20:47:42","guid":{"rendered":"http:\/\/blog.espol.edu.ec\/epinzon\/?page_id=28"},"modified":"2016-11-13T20:47:43","modified_gmt":"2016-11-13T20:47:43","slug":"parque-nacional-yasuni","status":"publish","type":"page","link":"https:\/\/blog.espol.edu.ec\/epinzon\/parque-nacional-yasuni\/","title":{"rendered":"Parque Nacional Yasun\u00ed"},"content":{"rendered":"<p>Yasun\u00ed, el \u00e1rea protegida m\u00e1s grande del Ecuador continental, resguarda una impresionante biodiversidad en el coraz\u00f3n del bosque h\u00famedo tropical amaz\u00f3nico y protege parte del territorio de la nacionalidad waorani. En el Yasun\u00ed se han reportado cifras de biodiversidad sorprendentes para varios grupos de flora y fauna, nunca antes registradas en \u00e1rea protegida alguna.<br \/>\nAqu\u00ed encontramos cientos de especies de \u00e1rboles, anchos r\u00edos que se desbordan con las lluvias torrenciales y grandes animales como el jaguar, la anaconda y el \u00e1guila harp\u00eda.<br \/>\nTambi\u00e9n hallamos seres muy peque\u00f1os, como el leoncillo o mono de bolsillo, el primate m\u00e1s peque\u00f1o del mundo, y una gran variedad de reptiles y anfibios que ubican a este parque entre los m\u00e1s biodiversos del mundo.<br \/>\nEl lado humano del Yasun\u00ed est\u00e1 tambi\u00e9n lleno de sorpresas. Dentro del parque habitan los tagaeri y taromenane, Pueblos Ind\u00edgenas en Aislamiento Voluntario. Para protegerlos a ellos y a la biodiversidad del Yasun\u00ed, secre\u00f3 en 1999 la Zona Intangible Tagaeri-Taromenane. El Parque Nacional Yasun\u00ed, la Zona Intangible y el adyacente territorio waorani fueron declarados Reserva de la Biosfera por la UNESCO en 1989.<\/p>\n<p>&nbsp;<\/p>\n<p>Reserva de Bi\u00f3sfera (Declarada por la UNESCO en 1989)<\/p>\n<p><img loading=\"lazy\" decoding=\"async\" class=\"size-medium wp-image-29 aligncenter\" src=\"http:\/\/blog.espol.edu.ec\/epinzon\/files\/2016\/11\/YASUNI2-300x89.jpg\" alt=\"yasuni2\" width=\"300\" height=\"89\" srcset=\"https:\/\/blog.espol.edu.ec\/epinzon\/files\/2016\/11\/YASUNI2-300x89.jpg 300w, https:\/\/blog.espol.edu.ec\/epinzon\/files\/2016\/11\/YASUNI2-768x229.jpg 768w, https:\/\/blog.espol.edu.ec\/epinzon\/files\/2016\/11\/YASUNI2.jpg 936w\" sizes=\"auto, (max-width: 300px) 100vw, 300px\" \/> <img loading=\"lazy\" decoding=\"async\" class=\"aligncenter wp-image-30 size-medium\" src=\"http:\/\/blog.espol.edu.ec\/epinzon\/files\/2016\/11\/601411_619941374689311_836177198_n-300x200.jpg\" alt=\"601411_619941374689311_836177198_n\" width=\"300\" height=\"200\" srcset=\"https:\/\/blog.espol.edu.ec\/epinzon\/files\/2016\/11\/601411_619941374689311_836177198_n-300x200.jpg 300w, https:\/\/blog.espol.edu.ec\/epinzon\/files\/2016\/11\/601411_619941374689311_836177198_n.jpg 472w\" sizes=\"auto, (max-width: 300px) 100vw, 300px\" \/><\/p>\n<form id=\"vozme_form_646b02fd89c83f10d0cf839afb2cc69b\" method=\"post\" name=\"vozme_form_646b02fd89c83f10d0cf839afb2cc69b\" target=\"646b02fd89c83f10d0cf839afb2cc69b\" action=\"http:\/\/vozme.com\/text2voice.php\"><input name=\"text\" type=\"hidden\" value=\"Parque Nacional Yasun\u00ed. Yasun\u00ed, el \u00e1rea protegida m\u00e1s grande del Ecuador continental, resguarda una impresionante biodiversidad en el coraz\u00f3n del bosque h\u00famedo tropical amaz\u00f3nico y protege parte del territorio de la nacionalidad waorani. En el Yasun\u00ed se han reportado cifras de biodiversidad sorprendentes para varios grupos de flora y fauna, nunca antes registradas en \u00e1rea protegida alguna.\nAqu\u00ed encontramos cientos de especies de \u00e1rboles, anchos r\u00edos que se desbordan con las lluvias torrenciales y grandes animales como el jaguar, la anaconda y el \u00e1guila harp\u00eda.\nTambi\u00e9n hallamos seres muy peque\u00f1os, como el leoncillo o mono de bolsillo, el primate m\u00e1s peque\u00f1o del mundo, y una gran variedad de reptiles y anfibios que ubican a este parque entre los m\u00e1s biodiversos del mundo.\nEl lado humano del Yasun\u00ed est\u00e1 tambi\u00e9n lleno de sorpresas. Dentro del parque habitan los tagaeri y taromenane, Pueblos Ind\u00edgenas en Aislamiento Voluntario. Para protegerlos a ellos y a la biodiversidad del Yasun\u00ed, secre\u00f3 en 1999 la Zona Intangible Tagaeri-Taromenane. El Parque Nacional Yasun\u00ed, la Zona Intangible y el adyacente territorio waorani fueron declarados Reserva de la Biosfera por la UNESCO en 1989.\n&nbsp;\nReserva de Bi\u00f3sfera (Declarada por la UNESCO en 1989)\n \n\" \/><input name=\"lang\" type=\"hidden\" value=\"en\" \/><input name=\"gn\" type=\"hidden\" value=\"ml\" \/><input type=\"hidden\" id=\"interface\" name=\"interface\" value=\"full\" \/>\n\t\t\t<div style=\"margin-left:40%;\">\n\t\t\t\n\t\t\t\t<input style=\"float:left;\" type=\"image\" width=\"40\" height=\"40\" src=\"http:\/\/blog.espol.edu.ec\/epinzon\/wp-content\/plugins\/vozme\/img\/megaphone40x40w.gif\" alt=\"Hear this post\" onclick=\"window.open('', '646b02fd89c83f10d0cf839afb2cc69b', 'width=600,height=370,scrollbars=yes,location=yes,menubar=yes,resizable=yes,status=yes,toolbar=yes');\">\n\t\t\t\t<div style=\"margin-left:48px; text-align:left;\"><a style=\"font-size:12px;\" href=\"javascript:void(0);\" onclick=\"window.open('', '646b02fd89c83f10d0cf839afb2cc69b', 'width=600,height=370,scrollbars=yes,location=yes,menubar=yes,resizable=yes,status=yes,toolbar=yes'); document.getElementById('vozme_form_646b02fd89c83f10d0cf839afb2cc69b').submit();\">Hear<br\/>this post<\/a><\/div>\n\t\t\t<\/div><\/form>","protected":false},"excerpt":{"rendered":"<p>Yasun\u00ed, el \u00e1rea protegida m\u00e1s grande del Ecuador continental, resguarda una impresionante biodiversidad en el coraz\u00f3n del bosque h\u00famedo tropical amaz\u00f3nico y protege parte del territorio de la nacionalidad waorani. En el Yasun\u00ed se han reportado cifras de biodiversidad sorprendentes para varios grupos de flora y fauna, nunca antes registradas en \u00e1rea protegida alguna. Aqu\u00ed [&hellip;]<\/p>\n","protected":false},"author":10693,"featured_media":0,"parent":0,"menu_order":0,"comment_status":"closed","ping_status":"closed","template":"","meta":{"footnotes":""},"class_list":["post-28","page","type-page","status-publish","hentry"],"_links":{"self":[{"href":"https:\/\/blog.espol.edu.ec\/epinzon\/wp-json\/wp\/v2\/pages\/28","targetHints":{"allow":["GET"]}}],"collection":[{"href":"https:\/\/blog.espol.edu.ec\/epinzon\/wp-json\/wp\/v2\/pages"}],"about":[{"href":"https:\/\/blog.espol.edu.ec\/epinzon\/wp-json\/wp\/v2\/types\/page"}],"author":[{"embeddable":true,"href":"https:\/\/blog.espol.edu.ec\/epinzon\/wp-json\/wp\/v2\/users\/10693"}],"replies":[{"embeddable":true,"href":"https:\/\/blog.espol.edu.ec\/epinzon\/wp-json\/wp\/v2\/comments?post=28"}],"version-history":[{"count":1,"href":"https:\/\/blog.espol.edu.ec\/epinzon\/wp-json\/wp\/v2\/pages\/28\/revisions"}],"predecessor-version":[{"id":31,"href":"https:\/\/blog.espol.edu.ec\/epinzon\/wp-json\/wp\/v2\/pages\/28\/revisions\/31"}],"wp:attachment":[{"href":"https:\/\/blog.espol.edu.ec\/epinzon\/wp-json\/wp\/v2\/media?parent=28"}],"curies":[{"name":"wp","href":"https:\/\/api.w.org\/{rel}","templated":true}]}}