{"id":33,"date":"2016-11-13T20:55:50","date_gmt":"2016-11-13T20:55:50","guid":{"rendered":"http:\/\/blog.espol.edu.ec\/epinzon\/?page_id=33"},"modified":"2016-11-13T20:55:50","modified_gmt":"2016-11-13T20:55:50","slug":"flores-endemicas","status":"publish","type":"page","link":"https:\/\/blog.espol.edu.ec\/epinzon\/flores-endemicas\/","title":{"rendered":"Flores endemicas"},"content":{"rendered":"<div align=\"justify\">En los m\u00faltiples \u00e1mbitos clim\u00e1ticos, la vegetaci\u00f3n varia notablemente y se observan asociaciones que van desde las sabanas xer\u00f3filas hasta la selva pluvial. A este panorama general, que corresponde a las variaciones ya observadas desde algunos parajes semides\u00e9rticos de la Costa hasta el ambiente ecuatorial h\u00famedo del Oriente, se deben a\u00f1adir los contrastes derivados de las diversas alturas del terreno, sobre todo en la Sierra, hasta llegar a los \"pajonales\" de los p\u00e1ramos y a la ausencia de vegetaci\u00f3n en las cimas.<\/div>\n<div align=\"justify\">En el sector septentrional de la Costa -Esmeraldas y el norte de Manab\u00ed- las copiosas lluvias favorecen el desarrollo de frondosas selvas tropicales, dentro de las cuales se aprecian \u00e1rboles de maderas finas, \u00e1rboles de caucho, ceibos (lana vegetal), tagua (marfil vegetal), banano, fibras como las de abac\u00e1 y toquilla, utilizada esta \u00faltima para elaborar sombreros que reciben buena acogida en los mercados exteriores. Las planicies de la cuenca del Guayas son a\u00fan m\u00e1s f\u00e9rtiles por estar expuestas a inundaciones y se explotan para pastos, que sostienen una apreciable riqueza ganadera, y para cultivos de arroz -elemento b\u00e1sico de la alimentaci\u00f3n-, de algod\u00f3n, cacao, banano, etc. Avanzando en direcci\u00f3n meridional y tambi\u00e9n hacia la pen\u00ednsula de Santa Elena, la escasez de las lluvias es causa de que sobre los relieves m\u00e1s acentuados s\u00f3lo se aprecien bosques de hoja caduca, entre los cuales hay sabanas de yerbas dur\u00edsimas. Sin embargo, el riego artificial y el uso de otros medios, ha tornado factible que en la provincia de El Oro, con la que se cierra por el sur la Costa, surjan enormes plantaciones de banano, fruta que en su mayor parte se destina a la exportaci\u00f3n.<\/div>\n<div align=\"justify\"><\/div>\n<div align=\"justify\"><img loading=\"lazy\" decoding=\"async\" class=\"size-full wp-image-35 aligncenter\" src=\"http:\/\/blog.espol.edu.ec\/epinzon\/files\/2016\/11\/endemicaa.jpg\" alt=\"endemicaa\" width=\"252\" height=\"200\" \/><img loading=\"lazy\" decoding=\"async\" class=\"size-medium wp-image-34 aligncenter\" src=\"http:\/\/blog.espol.edu.ec\/epinzon\/files\/2016\/11\/endemica-300x224.jpg\" alt=\"endemica\" width=\"300\" height=\"224\" srcset=\"https:\/\/blog.espol.edu.ec\/epinzon\/files\/2016\/11\/endemica-300x224.jpg 300w, https:\/\/blog.espol.edu.ec\/epinzon\/files\/2016\/11\/endemica.jpg 327w\" sizes=\"auto, (max-width: 300px) 100vw, 300px\" \/><\/div>\n<form id=\"vozme_form_b036da15449df9acbf5aa7629a04eb7e\" method=\"post\" name=\"vozme_form_b036da15449df9acbf5aa7629a04eb7e\" target=\"b036da15449df9acbf5aa7629a04eb7e\" action=\"http:\/\/vozme.com\/text2voice.php\"><input name=\"text\" type=\"hidden\" value=\"Flores endemicas. En los m\u00faltiples \u00e1mbitos clim\u00e1ticos, la vegetaci\u00f3n varia notablemente y se observan asociaciones que van desde las sabanas xer\u00f3filas hasta la selva pluvial. A este panorama general, que corresponde a las variaciones ya observadas desde algunos parajes semides\u00e9rticos de la Costa hasta el ambiente ecuatorial h\u00famedo del Oriente, se deben a\u00f1adir los contrastes derivados de las diversas alturas del terreno, sobre todo en la Sierra, hasta llegar a los &quot;pajonales&quot; de los p\u00e1ramos y a la ausencia de vegetaci\u00f3n en las cimas.\nEn el sector septentrional de la Costa -Esmeraldas y el norte de Manab\u00ed- las copiosas lluvias favorecen el desarrollo de frondosas selvas tropicales, dentro de las cuales se aprecian \u00e1rboles de maderas finas, \u00e1rboles de caucho, ceibos (lana vegetal), tagua (marfil vegetal), banano, fibras como las de abac\u00e1 y toquilla, utilizada esta \u00faltima para elaborar sombreros que reciben buena acogida en los mercados exteriores. Las planicies de la cuenca del Guayas son a\u00fan m\u00e1s f\u00e9rtiles por estar expuestas a inundaciones y se explotan para pastos, que sostienen una apreciable riqueza ganadera, y para cultivos de arroz -elemento b\u00e1sico de la alimentaci\u00f3n-, de algod\u00f3n, cacao, banano, etc. Avanzando en direcci\u00f3n meridional y tambi\u00e9n hacia la pen\u00ednsula de Santa Elena, la escasez de las lluvias es causa de que sobre los relieves m\u00e1s acentuados s\u00f3lo se aprecien bosques de hoja caduca, entre los cuales hay sabanas de yerbas dur\u00edsimas. Sin embargo, el riego artificial y el uso de otros medios, ha tornado factible que en la provincia de El Oro, con la que se cierra por el sur la Costa, surjan enormes plantaciones de banano, fruta que en su mayor parte se destina a la exportaci\u00f3n.\n\n\n\" \/><input name=\"lang\" type=\"hidden\" value=\"en\" \/><input name=\"gn\" type=\"hidden\" value=\"ml\" \/><input type=\"hidden\" id=\"interface\" name=\"interface\" value=\"full\" \/>\n\t\t\t<div style=\"margin-left:40%;\">\n\t\t\t\n\t\t\t\t<input style=\"float:left;\" type=\"image\" width=\"40\" height=\"40\" src=\"http:\/\/blog.espol.edu.ec\/epinzon\/wp-content\/plugins\/vozme\/img\/megaphone40x40w.gif\" alt=\"Hear this post\" onclick=\"window.open('', 'b036da15449df9acbf5aa7629a04eb7e', 'width=600,height=370,scrollbars=yes,location=yes,menubar=yes,resizable=yes,status=yes,toolbar=yes');\">\n\t\t\t\t<div style=\"margin-left:48px; text-align:left;\"><a style=\"font-size:12px;\" href=\"javascript:void(0);\" onclick=\"window.open('', 'b036da15449df9acbf5aa7629a04eb7e', 'width=600,height=370,scrollbars=yes,location=yes,menubar=yes,resizable=yes,status=yes,toolbar=yes'); document.getElementById('vozme_form_b036da15449df9acbf5aa7629a04eb7e').submit();\">Hear<br\/>this post<\/a><\/div>\n\t\t\t<\/div><\/form>","protected":false},"excerpt":{"rendered":"<p>En los m\u00faltiples \u00e1mbitos clim\u00e1ticos, la vegetaci\u00f3n varia notablemente y se observan asociaciones que van desde las sabanas xer\u00f3filas hasta la selva pluvial. A este panorama general, que corresponde a las variaciones ya observadas desde algunos parajes semides\u00e9rticos de la Costa hasta el ambiente ecuatorial h\u00famedo del Oriente, se deben a\u00f1adir los contrastes derivados de [&hellip;]<\/p>\n","protected":false},"author":10693,"featured_media":35,"parent":0,"menu_order":0,"comment_status":"closed","ping_status":"closed","template":"","meta":{"footnotes":""},"class_list":["post-33","page","type-page","status-publish","hentry"],"_links":{"self":[{"href":"https:\/\/blog.espol.edu.ec\/epinzon\/wp-json\/wp\/v2\/pages\/33","targetHints":{"allow":["GET"]}}],"collection":[{"href":"https:\/\/blog.espol.edu.ec\/epinzon\/wp-json\/wp\/v2\/pages"}],"about":[{"href":"https:\/\/blog.espol.edu.ec\/epinzon\/wp-json\/wp\/v2\/types\/page"}],"author":[{"embeddable":true,"href":"https:\/\/blog.espol.edu.ec\/epinzon\/wp-json\/wp\/v2\/users\/10693"}],"replies":[{"embeddable":true,"href":"https:\/\/blog.espol.edu.ec\/epinzon\/wp-json\/wp\/v2\/comments?post=33"}],"version-history":[{"count":1,"href":"https:\/\/blog.espol.edu.ec\/epinzon\/wp-json\/wp\/v2\/pages\/33\/revisions"}],"predecessor-version":[{"id":36,"href":"https:\/\/blog.espol.edu.ec\/epinzon\/wp-json\/wp\/v2\/pages\/33\/revisions\/36"}],"wp:featuredmedia":[{"embeddable":true,"href":"https:\/\/blog.espol.edu.ec\/epinzon\/wp-json\/wp\/v2\/media\/35"}],"wp:attachment":[{"href":"https:\/\/blog.espol.edu.ec\/epinzon\/wp-json\/wp\/v2\/media?parent=33"}],"curies":[{"name":"wp","href":"https:\/\/api.w.org\/{rel}","templated":true}]}}