{"id":118,"date":"2016-11-13T22:04:11","date_gmt":"2016-11-13T22:04:11","guid":{"rendered":"http:\/\/blog.espol.edu.ec\/epmoran\/?page_id=118"},"modified":"2016-11-13T22:04:11","modified_gmt":"2016-11-13T22:04:11","slug":"leucemia-felina","status":"publish","type":"page","link":"https:\/\/blog.espol.edu.ec\/epmoran\/enfermedades-gatunas\/leucemia-felina\/","title":{"rendered":"Leucemia Felina"},"content":{"rendered":"<p style=\"text-align: justify\"><img loading=\"lazy\" decoding=\"async\" class=\"size-medium wp-image-119 aligncenter\" src=\"http:\/\/blog.espol.edu.ec\/epmoran\/files\/2016\/11\/leucemia-felina-300x225.jpg\" alt=\"leucemia-felina\" width=\"300\" height=\"225\" srcset=\"https:\/\/blog.espol.edu.ec\/epmoran\/files\/2016\/11\/leucemia-felina-300x225.jpg 300w, https:\/\/blog.espol.edu.ec\/epmoran\/files\/2016\/11\/leucemia-felina.jpg 480w\" sizes=\"auto, (max-width: 300px) 100vw, 300px\" \/><\/p>\n<p style=\"text-align: justify\">Se trata de una enfermedad v\u00edrica de los gatos producida por un oncovirus, es decir se trata de un tipo de c\u00e1ncer, que se transmite por contacto con fluidos corporales. Por ejemplo, en peleas de gatos suele haber alguna herida que sangra, cuando se acicalan y se lamen los unos a los otros contactan con la saliva de los dem\u00e1s, si comparten el arenero pueden entrar en contacto con la orina y las heces de otros gatos, una madre que amamanta a las cr\u00edas si est\u00e1 infectada puede pasar el virus a trav\u00e9s de la leche, entre m\u00e1s formas posibles de transmisi\u00f3n por contacto de fluidos. Esta enfermedad suele afectar m\u00e1s a gatitos peque\u00f1os y j\u00f3venes. Es com\u00fan en grandes colectivos de gatos como criaderos y colonias callejeras. Es una de las enfermedades m\u00e1s graves por su facilidad de transmisi\u00f3n y el alcance de los da\u00f1os que causa, incluso la muerte. Se producen tumores en distintos \u00f3rganos del cuerpo del felino afectado y presentan ganglios aumentados, anorexia, p\u00e9rdida de peso, anemia y depresi\u00f3n entre m\u00e1s s\u00edntomas. La mejor forma de prevenir esta enfermedad viral es la vacunaci\u00f3n y evitar que nuestro gato entre en contacto con posibles individuos ya enfermos.<\/p>\n","protected":false},"excerpt":{"rendered":"<p>Se trata de una enfermedad v\u00edrica de los gatos producida por un oncovirus, es decir se trata de un tipo de c\u00e1ncer, que se transmite por contacto con fluidos corporales. Por ejemplo, en peleas de gatos suele haber alguna herida que sangra, cuando se acicalan y se lamen los unos a los otros contactan con [&hellip;]<\/p>\n","protected":false},"author":10710,"featured_media":0,"parent":63,"menu_order":0,"comment_status":"closed","ping_status":"closed","template":"","meta":{"footnotes":""},"class_list":["post-118","page","type-page","status-publish","hentry"],"_links":{"self":[{"href":"https:\/\/blog.espol.edu.ec\/epmoran\/wp-json\/wp\/v2\/pages\/118","targetHints":{"allow":["GET"]}}],"collection":[{"href":"https:\/\/blog.espol.edu.ec\/epmoran\/wp-json\/wp\/v2\/pages"}],"about":[{"href":"https:\/\/blog.espol.edu.ec\/epmoran\/wp-json\/wp\/v2\/types\/page"}],"author":[{"embeddable":true,"href":"https:\/\/blog.espol.edu.ec\/epmoran\/wp-json\/wp\/v2\/users\/10710"}],"replies":[{"embeddable":true,"href":"https:\/\/blog.espol.edu.ec\/epmoran\/wp-json\/wp\/v2\/comments?post=118"}],"version-history":[{"count":1,"href":"https:\/\/blog.espol.edu.ec\/epmoran\/wp-json\/wp\/v2\/pages\/118\/revisions"}],"predecessor-version":[{"id":120,"href":"https:\/\/blog.espol.edu.ec\/epmoran\/wp-json\/wp\/v2\/pages\/118\/revisions\/120"}],"up":[{"embeddable":true,"href":"https:\/\/blog.espol.edu.ec\/epmoran\/wp-json\/wp\/v2\/pages\/63"}],"wp:attachment":[{"href":"https:\/\/blog.espol.edu.ec\/epmoran\/wp-json\/wp\/v2\/media?parent=118"}],"curies":[{"name":"wp","href":"https:\/\/api.w.org\/{rel}","templated":true}]}}