{"id":121,"date":"2016-11-13T22:06:26","date_gmt":"2016-11-13T22:06:26","guid":{"rendered":"http:\/\/blog.espol.edu.ec\/epmoran\/?page_id=121"},"modified":"2016-11-13T22:06:26","modified_gmt":"2016-11-13T22:06:26","slug":"panleucopenia-felina","status":"publish","type":"page","link":"https:\/\/blog.espol.edu.ec\/epmoran\/enfermedades-gatunas\/panleucopenia-felina\/","title":{"rendered":"Panleucopenia felina"},"content":{"rendered":"<p style=\"text-align: justify\"><img loading=\"lazy\" decoding=\"async\" class=\"size-medium wp-image-122 aligncenter\" src=\"http:\/\/blog.espol.edu.ec\/epmoran\/files\/2016\/11\/Panleucopenia-felina-300x225.jpg\" alt=\"panleucopenia-felina\" width=\"300\" height=\"225\" srcset=\"https:\/\/blog.espol.edu.ec\/epmoran\/files\/2016\/11\/Panleucopenia-felina-300x225.jpg 300w, https:\/\/blog.espol.edu.ec\/epmoran\/files\/2016\/11\/Panleucopenia-felina.jpg 640w\" sizes=\"auto, (max-width: 300px) 100vw, 300px\" \/><\/p>\n<p style=\"text-align: justify\">Esta enfermedad felina es provocada por un parvovirus, que de alguna forma est\u00e1 relacionado con el parvovirus canino. Es conocida tambi\u00e9n como el moquillo felino, enteritis o gastroenteritis infecciosa. El contagio se da por contacto con fluidos corporales de un gato infectado. Sus s\u00edntomas m\u00e1s comunes son fiebre y m\u00e1s adelante hipotermia, v\u00f3mitos, diarrea, depresi\u00f3n, debilidad, deshidrataci\u00f3n, anorexia y al realizar an\u00e1lisis de sangre descubrimos una importante bajada de leucocitos y\/o gl\u00f3bulos blancos. Esta enfermedad v\u00edrica afecta de forma m\u00e1s grave a gatitos y gatos j\u00f3venes. El tratamiento consiste b\u00e1sicamente en hidrataci\u00f3n intravenosa y antibi\u00f3ticos entre m\u00e1s cosas necesarias seg\u00fan lo avanzada que est\u00e9 la enfermedad y el estado del gato enfermo. Esta enfermedad es mortal y por eso debemos separar r\u00e1pidamente a cualquier gato que sepamos que est\u00e1 enfermo de los dem\u00e1s que puedan seguir sanos. La prevenci\u00f3n consiste en la vacunaci\u00f3n y en evitar el contacto con otros gatos posiblemente ya enfermos.<\/p>\n","protected":false},"excerpt":{"rendered":"<p>Esta enfermedad felina es provocada por un parvovirus, que de alguna forma est\u00e1 relacionado con el parvovirus canino. Es conocida tambi\u00e9n como el moquillo felino, enteritis o gastroenteritis infecciosa. El contagio se da por contacto con fluidos corporales de un gato infectado. Sus s\u00edntomas m\u00e1s comunes son fiebre y m\u00e1s adelante hipotermia, v\u00f3mitos, diarrea, depresi\u00f3n, [&hellip;]<\/p>\n","protected":false},"author":10710,"featured_media":0,"parent":63,"menu_order":0,"comment_status":"closed","ping_status":"closed","template":"","meta":{"footnotes":""},"class_list":["post-121","page","type-page","status-publish","hentry"],"_links":{"self":[{"href":"https:\/\/blog.espol.edu.ec\/epmoran\/wp-json\/wp\/v2\/pages\/121","targetHints":{"allow":["GET"]}}],"collection":[{"href":"https:\/\/blog.espol.edu.ec\/epmoran\/wp-json\/wp\/v2\/pages"}],"about":[{"href":"https:\/\/blog.espol.edu.ec\/epmoran\/wp-json\/wp\/v2\/types\/page"}],"author":[{"embeddable":true,"href":"https:\/\/blog.espol.edu.ec\/epmoran\/wp-json\/wp\/v2\/users\/10710"}],"replies":[{"embeddable":true,"href":"https:\/\/blog.espol.edu.ec\/epmoran\/wp-json\/wp\/v2\/comments?post=121"}],"version-history":[{"count":1,"href":"https:\/\/blog.espol.edu.ec\/epmoran\/wp-json\/wp\/v2\/pages\/121\/revisions"}],"predecessor-version":[{"id":123,"href":"https:\/\/blog.espol.edu.ec\/epmoran\/wp-json\/wp\/v2\/pages\/121\/revisions\/123"}],"up":[{"embeddable":true,"href":"https:\/\/blog.espol.edu.ec\/epmoran\/wp-json\/wp\/v2\/pages\/63"}],"wp:attachment":[{"href":"https:\/\/blog.espol.edu.ec\/epmoran\/wp-json\/wp\/v2\/media?parent=121"}],"curies":[{"name":"wp","href":"https:\/\/api.w.org\/{rel}","templated":true}]}}