{"id":124,"date":"2016-11-13T22:08:17","date_gmt":"2016-11-13T22:08:17","guid":{"rendered":"http:\/\/blog.espol.edu.ec\/epmoran\/?page_id=124"},"modified":"2016-11-13T22:08:17","modified_gmt":"2016-11-13T22:08:17","slug":"rinotraqueitis-felina","status":"publish","type":"page","link":"https:\/\/blog.espol.edu.ec\/epmoran\/enfermedades-gatunas\/rinotraqueitis-felina\/","title":{"rendered":"Rinotraque\u00edtis felina"},"content":{"rendered":"<p style=\"text-align: justify\"><img loading=\"lazy\" decoding=\"async\" class=\"size-medium wp-image-125 aligncenter\" src=\"http:\/\/blog.espol.edu.ec\/epmoran\/files\/2016\/11\/Rinotraque\u00edtis-felina-300x201.jpg\" alt=\"rinotraqueitis-felina\" width=\"300\" height=\"201\" srcset=\"https:\/\/blog.espol.edu.ec\/epmoran\/files\/2016\/11\/Rinotraque\u00edtis-felina-300x201.jpg 300w, https:\/\/blog.espol.edu.ec\/epmoran\/files\/2016\/11\/Rinotraque\u00edtis-felina-768x514.jpg 768w, https:\/\/blog.espol.edu.ec\/epmoran\/files\/2016\/11\/Rinotraque\u00edtis-felina.jpg 791w\" sizes=\"auto, (max-width: 300px) 100vw, 300px\" \/><\/p>\n<p style=\"text-align: justify\">En este caso el virus que provoca esta enfermedad es un herpesvirus. El virus se aloja en las v\u00edas respiratorias ocasionando infecciones en el sistema respiratorio. Entre un 45-50% de las enfermedades respiratorias en felinos son causadas por este virus. Afecta especialmente a los gatos j\u00f3venes no vacunados. La sintomatolog\u00eda encuadra fiebre, estornudos, mucosidad nasal, conjuntivitis, lagrimeo e incluso \u00falceras en la c\u00f3rnea. Se contagia por contacto con fluidos como secreciones nasales y saliva. Esta enfermedad se puede prevenir con la vacunaci\u00f3n adecuada. No existe un tratamiento espec\u00edfico para esta enfermedad por lo que se tratan sus s\u00edntomas. Los felinos que sanan se convierten en portadores pues ya no padecen los s\u00edntomas pero siguen alojando al virus y pueden contagiar a otros individuos. Lo mejor es la prevenci\u00f3n con la vacunaci\u00f3n.<\/p>\n","protected":false},"excerpt":{"rendered":"<p>En este caso el virus que provoca esta enfermedad es un herpesvirus. El virus se aloja en las v\u00edas respiratorias ocasionando infecciones en el sistema respiratorio. Entre un 45-50% de las enfermedades respiratorias en felinos son causadas por este virus. Afecta especialmente a los gatos j\u00f3venes no vacunados. La sintomatolog\u00eda encuadra fiebre, estornudos, mucosidad nasal, [&hellip;]<\/p>\n","protected":false},"author":10710,"featured_media":0,"parent":63,"menu_order":0,"comment_status":"closed","ping_status":"closed","template":"","meta":{"footnotes":""},"class_list":["post-124","page","type-page","status-publish","hentry"],"_links":{"self":[{"href":"https:\/\/blog.espol.edu.ec\/epmoran\/wp-json\/wp\/v2\/pages\/124","targetHints":{"allow":["GET"]}}],"collection":[{"href":"https:\/\/blog.espol.edu.ec\/epmoran\/wp-json\/wp\/v2\/pages"}],"about":[{"href":"https:\/\/blog.espol.edu.ec\/epmoran\/wp-json\/wp\/v2\/types\/page"}],"author":[{"embeddable":true,"href":"https:\/\/blog.espol.edu.ec\/epmoran\/wp-json\/wp\/v2\/users\/10710"}],"replies":[{"embeddable":true,"href":"https:\/\/blog.espol.edu.ec\/epmoran\/wp-json\/wp\/v2\/comments?post=124"}],"version-history":[{"count":1,"href":"https:\/\/blog.espol.edu.ec\/epmoran\/wp-json\/wp\/v2\/pages\/124\/revisions"}],"predecessor-version":[{"id":126,"href":"https:\/\/blog.espol.edu.ec\/epmoran\/wp-json\/wp\/v2\/pages\/124\/revisions\/126"}],"up":[{"embeddable":true,"href":"https:\/\/blog.espol.edu.ec\/epmoran\/wp-json\/wp\/v2\/pages\/63"}],"wp:attachment":[{"href":"https:\/\/blog.espol.edu.ec\/epmoran\/wp-json\/wp\/v2\/media?parent=124"}],"curies":[{"name":"wp","href":"https:\/\/api.w.org\/{rel}","templated":true}]}}