{"id":127,"date":"2016-11-13T22:12:55","date_gmt":"2016-11-13T22:12:55","guid":{"rendered":"http:\/\/blog.espol.edu.ec\/epmoran\/?page_id=127"},"modified":"2016-11-13T22:12:55","modified_gmt":"2016-11-13T22:12:55","slug":"calicivirosis-o-calicivirus-felino","status":"publish","type":"page","link":"https:\/\/blog.espol.edu.ec\/epmoran\/enfermedades-gatunas\/calicivirosis-o-calicivirus-felino\/","title":{"rendered":"Calicivirosis o calicivirus felino"},"content":{"rendered":"<p>&nbsp;<\/p>\n<p><img loading=\"lazy\" decoding=\"async\" class=\"size-medium wp-image-128 aligncenter\" src=\"http:\/\/blog.espol.edu.ec\/epmoran\/files\/2016\/11\/gingival-300x225.jpg\" alt=\"gingival\" width=\"300\" height=\"225\" srcset=\"https:\/\/blog.espol.edu.ec\/epmoran\/files\/2016\/11\/gingival-300x225.jpg 300w, https:\/\/blog.espol.edu.ec\/epmoran\/files\/2016\/11\/gingival-768x576.jpg 768w, https:\/\/blog.espol.edu.ec\/epmoran\/files\/2016\/11\/gingival-1024x768.jpg 1024w\" sizes=\"auto, (max-width: 300px) 100vw, 300px\" \/>Esta enfermedad v\u00edrica felina est\u00e1 causada por un picornavirus. La sintomatolog\u00eda incluye estornudos, fiebre, mucha salivaci\u00f3n e incluso \u00falceras y ampollas en la boca y la lengua. Se trata de una enfermedad muy extendida con una alta morbilidad. Es causante de un 30% \u2013 40% de los casos de infecciones respiratorias en los gatos.El animal afectado que consiga superar la enfermedad, quedar\u00e1 como portador de por vida y por lo tanto podr\u00e1 contagiar esta enfermedad.<\/p>\n","protected":false},"excerpt":{"rendered":"<p>&nbsp; Esta enfermedad v\u00edrica felina est\u00e1 causada por un picornavirus. La sintomatolog\u00eda incluye estornudos, fiebre, mucha salivaci\u00f3n e incluso \u00falceras y ampollas en la boca y la lengua. Se trata de una enfermedad muy extendida con una alta morbilidad. Es causante de un 30% \u2013 40% de los casos de infecciones respiratorias en los gatos.El [&hellip;]<\/p>\n","protected":false},"author":10710,"featured_media":0,"parent":63,"menu_order":0,"comment_status":"closed","ping_status":"closed","template":"","meta":{"footnotes":""},"class_list":["post-127","page","type-page","status-publish","hentry"],"_links":{"self":[{"href":"https:\/\/blog.espol.edu.ec\/epmoran\/wp-json\/wp\/v2\/pages\/127","targetHints":{"allow":["GET"]}}],"collection":[{"href":"https:\/\/blog.espol.edu.ec\/epmoran\/wp-json\/wp\/v2\/pages"}],"about":[{"href":"https:\/\/blog.espol.edu.ec\/epmoran\/wp-json\/wp\/v2\/types\/page"}],"author":[{"embeddable":true,"href":"https:\/\/blog.espol.edu.ec\/epmoran\/wp-json\/wp\/v2\/users\/10710"}],"replies":[{"embeddable":true,"href":"https:\/\/blog.espol.edu.ec\/epmoran\/wp-json\/wp\/v2\/comments?post=127"}],"version-history":[{"count":1,"href":"https:\/\/blog.espol.edu.ec\/epmoran\/wp-json\/wp\/v2\/pages\/127\/revisions"}],"predecessor-version":[{"id":129,"href":"https:\/\/blog.espol.edu.ec\/epmoran\/wp-json\/wp\/v2\/pages\/127\/revisions\/129"}],"up":[{"embeddable":true,"href":"https:\/\/blog.espol.edu.ec\/epmoran\/wp-json\/wp\/v2\/pages\/63"}],"wp:attachment":[{"href":"https:\/\/blog.espol.edu.ec\/epmoran\/wp-json\/wp\/v2\/media?parent=127"}],"curies":[{"name":"wp","href":"https:\/\/api.w.org\/{rel}","templated":true}]}}