{"id":130,"date":"2016-11-13T22:14:42","date_gmt":"2016-11-13T22:14:42","guid":{"rendered":"http:\/\/blog.espol.edu.ec\/epmoran\/?page_id=130"},"modified":"2016-11-13T22:14:42","modified_gmt":"2016-11-13T22:14:42","slug":"neumonitis-felina","status":"publish","type":"page","link":"https:\/\/blog.espol.edu.ec\/epmoran\/enfermedades-gatunas\/neumonitis-felina\/","title":{"rendered":"Neumonitis felina"},"content":{"rendered":"<p style=\"text-align: justify\"><img loading=\"lazy\" decoding=\"async\" class=\"size-full wp-image-131 aligncenter\" src=\"http:\/\/blog.espol.edu.ec\/epmoran\/files\/2016\/11\/Neumonitis-felina.jpg\" alt=\"neumonitis-felina\" width=\"275\" height=\"183\" \/><\/p>\n<p style=\"text-align: justify\"><span style=\"color: #000000\">Esta enfermedad la produce un microorganismo conocido como <i>Ch<\/i><i>lamydia psittaci<\/i> que produce una serie de infecciones conocidas como clamidiosis que se caracterizan en los gatos por rinitis y conjuntivitis. Estos microorganismos son par\u00e1sitos intracelulares que se contagian por contacto directo con fluidos y secreciones corporales. No es una enfermedad por s\u00ed misma mortal, pero para evitar complicaciones las cuales s\u00ed que podr\u00edan acabar en muerte del felino debemos acudir cuanto antes al veterinario para empezar un tratamiento. La neumonitis felina, junto con la calicivrosis y la rinotraqueitis felina forman el conocido <i>complejo respiratorio felino<\/i>. Los s\u00edntomas de la neumonitis felina son lagrimeo excesivo, conjuntivitis, p\u00e1rpados enrojecidos y doloridos, la secreci\u00f3n ocular es abundante y puede ser amarillenta o verdosa, adem\u00e1s se dan estornudos, fiebre, tos, mucosidad nasal y falta de apetito entre m\u00e1s s\u00edntomas. El tratamiento debe basarse en antibi\u00f3ticos adem\u00e1s de limpiezas oculares con gotas especiales, descanso, dieta alta en carbohidratos y en caso de que fuera necesario fluidoterapia con suero. Como en la mayor\u00eda de las enfermedades la mejor prevenci\u00f3n ser\u00e1 mantener las vacunas al d\u00eda y evitar el contacto con gatos que puedan padecer esta enfermedad y contagiarla.<\/span><\/p>\n","protected":false},"excerpt":{"rendered":"<p>Esta enfermedad la produce un microorganismo conocido como Chlamydia psittaci que produce una serie de infecciones conocidas como clamidiosis que se caracterizan en los gatos por rinitis y conjuntivitis. Estos microorganismos son par\u00e1sitos intracelulares que se contagian por contacto directo con fluidos y secreciones corporales. No es una enfermedad por s\u00ed misma mortal, pero para [&hellip;]<\/p>\n","protected":false},"author":10710,"featured_media":0,"parent":63,"menu_order":0,"comment_status":"closed","ping_status":"closed","template":"","meta":{"footnotes":""},"class_list":["post-130","page","type-page","status-publish","hentry"],"_links":{"self":[{"href":"https:\/\/blog.espol.edu.ec\/epmoran\/wp-json\/wp\/v2\/pages\/130","targetHints":{"allow":["GET"]}}],"collection":[{"href":"https:\/\/blog.espol.edu.ec\/epmoran\/wp-json\/wp\/v2\/pages"}],"about":[{"href":"https:\/\/blog.espol.edu.ec\/epmoran\/wp-json\/wp\/v2\/types\/page"}],"author":[{"embeddable":true,"href":"https:\/\/blog.espol.edu.ec\/epmoran\/wp-json\/wp\/v2\/users\/10710"}],"replies":[{"embeddable":true,"href":"https:\/\/blog.espol.edu.ec\/epmoran\/wp-json\/wp\/v2\/comments?post=130"}],"version-history":[{"count":1,"href":"https:\/\/blog.espol.edu.ec\/epmoran\/wp-json\/wp\/v2\/pages\/130\/revisions"}],"predecessor-version":[{"id":132,"href":"https:\/\/blog.espol.edu.ec\/epmoran\/wp-json\/wp\/v2\/pages\/130\/revisions\/132"}],"up":[{"embeddable":true,"href":"https:\/\/blog.espol.edu.ec\/epmoran\/wp-json\/wp\/v2\/pages\/63"}],"wp:attachment":[{"href":"https:\/\/blog.espol.edu.ec\/epmoran\/wp-json\/wp\/v2\/media?parent=130"}],"curies":[{"name":"wp","href":"https:\/\/api.w.org\/{rel}","templated":true}]}}