{"id":133,"date":"2016-11-13T22:16:45","date_gmt":"2016-11-13T22:16:45","guid":{"rendered":"http:\/\/blog.espol.edu.ec\/epmoran\/?page_id=133"},"modified":"2016-11-13T22:16:45","modified_gmt":"2016-11-13T22:16:45","slug":"inmunodeficiencia-felina","status":"publish","type":"page","link":"https:\/\/blog.espol.edu.ec\/epmoran\/enfermedades-gatunas\/inmunodeficiencia-felina\/","title":{"rendered":"Inmunodeficiencia felina"},"content":{"rendered":"<p style=\"text-align: justify\"><img loading=\"lazy\" decoding=\"async\" class=\"size-medium wp-image-134 aligncenter\" src=\"http:\/\/blog.espol.edu.ec\/epmoran\/files\/2016\/11\/Inmunodeficiencia-felina-300x246.jpg\" alt=\"inmunodeficiencia-felina\" width=\"300\" height=\"246\" \/><\/p>\n<p style=\"text-align: justify\"><span style=\"color: #000000\">El virus que causa esta enfermedad es el lentivirus. Com\u00fanmente conocemos esta enfermedad como el sida felino. Su transmisi\u00f3n suele suceder en peleas y durante la reproducci\u00f3n ya que se da por mordedura de un gato enfermo a otro. Afecta mucho a los gatos adultos no esterilizados. Los s\u00edntomas que nos har\u00e1n sospechar de esta enfermedad son una depresi\u00f3n absoluta del sistema inmunitario y enfermedades secundarias oportunistas. Estas enfermedades secundarias suelen ser las que finalmente causan la muerte al gato afectado. Se est\u00e1 trabajando en encontrar una vacuna fiable, pero hay gatos que llegan a desarrollar resistencia a esta enfermedad por estar en contacto con gatos ya enfermos.<\/span><\/p>\n","protected":false},"excerpt":{"rendered":"<p>El virus que causa esta enfermedad es el lentivirus. Com\u00fanmente conocemos esta enfermedad como el sida felino. Su transmisi\u00f3n suele suceder en peleas y durante la reproducci\u00f3n ya que se da por mordedura de un gato enfermo a otro. Afecta mucho a los gatos adultos no esterilizados. Los s\u00edntomas que nos har\u00e1n sospechar de esta [&hellip;]<\/p>\n","protected":false},"author":10710,"featured_media":0,"parent":63,"menu_order":0,"comment_status":"closed","ping_status":"closed","template":"","meta":{"footnotes":""},"class_list":["post-133","page","type-page","status-publish","hentry"],"_links":{"self":[{"href":"https:\/\/blog.espol.edu.ec\/epmoran\/wp-json\/wp\/v2\/pages\/133","targetHints":{"allow":["GET"]}}],"collection":[{"href":"https:\/\/blog.espol.edu.ec\/epmoran\/wp-json\/wp\/v2\/pages"}],"about":[{"href":"https:\/\/blog.espol.edu.ec\/epmoran\/wp-json\/wp\/v2\/types\/page"}],"author":[{"embeddable":true,"href":"https:\/\/blog.espol.edu.ec\/epmoran\/wp-json\/wp\/v2\/users\/10710"}],"replies":[{"embeddable":true,"href":"https:\/\/blog.espol.edu.ec\/epmoran\/wp-json\/wp\/v2\/comments?post=133"}],"version-history":[{"count":1,"href":"https:\/\/blog.espol.edu.ec\/epmoran\/wp-json\/wp\/v2\/pages\/133\/revisions"}],"predecessor-version":[{"id":135,"href":"https:\/\/blog.espol.edu.ec\/epmoran\/wp-json\/wp\/v2\/pages\/133\/revisions\/135"}],"up":[{"embeddable":true,"href":"https:\/\/blog.espol.edu.ec\/epmoran\/wp-json\/wp\/v2\/pages\/63"}],"wp:attachment":[{"href":"https:\/\/blog.espol.edu.ec\/epmoran\/wp-json\/wp\/v2\/media?parent=133"}],"curies":[{"name":"wp","href":"https:\/\/api.w.org\/{rel}","templated":true}]}}