{"id":136,"date":"2016-11-13T22:18:41","date_gmt":"2016-11-13T22:18:41","guid":{"rendered":"http:\/\/blog.espol.edu.ec\/epmoran\/?page_id=136"},"modified":"2016-11-13T22:18:41","modified_gmt":"2016-11-13T22:18:41","slug":"peritonitis-infecciosa","status":"publish","type":"page","link":"https:\/\/blog.espol.edu.ec\/epmoran\/enfermedades-gatunas\/peritonitis-infecciosa\/","title":{"rendered":"Peritonitis infecciosa"},"content":{"rendered":"<p style=\"text-align: justify\"><img loading=\"lazy\" decoding=\"async\" class=\"size-medium wp-image-137 aligncenter\" src=\"http:\/\/blog.espol.edu.ec\/epmoran\/files\/2016\/11\/Peritonitis-infecciosa-300x225.jpg\" alt=\"peritonitis-infecciosa\" width=\"300\" height=\"225\" srcset=\"https:\/\/blog.espol.edu.ec\/epmoran\/files\/2016\/11\/Peritonitis-infecciosa-300x225.jpg 300w, https:\/\/blog.espol.edu.ec\/epmoran\/files\/2016\/11\/Peritonitis-infecciosa.jpg 600w\" sizes=\"auto, (max-width: 300px) 100vw, 300px\" \/><\/p>\n<p style=\"text-align: justify\"><span style=\"color: #000000\">En este caso el virus que provoca la enfermedad es un coronavirus que afecta m\u00e1s a los ejemplares j\u00f3venes y ocasionalmente a los mayores. Su contagio se da, sobre todo, a trav\u00e9s de las heces de los gatos infectados y cuando un gato sano las olisquea el virus se introduce por las v\u00edas respiratorias. Se presenta m\u00e1s com\u00fanmente en zonas con muchos gatos como protectoras, criaderos, colonias y otros lugares d\u00f3nde se hallen gran n\u00famero de felinos conviviendo. Los s\u00edntomas m\u00e1s notables son fiebre, anorexia, aumento del volumen del abdomen y acumulaci\u00f3n de l\u00edquido en \u00e9ste. Esto se debe a que el virus ataca a los gl\u00f3bulos blancos provocando una inflamaci\u00f3n en las membranas de las cavidades tor\u00e1cicas y abdominales. Si se da en la pleura, produce pleuritis y si afecta al peritoneo produce peritonitis. Existe vacunaci\u00f3n contra esta enfermedad, pero una vez contra\u00edda no existe cura y es mortal, por ello mejor seguir los protocolos de vacunaci\u00f3n y evitar as\u00ed que nuestro gato pueda contraerla. Solo se puede administrar tratamiento sintom\u00e1tico de apoyo para aliviar los dolores y molestias que padece el gato. La mejor prevenci\u00f3n es tener la vacunaci\u00f3n al d\u00eda, evitar situaciones que debiliten a nuestro gato y que le causen estr\u00e9s y evitar que se relacione con gatos que puedan estar enfermos.<\/span><\/p>\n","protected":false},"excerpt":{"rendered":"<p>En este caso el virus que provoca la enfermedad es un coronavirus que afecta m\u00e1s a los ejemplares j\u00f3venes y ocasionalmente a los mayores. Su contagio se da, sobre todo, a trav\u00e9s de las heces de los gatos infectados y cuando un gato sano las olisquea el virus se introduce por las v\u00edas respiratorias. Se [&hellip;]<\/p>\n","protected":false},"author":10710,"featured_media":0,"parent":63,"menu_order":0,"comment_status":"closed","ping_status":"closed","template":"","meta":{"footnotes":""},"class_list":["post-136","page","type-page","status-publish","hentry"],"_links":{"self":[{"href":"https:\/\/blog.espol.edu.ec\/epmoran\/wp-json\/wp\/v2\/pages\/136","targetHints":{"allow":["GET"]}}],"collection":[{"href":"https:\/\/blog.espol.edu.ec\/epmoran\/wp-json\/wp\/v2\/pages"}],"about":[{"href":"https:\/\/blog.espol.edu.ec\/epmoran\/wp-json\/wp\/v2\/types\/page"}],"author":[{"embeddable":true,"href":"https:\/\/blog.espol.edu.ec\/epmoran\/wp-json\/wp\/v2\/users\/10710"}],"replies":[{"embeddable":true,"href":"https:\/\/blog.espol.edu.ec\/epmoran\/wp-json\/wp\/v2\/comments?post=136"}],"version-history":[{"count":1,"href":"https:\/\/blog.espol.edu.ec\/epmoran\/wp-json\/wp\/v2\/pages\/136\/revisions"}],"predecessor-version":[{"id":138,"href":"https:\/\/blog.espol.edu.ec\/epmoran\/wp-json\/wp\/v2\/pages\/136\/revisions\/138"}],"up":[{"embeddable":true,"href":"https:\/\/blog.espol.edu.ec\/epmoran\/wp-json\/wp\/v2\/pages\/63"}],"wp:attachment":[{"href":"https:\/\/blog.espol.edu.ec\/epmoran\/wp-json\/wp\/v2\/media?parent=136"}],"curies":[{"name":"wp","href":"https:\/\/api.w.org\/{rel}","templated":true}]}}