{"id":139,"date":"2016-11-13T22:20:07","date_gmt":"2016-11-13T22:20:07","guid":{"rendered":"http:\/\/blog.espol.edu.ec\/epmoran\/?page_id=139"},"modified":"2016-11-13T22:20:07","modified_gmt":"2016-11-13T22:20:07","slug":"rabia","status":"publish","type":"page","link":"https:\/\/blog.espol.edu.ec\/epmoran\/enfermedades-gatunas\/rabia\/","title":{"rendered":"Rabia"},"content":{"rendered":"<p style=\"text-align: justify\"><img loading=\"lazy\" decoding=\"async\" class=\"size-full wp-image-140 aligncenter\" src=\"http:\/\/blog.espol.edu.ec\/epmoran\/files\/2016\/11\/Rabia.jpg\" alt=\"rabia\" width=\"252\" height=\"200\" \/><\/p>\n<p style=\"text-align: justify\"><span style=\"color: #000000\">Esta enfermedad que causa un virus est\u00e1 extendida en todo el mundo y se transmite entre diversas especies de mam\u00edferos, incluidos los humanos, por lo que se trata de una zoonosis. Se contagia a trav\u00e9s de la saliva inoculada con la mordedura de un animal infectado a otro. Por suerte est\u00e1 erradicada o al menos controlada en muchas zonas del mundo ya que existe vacunaci\u00f3n fiable, siendo obligatoria en varios pa\u00edses.<\/span><\/p>\n","protected":false},"excerpt":{"rendered":"<p>Esta enfermedad que causa un virus est\u00e1 extendida en todo el mundo y se transmite entre diversas especies de mam\u00edferos, incluidos los humanos, por lo que se trata de una zoonosis. Se contagia a trav\u00e9s de la saliva inoculada con la mordedura de un animal infectado a otro. Por suerte est\u00e1 erradicada o al menos [&hellip;]<\/p>\n","protected":false},"author":10710,"featured_media":0,"parent":63,"menu_order":0,"comment_status":"closed","ping_status":"closed","template":"","meta":{"footnotes":""},"class_list":["post-139","page","type-page","status-publish","hentry"],"_links":{"self":[{"href":"https:\/\/blog.espol.edu.ec\/epmoran\/wp-json\/wp\/v2\/pages\/139","targetHints":{"allow":["GET"]}}],"collection":[{"href":"https:\/\/blog.espol.edu.ec\/epmoran\/wp-json\/wp\/v2\/pages"}],"about":[{"href":"https:\/\/blog.espol.edu.ec\/epmoran\/wp-json\/wp\/v2\/types\/page"}],"author":[{"embeddable":true,"href":"https:\/\/blog.espol.edu.ec\/epmoran\/wp-json\/wp\/v2\/users\/10710"}],"replies":[{"embeddable":true,"href":"https:\/\/blog.espol.edu.ec\/epmoran\/wp-json\/wp\/v2\/comments?post=139"}],"version-history":[{"count":1,"href":"https:\/\/blog.espol.edu.ec\/epmoran\/wp-json\/wp\/v2\/pages\/139\/revisions"}],"predecessor-version":[{"id":141,"href":"https:\/\/blog.espol.edu.ec\/epmoran\/wp-json\/wp\/v2\/pages\/139\/revisions\/141"}],"up":[{"embeddable":true,"href":"https:\/\/blog.espol.edu.ec\/epmoran\/wp-json\/wp\/v2\/pages\/63"}],"wp:attachment":[{"href":"https:\/\/blog.espol.edu.ec\/epmoran\/wp-json\/wp\/v2\/media?parent=139"}],"curies":[{"name":"wp","href":"https:\/\/api.w.org\/{rel}","templated":true}]}}