{"id":142,"date":"2016-11-13T22:21:55","date_gmt":"2016-11-13T22:21:55","guid":{"rendered":"http:\/\/blog.espol.edu.ec\/epmoran\/?page_id=142"},"modified":"2016-11-13T22:21:55","modified_gmt":"2016-11-13T22:21:55","slug":"otras-enfermedades","status":"publish","type":"page","link":"https:\/\/blog.espol.edu.ec\/epmoran\/enfermedades-gatunas\/otras-enfermedades\/","title":{"rendered":"Otras Enfermedades"},"content":{"rendered":"<p style=\"text-align: justify\"><img loading=\"lazy\" decoding=\"async\" class=\"size-medium wp-image-143 aligncenter\" src=\"http:\/\/blog.espol.edu.ec\/epmoran\/files\/2016\/11\/gaitu-300x225.jpg\" alt=\"gaitu\" width=\"300\" height=\"225\" srcset=\"https:\/\/blog.espol.edu.ec\/epmoran\/files\/2016\/11\/gaitu-300x225.jpg 300w, https:\/\/blog.espol.edu.ec\/epmoran\/files\/2016\/11\/gaitu.jpg 600w\" sizes=\"auto, (max-width: 300px) 100vw, 300px\" \/><\/p>\n<p style=\"text-align: justify\"><span style=\"color: #000000\">En el apartado anterior hemos hablado de las enfermedades principales m\u00e1s graves, pero tambi\u00e9n queremos comentar <b>otros problemas de salud<\/b> <b>y enfermedades<\/b> <b>tambi\u00e9n comunes<\/b> e importantes que pueden padecer los gatos:<\/span><\/p>\n<ul style=\"text-align: justify\">\n<li><span style=\"color: #000000\"><b>Alergias.<\/b> Como nos sucede a nosotros, los gatos tambi\u00e9n padecen alergias de or\u00edgenes muy diversos. Puedes consultar este art\u00edculo de ExpertoAnimal para saber m\u00e1s sobre la alergia en los gatos, sus s\u00edntomas y tratamiento.<\/span><\/li>\n<\/ul>\n<ul style=\"text-align: justify\">\n<li><span style=\"color: #000000\"><b>Conjuntivitis.<\/b> Los gatos son de salud ocular delicada, por eso tienen con facilidad conjuntivitis. Puedes leer aqu\u00ed todo sobre la conjuntivitis en gatos, sus causas y s\u00edntomas.<\/span><\/li>\n<\/ul>\n<ul style=\"text-align: justify\">\n<li><span style=\"color: #000000\"><b>Enfermedad periodontal.<\/b> Esta enfermedad que se da en la boca de nuestro felino es com\u00fan sobre todo en gatos mayores y si no se trata a tiempo puede ser fatal. Tambi\u00e9n puedes consultar consejos para quitar el sarro en los gatos en nuestra web.<\/span><\/li>\n<\/ul>\n<ul style=\"text-align: justify\">\n<li><span style=\"color: #000000\"><b>Otitis.<\/b> La otitis no es solo muy com\u00fan en perros, en gatos es uno de los problemas de salud f\u00e1cilmente solucionables m\u00e1s frecuentes. Puedes consultar este art\u00edculo para saber todo sobre la otitis en los gatos.<\/span><\/li>\n<\/ul>\n<ul style=\"text-align: justify\">\n<li><span style=\"color: #000000\"><b>Obesidad y sobrepeso.<\/b> La obesidad es un problema muy frecuente en los gatos dom\u00e9sticos hoy en d\u00eda. Consulta todo sobre c\u00f3mo prevenir la obesidad en gatos.<\/span><\/li>\n<\/ul>\n<ul style=\"text-align: justify\">\n<li><span style=\"color: #000000\"><b>Resfriados.<\/b> El resfriado com\u00fan entre los gatos aunque sea solo debido a una corriente de aire es tambi\u00e9n muy frecuente en estos peque\u00f1os peludos. En este art\u00edculo podr\u00e1s consultar remedios caseros para el resfriado del gato en caso de que creas que el tuyo pueda estarlo.<\/span><\/li>\n<\/ul>\n<ul>\n<li style=\"text-align: justify\"><span style=\"color: #000000\"><b>Envenenamiento.<\/b> El envenenamiento en los gatos es m\u00e1s frecuente de lo que nos pueda parecer y se trata de un problema para la salud de nuestro felino muy grave. Aqu\u00ed podr\u00e1s consultar todo sobre el envenenamiento en gatos, sus s\u00edntomas y primeros auxilios.<\/span><\/li>\n<\/ul>\n","protected":false},"excerpt":{"rendered":"<p>En el apartado anterior hemos hablado de las enfermedades principales m\u00e1s graves, pero tambi\u00e9n queremos comentar otros problemas de salud y enfermedades tambi\u00e9n comunes e importantes que pueden padecer los gatos: Alergias. Como nos sucede a nosotros, los gatos tambi\u00e9n padecen alergias de or\u00edgenes muy diversos. Puedes consultar este art\u00edculo de ExpertoAnimal para saber m\u00e1s [&hellip;]<\/p>\n","protected":false},"author":10710,"featured_media":0,"parent":63,"menu_order":0,"comment_status":"closed","ping_status":"closed","template":"","meta":{"footnotes":""},"class_list":["post-142","page","type-page","status-publish","hentry"],"_links":{"self":[{"href":"https:\/\/blog.espol.edu.ec\/epmoran\/wp-json\/wp\/v2\/pages\/142","targetHints":{"allow":["GET"]}}],"collection":[{"href":"https:\/\/blog.espol.edu.ec\/epmoran\/wp-json\/wp\/v2\/pages"}],"about":[{"href":"https:\/\/blog.espol.edu.ec\/epmoran\/wp-json\/wp\/v2\/types\/page"}],"author":[{"embeddable":true,"href":"https:\/\/blog.espol.edu.ec\/epmoran\/wp-json\/wp\/v2\/users\/10710"}],"replies":[{"embeddable":true,"href":"https:\/\/blog.espol.edu.ec\/epmoran\/wp-json\/wp\/v2\/comments?post=142"}],"version-history":[{"count":1,"href":"https:\/\/blog.espol.edu.ec\/epmoran\/wp-json\/wp\/v2\/pages\/142\/revisions"}],"predecessor-version":[{"id":144,"href":"https:\/\/blog.espol.edu.ec\/epmoran\/wp-json\/wp\/v2\/pages\/142\/revisions\/144"}],"up":[{"embeddable":true,"href":"https:\/\/blog.espol.edu.ec\/epmoran\/wp-json\/wp\/v2\/pages\/63"}],"wp:attachment":[{"href":"https:\/\/blog.espol.edu.ec\/epmoran\/wp-json\/wp\/v2\/media?parent=142"}],"curies":[{"name":"wp","href":"https:\/\/api.w.org\/{rel}","templated":true}]}}