{"id":145,"date":"2016-11-13T22:24:36","date_gmt":"2016-11-13T22:24:36","guid":{"rendered":"http:\/\/blog.espol.edu.ec\/epmoran\/?page_id=145"},"modified":"2016-11-13T22:24:36","modified_gmt":"2016-11-13T22:24:36","slug":"prevencion-general","status":"publish","type":"page","link":"https:\/\/blog.espol.edu.ec\/epmoran\/prevencion-general\/","title":{"rendered":"Prevenci\u00f3n general"},"content":{"rendered":"<p style=\"text-align: justify\">\n<p style=\"text-align: justify\"><span style=\"color: #000000\"><img loading=\"lazy\" decoding=\"async\" class=\"size-medium wp-image-146 aligncenter\" src=\"http:\/\/blog.espol.edu.ec\/epmoran\/files\/2016\/11\/prevencion-300x200.jpg\" alt=\"prevencion\" width=\"300\" height=\"200\" srcset=\"https:\/\/blog.espol.edu.ec\/epmoran\/files\/2016\/11\/prevencion-300x200.jpg 300w, https:\/\/blog.espol.edu.ec\/epmoran\/files\/2016\/11\/prevencion.jpg 600w\" sizes=\"auto, (max-width: 300px) 100vw, 300px\" \/>Como coment\u00e1bamos al principio de este art\u00edculo, lo m\u00e1s importante para evitar que nuestro gato sufra alguna de estas enfermedades es la prevenci\u00f3n regular de los agentes que puedan causarlas. Debemos ir al veterinario de forma peri\u00f3dica y siempre que detectemos alg\u00fan s\u00edntoma o cualquier cosa que no nos encaje con el comportamiento normal de nuestro gato.<\/span><\/p>\n<p style=\"text-align: justify\"><span style=\"color: #000000\">Respetaremos el calendario de vacunaci\u00f3n, pues es vital que nuestro gato est\u00e9 vacunado ya que las vacunas que se proporcionan son precisamente para algunas enfermedades comunes y muy graves.<\/span><\/p>\n<p style=\"text-align: justify\"><span style=\"color: #000000\">Es vital que mantengamos una desparasitaci\u00f3n tanto interna como externa. En el caso de la desparasitaci\u00f3n interna existen productos como pastillas, tabletas y otros masticables con la dosis de antiparasitario adecuado para gatos. Para la desparasitaci\u00f3n externa tenemos los sprays, las pipetas o spot-on y los collares. Nunca utilizaremos ninguno de estos productos que no est\u00e9 espec\u00edficamente hecho para gatos. Pues debemos pensar que por mucho que demos menos dosis de la indicada para perros de un producto de los anteriormente mencionados es bastante probable que intoxiquemos a nuestro gato sin querer.<\/span><\/p>\n<p style=\"text-align: justify\"><span style=\"color: #000000\">Finalmente, deberemos evitar el contacto de nuestro felino con otros de los cuales desconozcamos su estado salud, sobre todo si su aspecto ya nos hace sospechar de algunos s\u00edntomas de posibles problemas y enfermedades.<\/span><\/p>\n","protected":false},"excerpt":{"rendered":"<p>Como coment\u00e1bamos al principio de este art\u00edculo, lo m\u00e1s importante para evitar que nuestro gato sufra alguna de estas enfermedades es la prevenci\u00f3n regular de los agentes que puedan causarlas. Debemos ir al veterinario de forma peri\u00f3dica y siempre que detectemos alg\u00fan s\u00edntoma o cualquier cosa que no nos encaje con el comportamiento normal de [&hellip;]<\/p>\n","protected":false},"author":10710,"featured_media":0,"parent":0,"menu_order":0,"comment_status":"closed","ping_status":"closed","template":"","meta":{"footnotes":""},"class_list":["post-145","page","type-page","status-publish","hentry"],"_links":{"self":[{"href":"https:\/\/blog.espol.edu.ec\/epmoran\/wp-json\/wp\/v2\/pages\/145","targetHints":{"allow":["GET"]}}],"collection":[{"href":"https:\/\/blog.espol.edu.ec\/epmoran\/wp-json\/wp\/v2\/pages"}],"about":[{"href":"https:\/\/blog.espol.edu.ec\/epmoran\/wp-json\/wp\/v2\/types\/page"}],"author":[{"embeddable":true,"href":"https:\/\/blog.espol.edu.ec\/epmoran\/wp-json\/wp\/v2\/users\/10710"}],"replies":[{"embeddable":true,"href":"https:\/\/blog.espol.edu.ec\/epmoran\/wp-json\/wp\/v2\/comments?post=145"}],"version-history":[{"count":1,"href":"https:\/\/blog.espol.edu.ec\/epmoran\/wp-json\/wp\/v2\/pages\/145\/revisions"}],"predecessor-version":[{"id":147,"href":"https:\/\/blog.espol.edu.ec\/epmoran\/wp-json\/wp\/v2\/pages\/145\/revisions\/147"}],"wp:attachment":[{"href":"https:\/\/blog.espol.edu.ec\/epmoran\/wp-json\/wp\/v2\/media?parent=145"}],"curies":[{"name":"wp","href":"https:\/\/api.w.org\/{rel}","templated":true}]}}