{"id":19,"date":"2016-11-08T21:26:41","date_gmt":"2016-11-08T21:26:41","guid":{"rendered":"http:\/\/blog.espol.edu.ec\/epmoran\/?page_id=19"},"modified":"2016-11-13T18:52:43","modified_gmt":"2016-11-13T18:52:43","slug":"with-me","status":"publish","type":"page","link":"https:\/\/blog.espol.edu.ec\/epmoran\/with-me\/","title":{"rendered":"Origenes"},"content":{"rendered":"<h1 class=\"style10\" style=\"text-align: center\"><strong><span style=\"color: #003300\">La leyenda<\/span><\/strong><\/h1>\n<p><img loading=\"lazy\" decoding=\"async\" class=\"size-medium wp-image-58 aligncenter\" src=\"http:\/\/blog.espol.edu.ec\/epmoran\/files\/2016\/11\/gato-momificado-300x193.jpg\" alt=\"gato-momificado\" width=\"300\" height=\"193\" srcset=\"https:\/\/blog.espol.edu.ec\/epmoran\/files\/2016\/11\/gato-momificado-300x193.jpg 300w, https:\/\/blog.espol.edu.ec\/epmoran\/files\/2016\/11\/gato-momificado.jpg 632w\" sizes=\"auto, (max-width: 300px) 100vw, 300px\" \/><\/p>\n<p class=\"style10\" style=\"text-align: justify\"><span style=\"color: #000000\">Seg\u00fan la leyenda, los gatos descienden del le\u00f3n y del mono, de quien heredaron el placer por el juego. Ciertamente, la forma de jugar de los gatos es uno de sus rasgos m\u00e1s atractivos. Son siempre imprevisibles y capaces de realizar proezas atl\u00e9ticas y agraciadas incre\u00edbles, pasan de per\u00edodos prolongados de inactividad y sue\u00f1o que aparentemente ocupan la mayor parte de su tiempo a descargas de energ\u00edas. Los gatos parecen amar las actividades l\u00fadicas. Por ello estas sesiones tienen una finalidad pr\u00e1ctica: \u00abentrenamiento\u00bb. Para poder capturar sus presas los gatos tienen que ser impetuosos y \u00e1giles, capaces de reaccionar r\u00e1pidamente y precisamente, en forma coordinada. Y para procrear, defender su territorio y mantener su posici\u00f3n en la jerarqu\u00eda local, el gato tiene que estar saludable y en buenas condiciones f\u00edsicas.<\/span><\/p>\n<p class=\"style10\" style=\"text-align: justify\"><span style=\"color: #000000\">El juego comienza a la m\u00e1s tierna edad. A partir de la tercera semana empiezan a desarrollar un extenso repertorio de comportamiento. Los mininos soban a su madre para estimular la producci\u00f3n de leche. Cuando comienza el destete, los cachorros acceden a las primeras etapas de su aprendizaje. Dan golpes con las patas, tratan de romper objetos con sus garras, y son estimulados.<\/span><\/p>\n<p class=\"style10\" style=\"text-align: center\"><strong><span style=\"color: #000000\">Anatolia<\/span><\/strong><\/p>\n<p class=\"style10\" style=\"text-align: justify\"><span style=\"color: #000000\">En Anatolia sur-occidental (Hacilar), salieron a la luz unas estatuillas de unos ocho mil anos de antiguedad, en las que est\u00e1n representadas mujeres que alimentan o juegan con gatos.<\/span><\/p>\n<p class=\"style10\" style=\"text-align: center\"><span style=\"color: #000000\"><strong>Antiguo Egipto<\/strong><\/span><\/p>\n<p class=\"style10\" style=\"text-align: justify\"><span style=\"color: #000000\">Otros hallazgos arqueol\u00f3gicos han demostrado que en Egipto, seis mil anos atr\u00e1s, exist\u00eda la cr\u00eda de gatos; por lo tanto, es probable que hayan sido los egipcios los primeros en domesticar a los gatos, al menos en gran escala.<\/span><\/p>\n<p class=\"style10\" style=\"text-align: justify\"><span style=\"color: #000000\">Se cree que todas las razas de gatos dom\u00e9sticos proceden del gato egipcio, que viv\u00eda en el valle del Nilo. Originariamente, era un gato mont\u00e9s nubio, al que los egipcios domesticaron hace m\u00e1s de 4 000 a\u00f1os. Ya entonces se comprob\u00f3 que este animal constitu\u00eda una compa\u00f1\u00eda agradable y que era un magnifico cazador de peque\u00f1os roedores y de otros animales da\u00f1inos. Pero, para este pueblo de la antig\u00fcedad, supon\u00eda algo m\u00e1s que un simple animal dom\u00e9stico. Se le tributaba una religiosa adoraci\u00f3n y la persona que her\u00eda o mataba a uno de ellos era castigada con la pena de muerte. Nunca este felino desempe\u00f1\u00f3 en la sociedad humana un papel tan importante.<\/span><\/p>\n<p class=\"style10\" style=\"text-align: justify\"><span style=\"color: #000000\">Parece ser que, en el curso de la quinta dinast\u00eda fara\u00f3nica, los peque\u00f1os felinos fueron introducidos en los templos. De esta manera, el gato domestico se convirti\u00f3 en un animal sagrado para los egipcios, que cre\u00edan que la diosa Bastet (representada por una figura de mujer con cabeza de gato) pod\u00eda vivir en el cuerpo de los gatos y sondeaba, a trav\u00e9s de los ojos de estos animales, el animo del hombre, controlando sus acciones. Tambi\u00e9n Ra, dios del sol, cre\u00edase que asum\u00eda la semblanza de un gato macho cuando descend\u00eda a la tierra.<\/span><\/p>\n<p class=\"style10\" style=\"text-align: justify\"><span style=\"color: #000000\">En el antiguo Egipto exist\u00edan leyes que imped\u00edan rigurosamente exportar gatos, y los ciudadanos egipcios que encontraban uno fuera de sus fronteras deb\u00edan intentar llevarlo a la patria. Causar la muerte de un gato, aunque fuera por accidente, era delito mas grave que el asesinato de un hombre y ven\u00eda castigado siempre con la muerte.<\/span><\/p>\n<p class=\"style10\" style=\"text-align: justify\"><span style=\"color: #000000\">Cuando un gato de casa mor\u00eda, los miembros de la familia guardaban riguroso luto y se afeitaban las cejas como signo manifiesto de su dolor. Si teman medios, los propietarios proced\u00edan a momificar el cuerpo del animal y a enterrarlo con solemnidad en un sarc\u00f3fago. En caso de incendio, el gato era el primero en ser puesto a salvo.<\/span><\/p>\n<p class=\"style10\" style=\"text-align: justify\"><span style=\"color: #000000\">Cada ni\u00f1o egipcio era consagrado a un gato desde el momento del nacimiento, y durante toda la vida deb\u00eda llevar un medall\u00f3n con la efigie del animal.<\/span><\/p>\n<p class=\"style10\" style=\"text-align: justify\"><span style=\"color: #000000\">Los antiguos egipcios fueron los primeros en domesticar los gatos salvajes. Para ellos el gato fue ya un animal dom\u00e9stico \u00fatil, pero tambi\u00e9n lo adoraron como a un ser divino: estaba consagrado a la diosa Bastet, a la que se representaba con cabeza de gato.<\/span><\/p>\n<p class=\"style10\" style=\"text-align: justify\"><span style=\"color: #000000\">Los gatos muertos se embalsamaban; se ha encontrado gran cantidad de momias de gato. A mediados del siglo XIX, en un templo levantado en honor de la diosa Bastet se hallaron 300,000 gatos momificados.<\/span><\/p>\n<p class=\"style10\" style=\"text-align: justify\"><span style=\"color: #000000\">Una de las principales fiestas religiosas egipcias se celebraba en Bubastis \u2014ciudad sobre el delta del Nilo que durante la vig\u00e9sima dinast\u00eda fara\u00f3nica se convirti\u00f3 en la capital\u2014 en honor a la diosa Bastet. Herodoto, que asisti\u00f3 a una de aquellas fiestas, en el siglo v a.C., refiri\u00f3 que cada primavera participaban mas de setecientas mil personas en dicha manifestaci\u00f3n.<\/span><\/p>\n<p class=\"style10\" style=\"text-align: justify\"><span style=\"color: #000000\">Aparte de las creencias religiosas, los gatos eran valora-dos en Egipto porque salvaguardaban de la acci\u00f3n destructora de las ratas las cosechas anuales obtenidas de las riveras del Nilo y almacenadas para hacer frente a los duros per\u00edodos de sequ\u00eda.<\/span><\/p>\n<p class=\"style10\" style=\"text-align: center\"><strong><span style=\"color: #000000\">Incas<\/span><\/strong><\/p>\n<p class=\"style10\" style=\"text-align: justify\"><span style=\"color: #000000\">Del examen de antiqu\u00edsimas cer\u00e1micas peruanas se ha demostrado que tambi\u00e9n en algunas poblaciones primitivas precedentes a la civilizaci\u00f3n inca, el gato domestico era conocido y venerado; un ulterior testimonio de los misteriosos lazos que parecen unir a la civilizaci\u00f3n egipcia con aquella de Am\u00e9rica del Sur.\u00a0<\/span><\/p>\n<p class=\"style10\" style=\"text-align: center\"><strong><span style=\"color: #000000\">India<\/span><\/strong><\/p>\n<p class=\"style10\" style=\"text-align: justify\"><span style=\"color: #000000\">Adem\u00e1s, aproximadamente en el mismo periodo en que los gatos dom\u00e9sticos se difund\u00edan en Egipto, otros gatos dom\u00e9sticos deb\u00edan de existir tambi\u00e9n en la India, como se deduce de ocasionales indicios hallados en antiguos manuscritos en s\u00e1nscrito.\u00a0<\/span><\/p>\n<p class=\"style10\" style=\"text-align: center\"><strong><span style=\"color: #000000\">\u00c1frica<\/span><\/strong><\/p>\n<p class=\"style10\" style=\"text-align: justify\"><span style=\"color: #000000\">Es, pues, licito creer que los actuales gatos dom\u00e9sticos derivan de aquellos provenientes de \u00c1frica cruzados con los importados de Asia, ya que los gatos son capaces de volver a la vida salvaje; seguramente entre los antepasados de los actuales gatos dom\u00e9sticos existen tambi\u00e9n otras especies de gatos salvajes.<\/span><\/p>\n<p class=\"style10\" style=\"text-align: center\"><strong><span style=\"color: #000000\">Fenicios y Romanos<\/span><\/strong><\/p>\n<p class=\"style10\" style=\"text-align: justify\"><span style=\"color: #000000\">Si a los antiguos egipcios y a los indios (no mencionaremos a las antiguas poblaciones peruanas, ya que en el momento del descubrimiento de Am\u00e9rica el gato domestico resultaba desconocido en ese continente) se puede atribuir el merito de haber domesticado a los felinos, a los fenicios y, sobre todo, a los romanos debemos, aunque en \u00e9poca imprecisa, su difusi\u00f3n en Europa.<\/span><\/p>\n<p class=\"style10\" style=\"text-align: center\"><strong><span style=\"color: #000000\">S\u00edmbolo de victoria<\/span><\/strong><\/p>\n<p class=\"style10\" style=\"text-align: justify\"><span style=\"color: #000000\">Para los romanos, los gatos eran s\u00edmbolos de victoria, y se los llevaban con ellos all\u00ed donde fuesen sus legiones. De esta manera, fueron conocidos en todos los pa\u00edses que formaban parte del Imperio, incluida la Breta\u00f1a, donde, a pesar de existir en abundancia gatos salvajes, el gato domestico se desconoc\u00eda.\u00a0<\/span><\/p>\n<p class=\"style10\" style=\"text-align: center\"><strong><span style=\"color: #000000\">La diosa Libertas<\/span><\/strong><\/p>\n<p class=\"style10\" style=\"text-align: justify\"><span style=\"color: #000000\">Los romanos apreciaban el esp\u00edritu de independencia del felino domestico, hasta el punto de que la diosa Libertas era representada con la imagen de un gato, s\u00edmbolo de absoluta libertad. En el siglo I d.C. fueron proclamadas, en Roma, leyes severas para la protecci\u00f3n del gato.<\/span><\/p>\n<p class=\"style10\" style=\"text-align: center\"><strong><span style=\"color: #000000\">Europa: edad media (supersticiones y brujer\u00edas)<\/span><\/strong><\/p>\n<p class=\"style10\" style=\"text-align: justify\"><span style=\"color: #000000\">Con la llegada de la Edad Media empezaron los tiempos duros para los gatos. La ignorante superstici\u00f3n empujo a la matanza sistem\u00e1tica de estos animales. Bastaba la posesi\u00f3n de un gato para poder acusar a una persona de brujer\u00eda, y si se trataba de un gato negro, la condena era segura.<\/span><\/p>\n<p class=\"style10\" style=\"text-align: justify\"><span style=\"color: #000000\">Fueron b\u00e1rbaramente asesinados centenares de miles de hombres y millones de gatos, que eran torturados de todas las formas. Durante los siglos oscuros, la persecuci\u00f3n de los gatos fue activ\u00edsima en toda la beata Europa (tanto, que sorprende que no se llegase a la completa extinci\u00f3n de este animal), sobre todo en Inglaterra, Alemania y Francia, pa\u00eds, este ultimo, donde era usanza festejar el d\u00eda de los Santos quemando en las plazas publicas cestas, barriles y sacos llenos de gatos vivos. Esta costumbre, dif\u00edcil de decir si mas idiota y cruel que blasfema, fue definitivamente abolida en el ano 1648.<\/span><\/p>\n<p class=\"style10\" style=\"text-align: justify\"><span style=\"color: #000000\">De la loca persecuci\u00f3n en perjuicio de los gatos efectuada por la civilizaci\u00f3n europea de la Edad Media \u2014tan diferente de las civilizaciones egipcia y romana\u2014 se beneficiaron, sobre todo, las ratas, que se multiplicaron en numero vertiginoso, invadiendo los campos, pueblos y ciudades, destruyendo enormes cantidades de genero alimenticio y difundiendo la peste.\u00a0<\/span><\/p>\n<p class=\"style10\" style=\"text-align: center\"><strong><span style=\"color: #000000\">Europa siglo xx<\/span><\/strong><\/p>\n<p class=\"style10\" style=\"text-align: justify\"><span style=\"color: #000000\">Solo en el siglo xix los europeos empezaron a darse cuenta de la importancia de los gatos. Recordemos, por otra parte, que en Australia el gato era completamente desconocido (en el nov\u00edsimo Continente faltaban tambi\u00e9n felinos de otros g\u00e9neros), hasta que no fueron importados por los primeros colonizadores europeos.<\/span><\/p>\n<p class=\"style10\" style=\"text-align: center\"><strong><span style=\"color: #000000\">Actualmente<\/span><\/strong><\/p>\n<p class=\"style10\" style=\"text-align: justify\"><span style=\"color: #000000\">Actualmente, en muchos pa\u00edses, reglamentos especiales protegen a los gatos de los malos tratos. Existen leyes que prev\u00e9n, entre otros, el derecho del propietario de un gato a ser recompensado por quien hiere o mata al animal, y otras que condenan a penas a los propietarios que no protegen a su gato de actos de crueldad y de in\u00fatiles sufrimientos, como por ejemplo de intervenciones quir\u00fargicas sin anestesia. En algunas ciudades de los Estados Unidos de Am\u00e9rica los gatos est\u00e1n registrados y deben llevar en el cuello una pequena campanilla.<\/span><\/p>\n","protected":false},"excerpt":{"rendered":"<p>La leyenda Seg\u00fan la leyenda, los gatos descienden del le\u00f3n y del mono, de quien heredaron el placer por el juego. Ciertamente, la forma de jugar de los gatos es uno de sus rasgos m\u00e1s atractivos. Son siempre imprevisibles y capaces de realizar proezas atl\u00e9ticas y agraciadas incre\u00edbles, pasan de per\u00edodos prolongados de inactividad y [&hellip;]<\/p>\n","protected":false},"author":10710,"featured_media":0,"parent":0,"menu_order":0,"comment_status":"closed","ping_status":"closed","template":"","meta":{"footnotes":""},"class_list":["post-19","page","type-page","status-publish","hentry"],"_links":{"self":[{"href":"https:\/\/blog.espol.edu.ec\/epmoran\/wp-json\/wp\/v2\/pages\/19","targetHints":{"allow":["GET"]}}],"collection":[{"href":"https:\/\/blog.espol.edu.ec\/epmoran\/wp-json\/wp\/v2\/pages"}],"about":[{"href":"https:\/\/blog.espol.edu.ec\/epmoran\/wp-json\/wp\/v2\/types\/page"}],"author":[{"embeddable":true,"href":"https:\/\/blog.espol.edu.ec\/epmoran\/wp-json\/wp\/v2\/users\/10710"}],"replies":[{"embeddable":true,"href":"https:\/\/blog.espol.edu.ec\/epmoran\/wp-json\/wp\/v2\/comments?post=19"}],"version-history":[{"count":4,"href":"https:\/\/blog.espol.edu.ec\/epmoran\/wp-json\/wp\/v2\/pages\/19\/revisions"}],"predecessor-version":[{"id":59,"href":"https:\/\/blog.espol.edu.ec\/epmoran\/wp-json\/wp\/v2\/pages\/19\/revisions\/59"}],"wp:attachment":[{"href":"https:\/\/blog.espol.edu.ec\/epmoran\/wp-json\/wp\/v2\/media?parent=19"}],"curies":[{"name":"wp","href":"https:\/\/api.w.org\/{rel}","templated":true}]}}