{"id":190,"date":"2016-11-15T15:18:12","date_gmt":"2016-11-15T20:18:12","guid":{"rendered":"http:\/\/blog.espol.edu.ec\/epmoran\/?page_id=190"},"modified":"2016-11-15T15:18:12","modified_gmt":"2016-11-15T20:18:12","slug":"scottish-fold","status":"publish","type":"page","link":"https:\/\/blog.espol.edu.ec\/epmoran\/sol\/scottish-fold\/","title":{"rendered":"Scottish Fold"},"content":{"rendered":"<p><img loading=\"lazy\" decoding=\"async\" class=\"size-medium wp-image-99 aligncenter\" src=\"http:\/\/blog.espol.edu.ec\/epmoran\/files\/2016\/11\/scottish-fold-300x225.png\" alt=\"scottish-fold\" width=\"300\" height=\"225\" srcset=\"https:\/\/blog.espol.edu.ec\/epmoran\/files\/2016\/11\/scottish-fold-300x225.png 300w, https:\/\/blog.espol.edu.ec\/epmoran\/files\/2016\/11\/scottish-fold.png 620w\" sizes=\"auto, (max-width: 300px) 100vw, 300px\" \/><\/p>\n<p style=\"text-align: justify\">El <b>Fold escoc\u00e9s<\/b> es una raza de gato originaria de Escocia, Reino Unido, de una estructura \u00f3sea mediana y una gran musculatura. Posee pies redondos y una cola gruesa de tama\u00f1o medio. Su cabeza es muy redondeada, con las peque\u00f1as orejas plegadas. La nariz es chata y corta y posee unos p\u00f3mulos salientes. Su pelaje es corto, aunque existe una versi\u00f3n llamada <i>Highland Fold<\/i> que lo tiene semilargo. No tienen un color espec\u00edfico, y poseen un car\u00e1cter fuerte y un gran instinto cazador. Fue reconocida como tal en 1974.<\/p>\n<p style=\"text-align: justify\">Aunque se ha hablado de gatos chinos de orejas ca\u00eddas, no se puede decir con certeza que este felino sea un antepasado del <i>Scottish Fold<\/i>. Otros gatos de orejas ca\u00eddas nacieron en Escocia en 1961 y fueron seleccionados para crear la raza. El primero en aparecer fue una hembra sueca llamada Susie, una gata blanca nacida en 1961. Fue recogida de la calle por un matrimonio, quienes algunos meses m\u00e1s tarde decidieron cruzarla con un British Shorthair, y en 1966 decidieron registrar a sus cr\u00edas como <i>Folds<\/i>. Su principal caracter\u00edstica son sus orejas, las que seg\u00fan los estudios realizados bastaba con que uno de los progenitores posea el gen para poder heredarlas.<\/p>\n<p style=\"text-align: justify\">Posee una cabeza ancha y redonda, pero lo que la diferencia de los dem\u00e1s son sus orejas peque\u00f1as y plegadas hacia delante y abajo, unos ojos redondos separados por una nariz ancha. No tienen un color espec\u00edfico, y su cuello es fuerte y estrecho. Su musculatura es generalmente robusta, con una forma compacta, aunque suelen pesar muy poco. Sus extremidades son de un largo normal, aunque se han dado muchos casos de colas muy cortas y gruesas con la punta redonda. Estas anomal\u00edas provocaron su prohibici\u00f3n en las exposiciones brit\u00e1nicas durante un tiempo, hasta que grupos interesados se dedicaron a la cr\u00eda para intentar que todas saliesen bien. Su pelo es muy corto, el\u00e1stico y muy suave.<\/p>\n","protected":false},"excerpt":{"rendered":"<p>El Fold escoc\u00e9s es una raza de gato originaria de Escocia, Reino Unido, de una estructura \u00f3sea mediana y una gran musculatura. Posee pies redondos y una cola gruesa de tama\u00f1o medio. Su cabeza es muy redondeada, con las peque\u00f1as orejas plegadas. La nariz es chata y corta y posee unos p\u00f3mulos salientes. Su pelaje [&hellip;]<\/p>\n","protected":false},"author":10710,"featured_media":0,"parent":17,"menu_order":0,"comment_status":"closed","ping_status":"closed","template":"","meta":{"footnotes":""},"class_list":["post-190","page","type-page","status-publish","hentry"],"_links":{"self":[{"href":"https:\/\/blog.espol.edu.ec\/epmoran\/wp-json\/wp\/v2\/pages\/190","targetHints":{"allow":["GET"]}}],"collection":[{"href":"https:\/\/blog.espol.edu.ec\/epmoran\/wp-json\/wp\/v2\/pages"}],"about":[{"href":"https:\/\/blog.espol.edu.ec\/epmoran\/wp-json\/wp\/v2\/types\/page"}],"author":[{"embeddable":true,"href":"https:\/\/blog.espol.edu.ec\/epmoran\/wp-json\/wp\/v2\/users\/10710"}],"replies":[{"embeddable":true,"href":"https:\/\/blog.espol.edu.ec\/epmoran\/wp-json\/wp\/v2\/comments?post=190"}],"version-history":[{"count":1,"href":"https:\/\/blog.espol.edu.ec\/epmoran\/wp-json\/wp\/v2\/pages\/190\/revisions"}],"predecessor-version":[{"id":191,"href":"https:\/\/blog.espol.edu.ec\/epmoran\/wp-json\/wp\/v2\/pages\/190\/revisions\/191"}],"up":[{"embeddable":true,"href":"https:\/\/blog.espol.edu.ec\/epmoran\/wp-json\/wp\/v2\/pages\/17"}],"wp:attachment":[{"href":"https:\/\/blog.espol.edu.ec\/epmoran\/wp-json\/wp\/v2\/media?parent=190"}],"curies":[{"name":"wp","href":"https:\/\/api.w.org\/{rel}","templated":true}]}}