{"id":63,"date":"2016-11-13T19:15:10","date_gmt":"2016-11-13T19:15:10","guid":{"rendered":"http:\/\/blog.espol.edu.ec\/epmoran\/?page_id=63"},"modified":"2016-11-13T22:02:19","modified_gmt":"2016-11-13T22:02:19","slug":"enfermedades-gatunas","status":"publish","type":"page","link":"https:\/\/blog.espol.edu.ec\/epmoran\/enfermedades-gatunas\/","title":{"rendered":"Enfermedades Gatunas"},"content":{"rendered":"<p style=\"text-align: justify\"><span style=\"color: #000000\">Si eres due\u00f1o de un gato o est\u00e1s pensando en acoger a uno en tu familia debes informarte de muchas cosas importantes para sus cuidados. Entre las cosas m\u00e1s importantes de las que debemos tener una base de conocimiento para atender a nuestro felino debidamente, se encuentran las enfermedades que \u00e9ste puede padecer.<\/span><\/p>\n<p style=\"text-align: justify\"><span style=\"color: #000000\">En Meow's Blog\u00a0te vamos a contar cu\u00e1les son las enfermedades m\u00e1s comunes de los gatos. Recordamos que la mejor forma de prevenci\u00f3n ante cualquiera de estas enfermedades es llevar al d\u00eda las visitas al veterinario y cumplir con la vacunaci\u00f3n.<\/span><\/p>\n<p style=\"text-align: justify\"><span style=\"color: #000000\">Como cualquier ser vivo los felinos tambi\u00e9n pueden padecer diversas enfermedades, algunas m\u00e1s graves que otras. Resulta ser que en el caso de los gatos, <b>la inmensa mayor\u00eda de estas enfermedades son causadas por distintos virus<\/b>. Por suerte, con la prevenci\u00f3n adecuada se pueden llegar a evitar muchas, pues para algunas ya existen vacunas.<\/span><\/p>\n","protected":false},"excerpt":{"rendered":"<p>Si eres due\u00f1o de un gato o est\u00e1s pensando en acoger a uno en tu familia debes informarte de muchas cosas importantes para sus cuidados. Entre las cosas m\u00e1s importantes de las que debemos tener una base de conocimiento para atender a nuestro felino debidamente, se encuentran las enfermedades que \u00e9ste puede padecer. En Meow's [&hellip;]<\/p>\n","protected":false},"author":10710,"featured_media":0,"parent":0,"menu_order":0,"comment_status":"closed","ping_status":"closed","template":"","meta":{"footnotes":""},"class_list":["post-63","page","type-page","status-publish","hentry"],"_links":{"self":[{"href":"https:\/\/blog.espol.edu.ec\/epmoran\/wp-json\/wp\/v2\/pages\/63","targetHints":{"allow":["GET"]}}],"collection":[{"href":"https:\/\/blog.espol.edu.ec\/epmoran\/wp-json\/wp\/v2\/pages"}],"about":[{"href":"https:\/\/blog.espol.edu.ec\/epmoran\/wp-json\/wp\/v2\/types\/page"}],"author":[{"embeddable":true,"href":"https:\/\/blog.espol.edu.ec\/epmoran\/wp-json\/wp\/v2\/users\/10710"}],"replies":[{"embeddable":true,"href":"https:\/\/blog.espol.edu.ec\/epmoran\/wp-json\/wp\/v2\/comments?post=63"}],"version-history":[{"count":3,"href":"https:\/\/blog.espol.edu.ec\/epmoran\/wp-json\/wp\/v2\/pages\/63\/revisions"}],"predecessor-version":[{"id":117,"href":"https:\/\/blog.espol.edu.ec\/epmoran\/wp-json\/wp\/v2\/pages\/63\/revisions\/117"}],"wp:attachment":[{"href":"https:\/\/blog.espol.edu.ec\/epmoran\/wp-json\/wp\/v2\/media?parent=63"}],"curies":[{"name":"wp","href":"https:\/\/api.w.org\/{rel}","templated":true}]}}